{"id":5736,"date":"2026-05-12T11:48:09","date_gmt":"2026-05-12T09:48:09","guid":{"rendered":"https:\/\/jeremias.fr\/fabricant-conduit-tubage\/?page_id=5736"},"modified":"2026-05-12T13:46:31","modified_gmt":"2026-05-12T11:46:31","slug":"offre-emploi-directeur-administratif-financier-lentilly-69210","status":"publish","type":"page","link":"https:\/\/jeremias.fr\/fabricant-conduit-tubage\/recrutement-et-stages\/offre-emploi-directeur-administratif-financier-lentilly-69210\/","title":{"rendered":"Offre d&#8217;emploi : Directeur(trice) administratif &#038; financier (H\/F) &#8211; Lentilly (69210)"},"content":{"rendered":"","protected":false},"excerpt":{"rendered":"","protected":false},"author":3,"featured_media":0,"parent":1351,"menu_order":0,"comment_status":"closed","ping_status":"closed","template":"templates\/template-edito.php","meta":{"inline_featured_image":false},"acf":{"introduction":"<p>Depuis plus de <strong>45 ans<\/strong>, le <strong>Groupe JEREMIAS<\/strong> est un acteur majeur \u00e0 l\u2019\u00e9chelle internationale dans la <strong>conception, la fabrication et la distribution de conduits de fum\u00e9e et de syst\u00e8mes de ventilation<\/strong> pour le b\u00e2timent, qu\u2019il s\u2019agisse d\u2019applications domestiques, tertiaires, collectives ou industrielles.<\/p>\n<p>Pr\u00e9sent dans <strong>14 pays<\/strong> et fort de <strong>10 sites de production<\/strong>, JEREMIAS est reconnu pour son <strong>capacit\u00e9 d\u2019innovation<\/strong>, son <strong>exigence technique<\/strong> et son <strong>engagement client<\/strong>.<\/p>\n<p>Au sein du groupe, <strong>Jeremias France<\/strong> agit chaque jour pour rendre les b\u00e2timents et installations plus performants \u00e9nerg\u00e9tiquement, plus fiables et plus durables, gr\u00e2ce \u00e0 une approche globale qui relie ing\u00e9nierie, fabrication et accompagnement terrain.<\/p>\n<p>&nbsp;<\/p>\n<p>Notre ambition est claire : <strong>Faire de la ma\u00eetrise des flux, du feu \u00e0 l\u2019air, un levier concret de performance \u00e9nerg\u00e9tique.<\/strong><\/p>\n<p>&nbsp;<\/p>\n<p><strong>Nos domaines d\u2019expertise :<\/strong><\/p>\n<p><strong>&#8211; La fumisterie<\/strong>, c\u0153ur historique de notre savoir-faire, pour s\u00e9curiser et optimiser l\u2019\u00e9vacuation des fum\u00e9es<br \/>\n<strong>&#8211; La ventilation<\/strong>, pour garantir confort, s\u00e9curit\u00e9 et efficacit\u00e9 \u00e9nerg\u00e9tique<br \/>\n<strong>&#8211; Les projets industriels<\/strong>, avec des solutions sur mesure r\u00e9pondant aux plus hautes exigences techniques<\/p>\n<p>&nbsp;<\/p>\n<p>Nous int\u00e9grons prochainement <strong>un(e) directeur(trice) administratif et financier.<\/strong><\/p>\n","sous_rubriques":[{"titre":"1. Contexte et Objectifs","blocs":[{"acf_fc_layout":"bloc_de_texte","texte":"<p><strong>Un r\u00f4le strat\u00e9gique, au c\u0153ur de l\u2019entreprise<\/strong><\/p>\n<p>V\u00e9ritable <strong>bras droit du dirigeant<\/strong>, vous jouez un r\u00f4le cl\u00e9 dans la <strong>structuration, le pilotage et le d\u00e9veloppement<\/strong> de Jeremias France, en assurant la gestion financi\u00e8re, administrative et juridique, ainsi que la supervision des syst\u00e8mes d\u2019information.<br \/>\nVous garantissez la fiabilit\u00e9 des informations financi\u00e8res, optimisez les processus et accompagnez la prise de d\u00e9cision strat\u00e9gique, en lien \u00e9troit avec le <strong>groupe JEREMIAS<\/strong>.<\/p>\n<p>Au-del\u00e0 des chiffres, vous incarnez une <strong>vision<\/strong>, favorisez la <strong>confiance<\/strong>, la <strong>coop\u00e9ration<\/strong> et la <strong>p\u00e9dagogie<\/strong> aupr\u00e8s de l\u2019ensemble des \u00e9quipes.<\/p>\n"}]},{"titre":"2. Vos missions principales","blocs":[{"acf_fc_layout":"bloc_de_texte","texte":"<p><strong>2.1. Gestion Financi\u00e8re<\/strong><\/p>\n<ul>\n<li>Piloter la <strong>comptabilit\u00e9<\/strong> et garantir la fiabilit\u00e9 des donn\u00e9es comptables et fiscales<\/li>\n<li><strong>Planifier<\/strong>, anticiper et g\u00e9rer la tr\u00e9sorerie en optimisant les co\u00fbts de financement<\/li>\n<li><strong>Piloter le contr\u00f4le de gestion<\/strong> : concevoir, d\u00e9ployer et analyser des reportings, tableaux de bord, budgets et pr\u00e9visionnels pour le pilotage de l\u2019entreprise aupr\u00e8s du groupe<\/li>\n<li>Repr\u00e9senter l\u2019entreprise aupr\u00e8s des <strong>consultants financiers<\/strong><\/li>\n<\/ul>\n<p><strong>\u00a0<\/strong><\/p>\n<p><strong>2.2. Gestion Administrative et Juridique<\/strong><\/p>\n<ul>\n<li>Veiller au <strong>respect du cadre l\u00e9gal<\/strong> et r\u00e9glementaire en vigueur<\/li>\n<li><strong>Contr\u00f4ler les contrats juridiques<\/strong> (assurances, prestataires, sous-traitants) et suivre les contentieux<\/li>\n<li>G\u00e9rer la relation et n\u00e9gocier avec les <strong>partenaires ext\u00e9rieurs<\/strong> (banques, commissaires aux<\/li>\n<li>comptes, administrations)<\/li>\n<li>Organiser la tenue des <strong>assembl\u00e9es g\u00e9n\u00e9rale<\/strong>s et g\u00e9rer les dossiers strat\u00e9giques (fusion, acquisition, etc.)<\/li>\n<li>Assurer une veille juridique, r\u00e9glementaire et \u00e9conomique du secteur d\u2019activit\u00e9<\/li>\n<\/ul>\n<p><strong>\u00a0<\/strong><\/p>\n<p><strong>2.3. Gestion des Ressources Humaines<\/strong><\/p>\n<ul>\n<li>Garantir l\u2019application du <strong>Code du Travail<\/strong> et de la convention collective<\/li>\n<li>Assurer les relations avec le <strong>Comit\u00e9 Social et \u00c9conomique<\/strong> (CSE)<\/li>\n<li>Superviser l\u2019<strong>administration du personnel<\/strong> : paie, cong\u00e9s, dossiers des salari\u00e9s<\/li>\n<\/ul>\n<p><strong>\u00a0<\/strong><\/p>\n<p><strong>2.4. Gestion du syst\u00e8me d\u2019Information<\/strong><\/p>\n<ul>\n<li>Concevoir et d\u00e9ployer la <strong>strat\u00e9gie SI<\/strong> en coh\u00e9rence avec les besoins de l\u2019entreprise<\/li>\n<li>Assurer la coh\u00e9rence et la <strong>structuration du SI<\/strong> en \u00e9vitant les outils non ma\u00eetris\u00e9s ou non s\u00e9curis\u00e9s<\/li>\n<li><strong>Maintenir et am\u00e9liorer<\/strong> les fonctionnalit\u00e9s sur Business Central, Power BI et Power Platform<\/li>\n<li>G\u00e9rer une partie des tickets li\u00e9s \u00e0 l\u2019<strong>IT<\/strong> et assurer la maintenance des syst\u00e8mes<\/li>\n<li>G\u00e9rer les <strong>outils d\u2019information de l\u2019entreprise<\/strong><\/li>\n<\/ul>\n"}]},{"titre":"3. Ce que nous attendons de vous","blocs":[{"acf_fc_layout":"bloc_de_texte","texte":"<p><strong>3.1. Les comp\u00e9tences cl\u00e9s<\/strong><\/p>\n<ul>\n<li><strong>Fiabilit\u00e9<\/strong> et <strong>transparence<\/strong> des donn\u00e9es financi\u00e8res et comptables<\/li>\n<li><strong>Optimisation<\/strong> de la gestion de tr\u00e9sorerie et des co\u00fbts financiers<\/li>\n<li><strong>Respect<\/strong> des obligations l\u00e9gales et r\u00e9glementaires<\/li>\n<li><strong>Am\u00e9lioration continue<\/strong> des processus administratifs et des outils de gestion<\/li>\n<li>D\u00e9veloppement d\u2019un environnement de travail structur\u00e9 et efficace<\/li>\n<li><strong>Anglais professionnel courant<\/strong> (niveau C1)<\/li>\n<li>Solide <strong>expertise en finance<\/strong>, comptabilit\u00e9 et contr\u00f4le de gestion<\/li>\n<li>Ma\u00eetrise des <strong>syst\u00e8mes d\u2019information<\/strong> et outils de pilotage<\/li>\n<li><strong>Capacit\u00e9 d\u2019analyse<\/strong>, esprit de synth\u00e8se et vision strat\u00e9gique<\/li>\n<\/ul>\n<p>&nbsp;<\/p>\n<p><strong>3.2. Connaissance des outils et syst\u00e8mes utilis\u00e9s<\/strong><\/p>\n<ul>\n<li>Business Central (BC)<\/li>\n<li>CRM Dynamics<\/li>\n<li>Power BI, Automate, Power Platform<\/li>\n<li>Office 365<\/li>\n<li>Payfit<\/li>\n<\/ul>\n<p>&nbsp;<\/p>\n<p><strong>3.3. Les qualit\u00e9s humaines<\/strong><\/p>\n<p>&nbsp;<\/p>\n<ul>\n<li>Esprit d\u2019\u00e9quipe et sens du collectif<\/li>\n<li>Adaptabilit\u00e9 dans un environnement \u00e9volutif<\/li>\n<li>Implication et sens des responsabilit\u00e9s<\/li>\n<li>Capacit\u00e9 \u00e0 instaurer une relation de confiance durable avec les \u00e9quipes et le groupe<\/li>\n<li>P\u00e9dagogie et communication claire, m\u00eame sur des sujets complexes<\/li>\n<li>R\u00e9sistance au stress et \u00e0 la pression<\/li>\n<\/ul>\n<p>&nbsp;<\/p>\n<p><strong>3.4. Les conditions physiques et cognitives<\/strong><\/p>\n<ul>\n<li><strong>Gestion du stress <\/strong>face aux p\u00e9riodes de cl\u00f4ture mensuelle ou annuelle<\/li>\n<li><strong>Endurance physique et bonne posture<\/strong> pour le travail prolong\u00e9 en position assise<\/li>\n<li><strong>Capacit\u00e9 de concentration <\/strong>sur de longues p\u00e9riodes<\/li>\n<\/ul>\n"}]},{"titre":"4. Les interactions et collaborations avec les parties prenantes","blocs":[{"acf_fc_layout":"bloc_de_texte","texte":"<ul>\n<li><strong>Collaboration<\/strong> avec tous les services, en particulier avec la direction et le groupe<\/li>\n<li>Gestion de l\u2019<strong>\u00e9quipe financi\u00e8re<\/strong><\/li>\n<li>\u00c9changes r\u00e9guliers avec les <strong>partenaires externes<\/strong> (banques, cabinet comptable, avocats)<\/li>\n<li><strong>Coordination<\/strong> avec les \u00e9quipes IT et SI pour le d\u00e9veloppement des outils digitaux<\/li>\n<li>Relation avec la <strong>direction financi\u00e8re groupe<\/strong><\/li>\n<\/ul>\n"}]},{"titre":"5. Les d\u00e9fis du poste","blocs":[{"acf_fc_layout":"bloc_de_texte","texte":"<p><strong>Ce qui fait la richesse du r\u00f4le :<\/strong><\/p>\n<ul>\n<li><strong>Construire<\/strong> une relation de confiance durable avec l\u2019\u00e9quipe<\/li>\n<li><strong>Assurer<\/strong> le quotidien et l\u2019int\u00e9grer dans la vision de l\u2019entreprise<\/li>\n<li>Faire preuve de <strong>p\u00e9dagogie<\/strong> aupr\u00e8s des \u00e9quipes pour valoriser la vie financi\u00e8re de l\u2019entreprise<\/li>\n<\/ul>\n<p><strong>\u00a0<\/strong><\/p>\n<p><strong>Ce qui demande de l\u2019agilit\u00e9 :<\/strong><\/p>\n<ul>\n<li><strong>\u00catre \u00e0 l\u2019\u00e9coute<\/strong> des besoins et d\u00e9velopper des outils agiles de suivi<\/li>\n<li>R\u00e9aliser certaines <strong>t\u00e2ches administratives<\/strong><\/li>\n<li>Assurer un lien de <strong>confiance<\/strong> avec le groupe<\/li>\n<\/ul>\n"}]},{"titre":"6. Notre environnement de travail","blocs":[{"acf_fc_layout":"bloc_de_texte","texte":"<p><strong>Chez Jeremias, nous cultivons :<\/strong><\/p>\n<ul>\n<li>Une <strong>organisation claire<\/strong>, avec des r\u00f4les et responsabilit\u00e9s d\u00e9finis<\/li>\n<li>Un <strong>cadre de travail structur\u00e9<\/strong>, propice \u00e0 l\u2019efficacit\u00e9<\/li>\n<li>Une culture bas\u00e9e sur la <strong>confiance<\/strong>, la <strong>collaboration<\/strong> et l\u2019<strong>engagement<\/strong><\/li>\n<li>Une volont\u00e9 permanente d\u2019am\u00e9liorer nos outils et pratiques<\/li>\n<\/ul>\n"}]},{"titre":"7. Ce que nous vous proposons","blocs":[{"acf_fc_layout":"bloc_de_texte","texte":"<ul>\n<li><strong>CDI \u2013 39h<\/strong><\/li>\n<li>Poste bas\u00e9 \u00e0 <strong>Lentilly (69)<\/strong><\/li>\n<li>Un environnement de travail dynamique et stimulant<\/li>\n<li>Une <strong>formation compl\u00e8te<\/strong> \u00e0 nos produits, outils et organisation<\/li>\n<li>Une <strong>r\u00e9mun\u00e9ration attractive<\/strong>, \u00e0 la hauteur de votre engagement et de vos responsabilit\u00e9s<\/li>\n<li>De r\u00e9elles perspectives d\u2019impact et de d\u00e9veloppement au sein d\u2019un groupe international\u2026 profond\u00e9ment humain<\/li>\n<\/ul>\n"}]},{"titre":"Postuler chez Jeremias","blocs":[{"acf_fc_layout":"bloc_de_texte","texte":"<p>=&gt; <strong>Envie de donner du sens \u00e0 votre expertise financi\u00e8re et de vous engager dans une aventure collective ? Rejoignez-nous, <\/strong>envoyez-nous votre CV et lettre de motivation en <strong><em><a href=\"mailto:frederic.saez@jeremias.fr\">cliquant ici.<\/a><\/em><\/strong><\/p>\n"}]}],"utiliser_layout_presta":true,"produits_suggeres":[]},"yoast_head":"<!-- This site is optimized with the Yoast SEO plugin v19.2 - https:\/\/yoast.com\/wordpress\/plugins\/seo\/ -->\n<title>Offre d&#039;emploi : Directeur(trice) administratif et financier \u00e0 Lentilly (69)<\/title>\n<meta name=\"description\" content=\"Vous \u00eates actuellement en recherche d&#039;emploi ? D\u00e9couvrez notre offre si vous cherchez plus qu&#039;un simple travail !\" \/>\n<meta name=\"robots\" content=\"index, follow, max-snippet:-1, max-image-preview:large, max-video-preview:-1\" \/>\n<link rel=\"canonical\" href=\"https:\/\/jeremias.fr\/fabricant-conduit-tubage\/recrutement-et-stages\/offre-emploi-directeur-administratif-financier-lentilly-69210\/\" \/>\n<meta property=\"og:locale\" content=\"fr_FR\" \/>\n<meta property=\"og:type\" content=\"article\" \/>\n<meta property=\"og:title\" content=\"Offre d&#039;emploi : Directeur(trice) administratif et financier \u00e0 Lentilly (69)\" \/>\n<meta property=\"og:description\" content=\"Vous \u00eates actuellement en recherche d&#039;emploi ? D\u00e9couvrez notre offre si vous cherchez plus qu&#039;un simple travail !\" \/>\n<meta property=\"og:url\" content=\"https:\/\/jeremias.fr\/fabricant-conduit-tubage\/recrutement-et-stages\/offre-emploi-directeur-administratif-financier-lentilly-69210\/\" \/>\n<meta property=\"og:site_name\" content=\"Jeremias\" \/>\n<meta property=\"article:modified_time\" content=\"2026-05-12T11:46:31+00:00\" \/>\n<meta name=\"author\" content=\"Charline\" \/>\n<meta name=\"twitter:card\" content=\"summary_large_image\" \/>\n<script type=\"application\/ld+json\" class=\"yoast-schema-graph\">{\"@context\":\"https:\/\/schema.org\",\"@graph\":[{\"@type\":\"WebSite\",\"@id\":\"https:\/\/jeremias.fr\/fabricant-conduit-tubage\/#website\",\"url\":\"https:\/\/jeremias.fr\/fabricant-conduit-tubage\/\",\"name\":\"Jeremias\",\"description\":\"Conduits de fum\u00e9e\",\"potentialAction\":[{\"@type\":\"SearchAction\",\"target\":{\"@type\":\"EntryPoint\",\"urlTemplate\":\"https:\/\/jeremias.fr\/fabricant-conduit-tubage\/?s={search_term_string}\"},\"query-input\":\"required name=search_term_string\"}],\"inLanguage\":\"fr-FR\"},{\"@type\":\"WebPage\",\"@id\":\"https:\/\/jeremias.fr\/fabricant-conduit-tubage\/recrutement-et-stages\/offre-emploi-directeur-administratif-financier-lentilly-69210\/#webpage\",\"url\":\"https:\/\/jeremias.fr\/fabricant-conduit-tubage\/recrutement-et-stages\/offre-emploi-directeur-administratif-financier-lentilly-69210\/\",\"name\":\"Offre d'emploi : Directeur(trice) administratif et financier \u00e0 Lentilly (69)\",\"isPartOf\":{\"@id\":\"https:\/\/jeremias.fr\/fabricant-conduit-tubage\/#website\"},\"datePublished\":\"2026-05-12T09:48:09+00:00\",\"dateModified\":\"2026-05-12T11:46:31+00:00\",\"description\":\"Vous \u00eates actuellement en recherche d'emploi ? D\u00e9couvrez notre offre si vous cherchez plus qu'un simple travail !\",\"breadcrumb\":{\"@id\":\"https:\/\/jeremias.fr\/fabricant-conduit-tubage\/recrutement-et-stages\/offre-emploi-directeur-administratif-financier-lentilly-69210\/#breadcrumb\"},\"inLanguage\":\"fr-FR\",\"potentialAction\":[{\"@type\":\"ReadAction\",\"target\":[\"https:\/\/jeremias.fr\/fabricant-conduit-tubage\/recrutement-et-stages\/offre-emploi-directeur-administratif-financier-lentilly-69210\/\"]}]},{\"@type\":\"BreadcrumbList\",\"@id\":\"https:\/\/jeremias.fr\/fabricant-conduit-tubage\/recrutement-et-stages\/offre-emploi-directeur-administratif-financier-lentilly-69210\/#breadcrumb\",\"itemListElement\":[{\"@type\":\"ListItem\",\"position\":1,\"name\":\"Home\",\"item\":\"https:\/\/jeremias.fr\/fabricant-conduit-tubage\/\"},{\"@type\":\"ListItem\",\"position\":2,\"name\":\"Recrutement et stages\",\"item\":\"https:\/\/jeremias.fr\/fabricant-conduit-tubage\/recrutement-et-stages\/\"},{\"@type\":\"ListItem\",\"position\":3,\"name\":\"Offre d&#8217;emploi : Directeur(trice) administratif &#038; financier (H\/F) &#8211; Lentilly (69210)\"}]}]}<\/script>\n<!-- \/ Yoast SEO plugin. -->","yoast_head_json":{"title":"Offre d'emploi : Directeur(trice) administratif et financier \u00e0 Lentilly (69)","description":"Vous \u00eates actuellement en recherche d'emploi ? D\u00e9couvrez notre offre si vous cherchez plus qu'un simple travail !","robots":{"index":"index","follow":"follow","max-snippet":"max-snippet:-1","max-image-preview":"max-image-preview:large","max-video-preview":"max-video-preview:-1"},"canonical":"https:\/\/jeremias.fr\/fabricant-conduit-tubage\/recrutement-et-stages\/offre-emploi-directeur-administratif-financier-lentilly-69210\/","og_locale":"fr_FR","og_type":"article","og_title":"Offre d'emploi : Directeur(trice) administratif et financier \u00e0 Lentilly (69)","og_description":"Vous \u00eates actuellement en recherche d'emploi ? D\u00e9couvrez notre offre si vous cherchez plus qu'un simple travail !","og_url":"https:\/\/jeremias.fr\/fabricant-conduit-tubage\/recrutement-et-stages\/offre-emploi-directeur-administratif-financier-lentilly-69210\/","og_site_name":"Jeremias","article_modified_time":"2026-05-12T11:46:31+00:00","author":"Charline","twitter_card":"summary_large_image","schema":{"@context":"https:\/\/schema.org","@graph":[{"@type":"WebSite","@id":"https:\/\/jeremias.fr\/fabricant-conduit-tubage\/#website","url":"https:\/\/jeremias.fr\/fabricant-conduit-tubage\/","name":"Jeremias","description":"Conduits de fum\u00e9e","potentialAction":[{"@type":"SearchAction","target":{"@type":"EntryPoint","urlTemplate":"https:\/\/jeremias.fr\/fabricant-conduit-tubage\/?s={search_term_string}"},"query-input":"required name=search_term_string"}],"inLanguage":"fr-FR"},{"@type":"WebPage","@id":"https:\/\/jeremias.fr\/fabricant-conduit-tubage\/recrutement-et-stages\/offre-emploi-directeur-administratif-financier-lentilly-69210\/#webpage","url":"https:\/\/jeremias.fr\/fabricant-conduit-tubage\/recrutement-et-stages\/offre-emploi-directeur-administratif-financier-lentilly-69210\/","name":"Offre d'emploi : Directeur(trice) administratif et financier \u00e0 Lentilly (69)","isPartOf":{"@id":"https:\/\/jeremias.fr\/fabricant-conduit-tubage\/#website"},"datePublished":"2026-05-12T09:48:09+00:00","dateModified":"2026-05-12T11:46:31+00:00","description":"Vous \u00eates actuellement en recherche d'emploi ? D\u00e9couvrez notre offre si vous cherchez plus qu'un simple travail !","breadcrumb":{"@id":"https:\/\/jeremias.fr\/fabricant-conduit-tubage\/recrutement-et-stages\/offre-emploi-directeur-administratif-financier-lentilly-69210\/#breadcrumb"},"inLanguage":"fr-FR","potentialAction":[{"@type":"ReadAction","target":["https:\/\/jeremias.fr\/fabricant-conduit-tubage\/recrutement-et-stages\/offre-emploi-directeur-administratif-financier-lentilly-69210\/"]}]},{"@type":"BreadcrumbList","@id":"https:\/\/jeremias.fr\/fabricant-conduit-tubage\/recrutement-et-stages\/offre-emploi-directeur-administratif-financier-lentilly-69210\/#breadcrumb","itemListElement":[{"@type":"ListItem","position":1,"name":"Home","item":"https:\/\/jeremias.fr\/fabricant-conduit-tubage\/"},{"@type":"ListItem","position":2,"name":"Recrutement et stages","item":"https:\/\/jeremias.fr\/fabricant-conduit-tubage\/recrutement-et-stages\/"},{"@type":"ListItem","position":3,"name":"Offre d&#8217;emploi : Directeur(trice) administratif &#038; financier (H\/F) &#8211; Lentilly (69210)"}]}]}},"_links":{"self":[{"href":"https:\/\/jeremias.fr\/fabricant-conduit-tubage\/wp-json\/wp\/v2\/pages\/5736"}],"collection":[{"href":"https:\/\/jeremias.fr\/fabricant-conduit-tubage\/wp-json\/wp\/v2\/pages"}],"about":[{"href":"https:\/\/jeremias.fr\/fabricant-conduit-tubage\/wp-json\/wp\/v2\/types\/page"}],"author":[{"embeddable":true,"href":"https:\/\/jeremias.fr\/fabricant-conduit-tubage\/wp-json\/wp\/v2\/users\/3"}],"replies":[{"embeddable":true,"href":"https:\/\/jeremias.fr\/fabricant-conduit-tubage\/wp-json\/wp\/v2\/comments?post=5736"}],"version-history":[{"count":7,"href":"https:\/\/jeremias.fr\/fabricant-conduit-tubage\/wp-json\/wp\/v2\/pages\/5736\/revisions"}],"predecessor-version":[{"id":5745,"href":"https:\/\/jeremias.fr\/fabricant-conduit-tubage\/wp-json\/wp\/v2\/pages\/5736\/revisions\/5745"}],"up":[{"embeddable":true,"href":"https:\/\/jeremias.fr\/fabricant-conduit-tubage\/wp-json\/wp\/v2\/pages\/1351"}],"wp:attachment":[{"href":"https:\/\/jeremias.fr\/fabricant-conduit-tubage\/wp-json\/wp\/v2\/media?parent=5736"}],"curies":[{"name":"wp","href":"https:\/\/api.w.org\/{rel}","templated":true}]}}