{"id":4832,"date":"2025-05-19T08:44:35","date_gmt":"2025-05-19T06:44:35","guid":{"rendered":"https:\/\/jeremias.fr\/fabricant-conduit-tubage\/?page_id=4832"},"modified":"2025-05-19T08:44:35","modified_gmt":"2025-05-19T06:44:35","slug":"creation-et-tubage-de-conduit-flexible-inox","status":"publish","type":"page","link":"https:\/\/jeremias.fr\/fabricant-conduit-tubage\/creation-et-tubage-de-conduit-flexible-inox\/","title":{"rendered":"Cr\u00e9ation et tubage de conduit FLEXIBLE INOX"},"content":{"rendered":"<p>La solution FLEXIBLE \u00e9volue chez Jeremias<\/p>\n<p>&nbsp;<\/p>\n<p>Un savoir-faire d&rsquo;excellence<\/p>\n<p>Pour la performance de vos installations<\/p>\n","protected":false},"excerpt":{"rendered":"<p>La solution FLEXIBLE \u00e9volue chez Jeremias &nbsp; Un savoir-faire d&rsquo;excellence Pour la performance de vos installations<\/p>\n","protected":false},"author":3,"featured_media":0,"parent":0,"menu_order":0,"comment_status":"closed","ping_status":"closed","template":"templates\/template-edito.php","meta":{"inline_featured_image":false},"acf":{"utiliser_layout_presta":true,"produits_suggeres":[],"introduction":"<p><strong>NOUVEAU : La solution FLEXIBLE \u00e9volue chez Jeremias<\/strong><\/p>\n<p>&nbsp;<\/p>\n<p>Un savoir-faire d&rsquo;excellence :<\/p>\n<p>Pour la performance de vos installations !<\/p>\n","sous_rubriques":[{"titre":"Alliance Jeremias x Dixneuf","blocs":[{"acf_fc_layout":"bloc_de_texte","texte":"<p>Dans un monde o\u00f9 l&rsquo;<strong>innovation<\/strong> et l&rsquo;<strong>expertise industrielle<\/strong> font la diff\u00e9rence,<br \/>\n<strong>DIXNEUF &amp; JEREMIAS<\/strong> unissent leurs forces pour <strong>r\u00e9inventer le conduit de fum\u00e9e<\/strong> au c\u0153ur de l&rsquo;\u00e9nergie bois.<\/p>\n<p>&nbsp;<\/p>\n<p>Cette <strong>collaboration in\u00e9dite<\/strong> entre deux acteurs du secteur, marque une nouvelle \u00e9tape dans la recherche de <strong>solutions performantes<\/strong>, adapt\u00e9es aux exigences du march\u00e9 et aux attentes des professionnels du chiffrage au bois.<\/p>\n<p>&nbsp;<\/p>\n<h3>UNE COFABRICATION FRANCAISE AU SERVICE DE L&rsquo;INNOVATION :<\/h3>\n<p><strong>DIXNEUF &amp; JEREMIAS<\/strong> s&rsquo;unissent pour <strong>cofabriquer<\/strong> en <strong>France<\/strong> une gamme de <strong>conduits flexibles<\/strong> !<\/p>\n<p>&nbsp;<\/p>\n<p>Un <strong>engagement commun<\/strong> pour une production fran\u00e7aise de <strong>qualit\u00e9<\/strong>, qui garanti <strong>fiabilit\u00e9<\/strong>, <strong>tra\u00e7abilit\u00e9<\/strong> et <strong>proximit\u00e9<\/strong> avec nos clients :\u00a0<strong>Ensemble faisons la diff\u00e9rence !<\/strong><\/p>\n<p><img loading=\"lazy\" class=\"aligncenter size-full wp-image-4838\" src=\"https:\/\/jeremias.fr\/fabricant-conduit-tubage\/app\/uploads\/2025\/05\/jeremias-dixneuf.png\" alt=\"Jeremias et Dixneuf\" width=\"400\" height=\"80\" srcset=\"https:\/\/jeremias.fr\/fabricant-conduit-tubage\/app\/uploads\/2025\/05\/jeremias-dixneuf.png 400w, https:\/\/jeremias.fr\/fabricant-conduit-tubage\/app\/uploads\/2025\/05\/jeremias-dixneuf-300x60.png 300w\" sizes=\"(max-width: 400px) 100vw, 400px\" \/><\/p>\n"}]},{"titre":"Gamme EW-FLEX - Conduit flexible inox double peau","blocs":[{"acf_fc_layout":"bloc_de_texte","texte":"<h3>Le tubage flexible inox double peau, id\u00e9al pour g\u00e9rer les d\u00e9voiements :<\/h3>\n<p>&nbsp;<\/p>\n<ul>\n<li>Une fabrication locale<\/li>\n<li>Haute qualit\u00e9 de fabrication<\/li>\n<li>Conditionnement en carton d\u00e9rouleur<\/li>\n<li>Nouveaux raccords et pi\u00e8ces techniques<br \/>\n<img loading=\"lazy\" class=\"aligncenter size-full wp-image-4843\" src=\"https:\/\/jeremias.fr\/fabricant-conduit-tubage\/app\/uploads\/2025\/05\/tubage-flexible-inox-double-peau-Jeremias.png\" alt=\"Tubage flexible inox double peau Jeremias\" width=\"500\" height=\"187\" srcset=\"https:\/\/jeremias.fr\/fabricant-conduit-tubage\/app\/uploads\/2025\/05\/tubage-flexible-inox-double-peau-Jeremias.png 500w, https:\/\/jeremias.fr\/fabricant-conduit-tubage\/app\/uploads\/2025\/05\/tubage-flexible-inox-double-peau-Jeremias-300x112.png 300w\" sizes=\"(max-width: 500px) 100vw, 500px\" \/><\/li>\n<\/ul>\n<p>=&gt; D\u00e9couvrez les produits de la gamme <a href=\"https:\/\/jeremias.fr\/tubage-flexible-inox-double-peau-ew-flex-jeremias\">EW-FLEX flexible inox 316L double-peau<\/a><br \/>\n=&gt; T\u00e9l\u00e9charger la page de <a href=\"https:\/\/jeremias.fr\/index.php?controller=attachment&amp;id_attachment=111\">pr\u00e9sentation de la gamme<\/a>.<\/p>\n"}]},{"titre":"Gamme DW-FLEX - Flexible inox double paroi isol\u00e9 pour conduit & tubage","blocs":[{"acf_fc_layout":"bloc_de_texte","texte":"<h3>Le conduit flexible inox isol\u00e9 316L\/304, id\u00e9al pour une isolation haute densit\u00e9 :<\/h3>\n<p>&nbsp;<\/p>\n<ul>\n<li>Une fabrication locale<\/li>\n<li>Haute qualit\u00e9 de fabrication<\/li>\n<li>Isolation en fibre min\u00e9rale : 25 mm ou 13 mm<br \/>\n<strong>NOUVEAU isolant 13 mm<\/strong> : syst\u00e8me optimis\u00e9 pour les tubages \u00f8150 mm dans boisseau 200 x 200 mm<\/li>\n<li>Raccords inclus et d\u00e9j\u00e0 mont\u00e9s<\/li>\n<\/ul>\n<p><img loading=\"lazy\" class=\"aligncenter wp-image-4835\" src=\"https:\/\/jeremias.fr\/fabricant-conduit-tubage\/app\/uploads\/2025\/05\/tubage-flexible-inox-double-paroi-isole-jeremias.jpg\" alt=\"Tubage flexible inox isol\u00e9\" width=\"181\" height=\"181\" srcset=\"https:\/\/jeremias.fr\/fabricant-conduit-tubage\/app\/uploads\/2025\/05\/tubage-flexible-inox-double-paroi-isole-jeremias.jpg 500w, https:\/\/jeremias.fr\/fabricant-conduit-tubage\/app\/uploads\/2025\/05\/tubage-flexible-inox-double-paroi-isole-jeremias-300x300.jpg 300w\" sizes=\"(max-width: 181px) 100vw, 181px\" \/><\/p>\n<p>=&gt; D\u00e9couvrez les produits de la gamme <a href=\"https:\/\/jeremias.fr\/tubage-flexible-isole-dw-flex-25-jeremias\">DW-FLEX25 flexible inox isol\u00e9 25 mm<\/a><br \/>\n=&gt; T\u00e9l\u00e9charger la page de <a href=\"https:\/\/jeremias.fr\/index.php?controller=attachment&amp;id_attachment=112\">pr\u00e9sentation de la gamme<\/a>.<\/p>\n<p>&nbsp;<\/p>\n<p>=&gt; D\u00e9couvrez les produits de la gamme <a href=\"https:\/\/jeremias.fr\/tubage-flexible-isole-dw-flex-13-jeremias\">DW-FLEX13 flexible inox isol\u00e9 13 mm<\/a><br \/>\n=&gt; T\u00e9l\u00e9charger la page de <a href=\"https:\/\/jeremias.fr\/index.php?controller=attachment&amp;id_attachment=113\">pr\u00e9sentation de la gamme<\/a>.<\/p>\n"}]}]},"yoast_head":"<!-- This site is optimized with the Yoast SEO plugin v19.2 - https:\/\/yoast.com\/wordpress\/plugins\/seo\/ -->\n<title>Cr\u00e9ation et tubage flexible inox 316L - Fabricant Jeremias France<\/title>\n<meta name=\"description\" content=\"D\u00e9couvrez les nouvelles gammes de conduits flexibles inox fabriqu\u00e9s par Jeremias France. Flexible double peau, flexible isol\u00e9 25 mm et 13 mm.\" \/>\n<meta name=\"robots\" content=\"index, follow, max-snippet:-1, max-image-preview:large, max-video-preview:-1\" \/>\n<link rel=\"canonical\" href=\"https:\/\/jeremias.fr\/fabricant-conduit-tubage\/creation-et-tubage-de-conduit-flexible-inox\/\" \/>\n<meta property=\"og:locale\" content=\"fr_FR\" \/>\n<meta property=\"og:type\" content=\"article\" \/>\n<meta property=\"og:title\" content=\"Cr\u00e9ation et tubage flexible inox 316L - Fabricant Jeremias France\" \/>\n<meta property=\"og:description\" content=\"D\u00e9couvrez les nouvelles gammes de conduits flexibles inox fabriqu\u00e9s par Jeremias France. Flexible double peau, flexible isol\u00e9 25 mm et 13 mm.\" \/>\n<meta property=\"og:url\" content=\"https:\/\/jeremias.fr\/fabricant-conduit-tubage\/creation-et-tubage-de-conduit-flexible-inox\/\" \/>\n<meta property=\"og:site_name\" content=\"Jeremias\" \/>\n<meta name=\"author\" content=\"Charline\" \/>\n<meta name=\"twitter:card\" content=\"summary_large_image\" \/>\n<script type=\"application\/ld+json\" class=\"yoast-schema-graph\">{\"@context\":\"https:\/\/schema.org\",\"@graph\":[{\"@type\":\"WebSite\",\"@id\":\"https:\/\/jeremias.fr\/fabricant-conduit-tubage\/#website\",\"url\":\"https:\/\/jeremias.fr\/fabricant-conduit-tubage\/\",\"name\":\"Jeremias\",\"description\":\"Conduits de fum\u00e9e\",\"potentialAction\":[{\"@type\":\"SearchAction\",\"target\":{\"@type\":\"EntryPoint\",\"urlTemplate\":\"https:\/\/jeremias.fr\/fabricant-conduit-tubage\/?s={search_term_string}\"},\"query-input\":\"required name=search_term_string\"}],\"inLanguage\":\"fr-FR\"},{\"@type\":\"WebPage\",\"@id\":\"https:\/\/jeremias.fr\/fabricant-conduit-tubage\/creation-et-tubage-de-conduit-flexible-inox\/#webpage\",\"url\":\"https:\/\/jeremias.fr\/fabricant-conduit-tubage\/creation-et-tubage-de-conduit-flexible-inox\/\",\"name\":\"Cr\u00e9ation et tubage flexible inox 316L - Fabricant Jeremias France\",\"isPartOf\":{\"@id\":\"https:\/\/jeremias.fr\/fabricant-conduit-tubage\/#website\"},\"datePublished\":\"2025-05-19T06:44:35+00:00\",\"dateModified\":\"2025-05-19T06:44:35+00:00\",\"description\":\"D\u00e9couvrez les nouvelles gammes de conduits flexibles inox fabriqu\u00e9s par Jeremias France. Flexible double peau, flexible isol\u00e9 25 mm et 13 mm.\",\"breadcrumb\":{\"@id\":\"https:\/\/jeremias.fr\/fabricant-conduit-tubage\/creation-et-tubage-de-conduit-flexible-inox\/#breadcrumb\"},\"inLanguage\":\"fr-FR\",\"potentialAction\":[{\"@type\":\"ReadAction\",\"target\":[\"https:\/\/jeremias.fr\/fabricant-conduit-tubage\/creation-et-tubage-de-conduit-flexible-inox\/\"]}]},{\"@type\":\"BreadcrumbList\",\"@id\":\"https:\/\/jeremias.fr\/fabricant-conduit-tubage\/creation-et-tubage-de-conduit-flexible-inox\/#breadcrumb\",\"itemListElement\":[{\"@type\":\"ListItem\",\"position\":1,\"name\":\"Home\",\"item\":\"https:\/\/jeremias.fr\/fabricant-conduit-tubage\/\"},{\"@type\":\"ListItem\",\"position\":2,\"name\":\"Cr\u00e9ation et tubage de conduit FLEXIBLE INOX\"}]}]}<\/script>\n<!-- \/ Yoast SEO plugin. -->","yoast_head_json":{"title":"Cr\u00e9ation et tubage flexible inox 316L - Fabricant Jeremias France","description":"D\u00e9couvrez les nouvelles gammes de conduits flexibles inox fabriqu\u00e9s par Jeremias France. Flexible double peau, flexible isol\u00e9 25 mm et 13 mm.","robots":{"index":"index","follow":"follow","max-snippet":"max-snippet:-1","max-image-preview":"max-image-preview:large","max-video-preview":"max-video-preview:-1"},"canonical":"https:\/\/jeremias.fr\/fabricant-conduit-tubage\/creation-et-tubage-de-conduit-flexible-inox\/","og_locale":"fr_FR","og_type":"article","og_title":"Cr\u00e9ation et tubage flexible inox 316L - Fabricant Jeremias France","og_description":"D\u00e9couvrez les nouvelles gammes de conduits flexibles inox fabriqu\u00e9s par Jeremias France. Flexible double peau, flexible isol\u00e9 25 mm et 13 mm.","og_url":"https:\/\/jeremias.fr\/fabricant-conduit-tubage\/creation-et-tubage-de-conduit-flexible-inox\/","og_site_name":"Jeremias","author":"Charline","twitter_card":"summary_large_image","schema":{"@context":"https:\/\/schema.org","@graph":[{"@type":"WebSite","@id":"https:\/\/jeremias.fr\/fabricant-conduit-tubage\/#website","url":"https:\/\/jeremias.fr\/fabricant-conduit-tubage\/","name":"Jeremias","description":"Conduits de fum\u00e9e","potentialAction":[{"@type":"SearchAction","target":{"@type":"EntryPoint","urlTemplate":"https:\/\/jeremias.fr\/fabricant-conduit-tubage\/?s={search_term_string}"},"query-input":"required name=search_term_string"}],"inLanguage":"fr-FR"},{"@type":"WebPage","@id":"https:\/\/jeremias.fr\/fabricant-conduit-tubage\/creation-et-tubage-de-conduit-flexible-inox\/#webpage","url":"https:\/\/jeremias.fr\/fabricant-conduit-tubage\/creation-et-tubage-de-conduit-flexible-inox\/","name":"Cr\u00e9ation et tubage flexible inox 316L - Fabricant Jeremias France","isPartOf":{"@id":"https:\/\/jeremias.fr\/fabricant-conduit-tubage\/#website"},"datePublished":"2025-05-19T06:44:35+00:00","dateModified":"2025-05-19T06:44:35+00:00","description":"D\u00e9couvrez les nouvelles gammes de conduits flexibles inox fabriqu\u00e9s par Jeremias France. Flexible double peau, flexible isol\u00e9 25 mm et 13 mm.","breadcrumb":{"@id":"https:\/\/jeremias.fr\/fabricant-conduit-tubage\/creation-et-tubage-de-conduit-flexible-inox\/#breadcrumb"},"inLanguage":"fr-FR","potentialAction":[{"@type":"ReadAction","target":["https:\/\/jeremias.fr\/fabricant-conduit-tubage\/creation-et-tubage-de-conduit-flexible-inox\/"]}]},{"@type":"BreadcrumbList","@id":"https:\/\/jeremias.fr\/fabricant-conduit-tubage\/creation-et-tubage-de-conduit-flexible-inox\/#breadcrumb","itemListElement":[{"@type":"ListItem","position":1,"name":"Home","item":"https:\/\/jeremias.fr\/fabricant-conduit-tubage\/"},{"@type":"ListItem","position":2,"name":"Cr\u00e9ation et tubage de conduit FLEXIBLE INOX"}]}]}},"_links":{"self":[{"href":"https:\/\/jeremias.fr\/fabricant-conduit-tubage\/wp-json\/wp\/v2\/pages\/4832"}],"collection":[{"href":"https:\/\/jeremias.fr\/fabricant-conduit-tubage\/wp-json\/wp\/v2\/pages"}],"about":[{"href":"https:\/\/jeremias.fr\/fabricant-conduit-tubage\/wp-json\/wp\/v2\/types\/page"}],"author":[{"embeddable":true,"href":"https:\/\/jeremias.fr\/fabricant-conduit-tubage\/wp-json\/wp\/v2\/users\/3"}],"replies":[{"embeddable":true,"href":"https:\/\/jeremias.fr\/fabricant-conduit-tubage\/wp-json\/wp\/v2\/comments?post=4832"}],"version-history":[{"count":11,"href":"https:\/\/jeremias.fr\/fabricant-conduit-tubage\/wp-json\/wp\/v2\/pages\/4832\/revisions"}],"predecessor-version":[{"id":4848,"href":"https:\/\/jeremias.fr\/fabricant-conduit-tubage\/wp-json\/wp\/v2\/pages\/4832\/revisions\/4848"}],"wp:attachment":[{"href":"https:\/\/jeremias.fr\/fabricant-conduit-tubage\/wp-json\/wp\/v2\/media?parent=4832"}],"curies":[{"name":"wp","href":"https:\/\/api.w.org\/{rel}","templated":true}]}}