{"id":4635,"date":"2024-11-04T16:09:20","date_gmt":"2024-11-04T15:09:20","guid":{"rendered":"https:\/\/jeremias.fr\/fabricant-conduit-tubage\/?page_id=4635"},"modified":"2025-05-02T10:00:11","modified_gmt":"2025-05-02T08:00:11","slug":"etude-de-cas-evacuation-des-fumees-generateurs-de-secours-data-center","status":"publish","type":"page","link":"https:\/\/jeremias.fr\/fabricant-conduit-tubage\/etude-de-cas-evacuation-des-fumees-generateurs-de-secours-data-center\/","title":{"rendered":"\u00c9tude de cas &#8211; \u00c9vacuation des fum\u00e9es g\u00e9n\u00e9rateurs de secours &#8211; Data Center"},"content":{"rendered":"<h1 class=\"title-edito-blog\">Comment Jeremias supervise la fabrication et l&rsquo;installation de ses conduits dans un projet Data Center ?<\/h1>\n<p>D\u00e9couvrez dans cette \u00e9tude de cas l&rsquo;expertise de Jeremias dans les projets industriels, la fiabilit\u00e9 de ses produits et la force de son service technique.<\/p>\n<p>&nbsp;<\/p>\n","protected":false},"excerpt":{"rendered":"<p>Comment Jeremias supervise la fabrication et l&rsquo;installation de ses conduits dans un projet Data Center ? D\u00e9couvrez dans cette \u00e9tude de cas l&rsquo;expertise de Jeremias dans les projets industriels, la fiabilit\u00e9 de ses produits et la force de son service technique. &nbsp;<\/p>\n","protected":false},"author":4,"featured_media":0,"parent":0,"menu_order":0,"comment_status":"closed","ping_status":"closed","template":"templates\/template-edito.php","meta":{"inline_featured_image":false},"acf":{"introduction":"<h1 class=\"title-edito-blog\">Comment Jeremias accompagne les<strong> data centers<\/strong> avec des <strong>syst\u00e8mes d\u2019\u00e9vacuation de fum\u00e9e<\/strong> performants pour<strong> g\u00e9n\u00e9rateurs de secours ?<\/strong><\/h1>\n<p>D\u00e9couvrez dans cette \u00e9tude de cas <strong>l&rsquo;expertise<\/strong> de Jeremias dans les projets industriels, la <strong>fiabilit\u00e9<\/strong> de ses produits et la <strong>force<\/strong> de son service technique.<\/p>\n<p>&nbsp;<\/p>\n<p><a class=\"button button-solid blue text-uppercase fz-14 text-white\" href=\"https:\/\/landings.e.jeremias.fr\/bd7db818-e117-ee11-a66d-002248da51f8\/bcd1a8af-c19a-ef11-8a6a-0022483a76d7.html\" target=\"_blank\" rel=\"noopener\">T\u00e9l\u00e9chargez l&rsquo;\u00e9tude de cas<\/a><\/p>\n","sous_rubriques":[{"titre":"Le projet","blocs":[{"acf_fc_layout":"bloc_de_texte","texte":"<h3 style=\"color: #004f9f;\">Un projet d&rsquo;envergure<img loading=\"lazy\" class=\"alignright wp-image-4823 size-medium\" src=\"https:\/\/jeremias.fr\/fabricant-conduit-tubage\/app\/uploads\/2025\/05\/Etude-de-cas-PA13-190x300.png\" alt=\"\" width=\"190\" height=\"300\" srcset=\"https:\/\/jeremias.fr\/fabricant-conduit-tubage\/app\/uploads\/2025\/05\/Etude-de-cas-PA13-190x300.png 190w, https:\/\/jeremias.fr\/fabricant-conduit-tubage\/app\/uploads\/2025\/05\/Etude-de-cas-PA13.png 320w\" sizes=\"(max-width: 190px) 100vw, 190px\" \/><\/h3>\n<p>Le chantier PA13 fait partie d&rsquo;un <strong>plan d&rsquo;implantation<\/strong> de Data Center Equinix en France et plus particuli\u00e8rement en r\u00e9gion parisienne.<\/p>\n<p>En collaboration avec nos partenaires, nous avons travaill\u00e9 sur la <strong>conception<\/strong> et <strong>l&rsquo;installation<\/strong> de <strong>20 conduits<\/strong> pour l&rsquo;\u00e9vacuation des fum\u00e9es de<strong> 20 groupes \u00e9lectrog\u00e8nes.<\/strong> L&rsquo;installation de nos syst\u00e8mes garantit \u00e0 la <strong>s\u00e9curit\u00e9<\/strong> et <strong>stabilit\u00e9<\/strong> du r\u00e9seau \u00e9lectrique du Data Center de Meudon.<\/p>\n"}]},{"titre":"Le savoir-faire Jeremias ","blocs":[{"acf_fc_layout":"bloc_de_texte","texte":"<h3 style=\"color: #004f9f;\">Le Groupe Jeremias, leader mondial<\/h3>\n<p><img loading=\"lazy\" class=\"alignleft wp-image-4825 size-medium\" src=\"https:\/\/jeremias.fr\/fabricant-conduit-tubage\/app\/uploads\/2025\/05\/Production-Jeremias-212x300.png\" alt=\"\" width=\"212\" height=\"300\" srcset=\"https:\/\/jeremias.fr\/fabricant-conduit-tubage\/app\/uploads\/2025\/05\/Production-Jeremias-212x300.png 212w, https:\/\/jeremias.fr\/fabricant-conduit-tubage\/app\/uploads\/2025\/05\/Production-Jeremias-724x1024.png 724w, https:\/\/jeremias.fr\/fabricant-conduit-tubage\/app\/uploads\/2025\/05\/Production-Jeremias-768x1086.png 768w, https:\/\/jeremias.fr\/fabricant-conduit-tubage\/app\/uploads\/2025\/05\/Production-Jeremias-1086x1536.png 1086w, https:\/\/jeremias.fr\/fabricant-conduit-tubage\/app\/uploads\/2025\/05\/Production-Jeremias-1448x2048.png 1448w, https:\/\/jeremias.fr\/fabricant-conduit-tubage\/app\/uploads\/2025\/05\/Production-Jeremias.png 1984w\" sizes=\"(max-width: 212px) 100vw, 212px\" \/><\/p>\n<p>&nbsp;<\/p>\n<p>Le Groupe Jeremias est leader mondial ans la conception, la fabrication et l&rsquo;installation de solutions d&rsquo;\u00e9vacuation des fum\u00e9es applique son expertise sur l&rsquo;alimentation de groupes \u00e9lectrog\u00e8nes de secours dans les<strong> Data Centers<\/strong>.<\/p>\n<p>&nbsp;<\/p>\n<p>Avec <strong>9 sites de production<\/strong> en Europe et aux Etats-Unis, une <strong>qualit\u00e9<\/strong> de produits certifi\u00e9e et un <strong>service technique<\/strong> adapt\u00e9, nous g\u00e9rons des <strong>projets complexes<\/strong> tels que celui d&rsquo;Equinix.<\/p>\n<p>&nbsp;<\/p>\n"}]},{"titre":"L'\u00e9tude de cas ","blocs":[{"acf_fc_layout":"bloc_de_texte","texte":"<p>En t\u00e9l\u00e9chargeant cette \u00e9tude de cas, vous comprendrez :<\/p>\n<p><img loading=\"lazy\" class=\"wp-image-4640 alignright\" src=\"https:\/\/jeremias.fr\/fabricant-conduit-tubage\/app\/uploads\/2024\/11\/Etude-de-cas-datacenter-jeremias.png\" alt=\"Etude de cas - datacenter - jeremias\" width=\"217\" height=\"326\" srcset=\"https:\/\/jeremias.fr\/fabricant-conduit-tubage\/app\/uploads\/2024\/11\/Etude-de-cas-datacenter-jeremias.png 700w, https:\/\/jeremias.fr\/fabricant-conduit-tubage\/app\/uploads\/2024\/11\/Etude-de-cas-datacenter-jeremias-200x300.png 200w, https:\/\/jeremias.fr\/fabricant-conduit-tubage\/app\/uploads\/2024\/11\/Etude-de-cas-datacenter-jeremias-683x1024.png 683w\" sizes=\"(max-width: 217px) 100vw, 217px\" \/><\/p>\n<ul>\n<li>Les <strong>d\u00e9fis du projet<\/strong> en question et ses <strong>principaux challenges<\/strong> en terme d&rsquo;anticipation des besoins, de structuration de la demande, de mod\u00e9lisation technique et d&rsquo;\u00e9tude de l&rsquo;environnement,<\/li>\n<li>Les <strong>avantages<\/strong> de notre syst\u00e8me de <strong>conduits modulaires pr\u00e9fabriqu\u00e9s<\/strong> et sa facilit\u00e9 de mise en oeuvre,<\/li>\n<li>La <strong>solution globale<\/strong> propos\u00e9e par nos services, de la conception \u00e0 l&rsquo;installation avec comme ma\u00eetres mots : rapidit\u00e9, efficacit\u00e9 et pr\u00e9cision<\/li>\n<li>Le <strong>processus de mise en oeuvre<\/strong> d\u00e9taill\u00e9,<\/li>\n<li>Les <strong>cl\u00e9s de succ\u00e8s<\/strong> du projet.<\/li>\n<\/ul>\n<p>&nbsp;<\/p>\n<p><a class=\"button button-solid blue text-uppercase fz-14 text-white\" href=\"https:\/\/landings.e.jeremias.fr\/bd7db818-e117-ee11-a66d-002248da51f8\/bcd1a8af-c19a-ef11-8a6a-0022483a76d7.html\" target=\"_blank\" rel=\"noopener\">T\u00e9l\u00e9chargez l&rsquo;\u00e9tude de cas<\/a><\/p>\n<p>&nbsp;<\/p>\n<p>&nbsp;<\/p>\n"}]}],"utiliser_layout_presta":true,"produits_suggeres":[]},"yoast_head":"<!-- This site is optimized with the Yoast SEO plugin v19.2 - https:\/\/yoast.com\/wordpress\/plugins\/seo\/ -->\n<title>\u00c9vacuation de fum\u00e9es g\u00e9n\u00e9rateur de secours \u2013 \u00c9tude de cas data center<\/title>\n<meta name=\"description\" content=\"D\u00e9couvrez comment Jeremias accompagne les data centers avec des syst\u00e8mes d\u2019\u00e9vacuation de fum\u00e9es performants pour g\u00e9n\u00e9rateurs de secours.\" \/>\n<meta name=\"robots\" content=\"index, follow, max-snippet:-1, max-image-preview:large, max-video-preview:-1\" \/>\n<link rel=\"canonical\" href=\"https:\/\/jeremias.fr\/fabricant-conduit-tubage\/etude-de-cas-evacuation-des-fumees-generateurs-de-secours-data-center\/\" \/>\n<meta property=\"og:locale\" content=\"fr_FR\" \/>\n<meta property=\"og:type\" content=\"article\" \/>\n<meta property=\"og:title\" content=\"\u00c9vacuation de fum\u00e9es g\u00e9n\u00e9rateur de secours \u2013 \u00c9tude de cas data center\" \/>\n<meta property=\"og:description\" content=\"D\u00e9couvrez comment Jeremias accompagne les data centers avec des syst\u00e8mes d\u2019\u00e9vacuation de fum\u00e9es performants pour g\u00e9n\u00e9rateurs de secours.\" \/>\n<meta property=\"og:url\" content=\"https:\/\/jeremias.fr\/fabricant-conduit-tubage\/etude-de-cas-evacuation-des-fumees-generateurs-de-secours-data-center\/\" \/>\n<meta property=\"og:site_name\" content=\"Jeremias\" \/>\n<meta property=\"article:modified_time\" content=\"2025-05-02T08:00:11+00:00\" \/>\n<meta name=\"author\" content=\"Eva Aristhene\" \/>\n<meta name=\"twitter:card\" content=\"summary_large_image\" \/>\n<script type=\"application\/ld+json\" class=\"yoast-schema-graph\">{\"@context\":\"https:\/\/schema.org\",\"@graph\":[{\"@type\":\"WebSite\",\"@id\":\"https:\/\/jeremias.fr\/fabricant-conduit-tubage\/#website\",\"url\":\"https:\/\/jeremias.fr\/fabricant-conduit-tubage\/\",\"name\":\"Jeremias\",\"description\":\"Conduits de fum\u00e9e\",\"potentialAction\":[{\"@type\":\"SearchAction\",\"target\":{\"@type\":\"EntryPoint\",\"urlTemplate\":\"https:\/\/jeremias.fr\/fabricant-conduit-tubage\/?s={search_term_string}\"},\"query-input\":\"required name=search_term_string\"}],\"inLanguage\":\"fr-FR\"},{\"@type\":\"WebPage\",\"@id\":\"https:\/\/jeremias.fr\/fabricant-conduit-tubage\/etude-de-cas-evacuation-des-fumees-generateurs-de-secours-data-center\/#webpage\",\"url\":\"https:\/\/jeremias.fr\/fabricant-conduit-tubage\/etude-de-cas-evacuation-des-fumees-generateurs-de-secours-data-center\/\",\"name\":\"\u00c9vacuation de fum\u00e9es g\u00e9n\u00e9rateur de secours \u2013 \u00c9tude de cas data center\",\"isPartOf\":{\"@id\":\"https:\/\/jeremias.fr\/fabricant-conduit-tubage\/#website\"},\"datePublished\":\"2024-11-04T15:09:20+00:00\",\"dateModified\":\"2025-05-02T08:00:11+00:00\",\"description\":\"D\u00e9couvrez comment Jeremias accompagne les data centers avec des syst\u00e8mes d\u2019\u00e9vacuation de fum\u00e9es performants pour g\u00e9n\u00e9rateurs de secours.\",\"breadcrumb\":{\"@id\":\"https:\/\/jeremias.fr\/fabricant-conduit-tubage\/etude-de-cas-evacuation-des-fumees-generateurs-de-secours-data-center\/#breadcrumb\"},\"inLanguage\":\"fr-FR\",\"potentialAction\":[{\"@type\":\"ReadAction\",\"target\":[\"https:\/\/jeremias.fr\/fabricant-conduit-tubage\/etude-de-cas-evacuation-des-fumees-generateurs-de-secours-data-center\/\"]}]},{\"@type\":\"BreadcrumbList\",\"@id\":\"https:\/\/jeremias.fr\/fabricant-conduit-tubage\/etude-de-cas-evacuation-des-fumees-generateurs-de-secours-data-center\/#breadcrumb\",\"itemListElement\":[{\"@type\":\"ListItem\",\"position\":1,\"name\":\"Home\",\"item\":\"https:\/\/jeremias.fr\/fabricant-conduit-tubage\/\"},{\"@type\":\"ListItem\",\"position\":2,\"name\":\"\u00c9tude de cas &#8211; \u00c9vacuation des fum\u00e9es g\u00e9n\u00e9rateurs de secours &#8211; Data Center\"}]}]}<\/script>\n<!-- \/ Yoast SEO plugin. -->","yoast_head_json":{"title":"\u00c9vacuation de fum\u00e9es g\u00e9n\u00e9rateur de secours \u2013 \u00c9tude de cas data center","description":"D\u00e9couvrez comment Jeremias accompagne les data centers avec des syst\u00e8mes d\u2019\u00e9vacuation de fum\u00e9es performants pour g\u00e9n\u00e9rateurs de secours.","robots":{"index":"index","follow":"follow","max-snippet":"max-snippet:-1","max-image-preview":"max-image-preview:large","max-video-preview":"max-video-preview:-1"},"canonical":"https:\/\/jeremias.fr\/fabricant-conduit-tubage\/etude-de-cas-evacuation-des-fumees-generateurs-de-secours-data-center\/","og_locale":"fr_FR","og_type":"article","og_title":"\u00c9vacuation de fum\u00e9es g\u00e9n\u00e9rateur de secours \u2013 \u00c9tude de cas data center","og_description":"D\u00e9couvrez comment Jeremias accompagne les data centers avec des syst\u00e8mes d\u2019\u00e9vacuation de fum\u00e9es performants pour g\u00e9n\u00e9rateurs de secours.","og_url":"https:\/\/jeremias.fr\/fabricant-conduit-tubage\/etude-de-cas-evacuation-des-fumees-generateurs-de-secours-data-center\/","og_site_name":"Jeremias","article_modified_time":"2025-05-02T08:00:11+00:00","author":"Eva Aristhene","twitter_card":"summary_large_image","schema":{"@context":"https:\/\/schema.org","@graph":[{"@type":"WebSite","@id":"https:\/\/jeremias.fr\/fabricant-conduit-tubage\/#website","url":"https:\/\/jeremias.fr\/fabricant-conduit-tubage\/","name":"Jeremias","description":"Conduits de fum\u00e9e","potentialAction":[{"@type":"SearchAction","target":{"@type":"EntryPoint","urlTemplate":"https:\/\/jeremias.fr\/fabricant-conduit-tubage\/?s={search_term_string}"},"query-input":"required name=search_term_string"}],"inLanguage":"fr-FR"},{"@type":"WebPage","@id":"https:\/\/jeremias.fr\/fabricant-conduit-tubage\/etude-de-cas-evacuation-des-fumees-generateurs-de-secours-data-center\/#webpage","url":"https:\/\/jeremias.fr\/fabricant-conduit-tubage\/etude-de-cas-evacuation-des-fumees-generateurs-de-secours-data-center\/","name":"\u00c9vacuation de fum\u00e9es g\u00e9n\u00e9rateur de secours \u2013 \u00c9tude de cas data center","isPartOf":{"@id":"https:\/\/jeremias.fr\/fabricant-conduit-tubage\/#website"},"datePublished":"2024-11-04T15:09:20+00:00","dateModified":"2025-05-02T08:00:11+00:00","description":"D\u00e9couvrez comment Jeremias accompagne les data centers avec des syst\u00e8mes d\u2019\u00e9vacuation de fum\u00e9es performants pour g\u00e9n\u00e9rateurs de secours.","breadcrumb":{"@id":"https:\/\/jeremias.fr\/fabricant-conduit-tubage\/etude-de-cas-evacuation-des-fumees-generateurs-de-secours-data-center\/#breadcrumb"},"inLanguage":"fr-FR","potentialAction":[{"@type":"ReadAction","target":["https:\/\/jeremias.fr\/fabricant-conduit-tubage\/etude-de-cas-evacuation-des-fumees-generateurs-de-secours-data-center\/"]}]},{"@type":"BreadcrumbList","@id":"https:\/\/jeremias.fr\/fabricant-conduit-tubage\/etude-de-cas-evacuation-des-fumees-generateurs-de-secours-data-center\/#breadcrumb","itemListElement":[{"@type":"ListItem","position":1,"name":"Home","item":"https:\/\/jeremias.fr\/fabricant-conduit-tubage\/"},{"@type":"ListItem","position":2,"name":"\u00c9tude de cas &#8211; \u00c9vacuation des fum\u00e9es g\u00e9n\u00e9rateurs de secours &#8211; Data Center"}]}]}},"_links":{"self":[{"href":"https:\/\/jeremias.fr\/fabricant-conduit-tubage\/wp-json\/wp\/v2\/pages\/4635"}],"collection":[{"href":"https:\/\/jeremias.fr\/fabricant-conduit-tubage\/wp-json\/wp\/v2\/pages"}],"about":[{"href":"https:\/\/jeremias.fr\/fabricant-conduit-tubage\/wp-json\/wp\/v2\/types\/page"}],"author":[{"embeddable":true,"href":"https:\/\/jeremias.fr\/fabricant-conduit-tubage\/wp-json\/wp\/v2\/users\/4"}],"replies":[{"embeddable":true,"href":"https:\/\/jeremias.fr\/fabricant-conduit-tubage\/wp-json\/wp\/v2\/comments?post=4635"}],"version-history":[{"count":19,"href":"https:\/\/jeremias.fr\/fabricant-conduit-tubage\/wp-json\/wp\/v2\/pages\/4635\/revisions"}],"predecessor-version":[{"id":4830,"href":"https:\/\/jeremias.fr\/fabricant-conduit-tubage\/wp-json\/wp\/v2\/pages\/4635\/revisions\/4830"}],"wp:attachment":[{"href":"https:\/\/jeremias.fr\/fabricant-conduit-tubage\/wp-json\/wp\/v2\/media?parent=4635"}],"curies":[{"name":"wp","href":"https:\/\/api.w.org\/{rel}","templated":true}]}}