{"id":4432,"date":"2024-09-13T15:58:13","date_gmt":"2024-09-13T13:58:13","guid":{"rendered":"https:\/\/jeremias.fr\/fabricant-conduit-tubage\/?page_id=4432"},"modified":"2024-09-19T16:49:52","modified_gmt":"2024-09-19T14:49:52","slug":"panier-express-conduits-de-fumee-jeremias","status":"publish","type":"page","link":"https:\/\/jeremias.fr\/fabricant-conduit-tubage\/panier-express-conduits-de-fumee-jeremias\/","title":{"rendered":"Un panier express pour commander plus rapidement"},"content":{"rendered":"<p>D\u00e9couvrez cette nouvelle fonctionnalit\u00e9 pour passer vos commandes encore plus rapidement.<\/p>\n<p>Ce moyen de commande est r\u00e9serv\u00e9 exclusivement \u00e0 aux clients inscrits sur notre webshop.<\/p>\n<p>&nbsp;<\/p>\n<p><strong>Pas encore inscrit ?<\/strong><\/p>\n<p>Acc\u00e9dez \u00e0 votre Prix Pro<br \/>\n<a title=\"Inscription \/ Connexion\" href=\"https:\/\/jeremias.fr\/connexion\">&gt; Inscription \/ Connexion<\/a><\/p>\n","protected":false},"excerpt":{"rendered":"<p>D\u00e9couvrez cette nouvelle fonctionnalit\u00e9 pour passer vos commandes encore plus rapidement. Ce moyen de commande est r\u00e9serv\u00e9 exclusivement \u00e0 aux clients inscrits sur notre webshop. &nbsp; Pas encore inscrit ? Acc\u00e9dez \u00e0 votre Prix Pro &gt; Inscription \/ Connexion<\/p>\n","protected":false},"author":3,"featured_media":0,"parent":0,"menu_order":0,"comment_status":"closed","ping_status":"closed","template":"templates\/template-edito.php","meta":{"inline_featured_image":false},"acf":{"utiliser_layout_presta":true,"produits_suggeres":[],"introduction":"<p>Une nouvelle fonctionnalit\u00e9\u00a0:<\/p>\n<p>&nbsp;<\/p>\n<ul>\n<li>&gt; <strong>Envoyez facilement<\/strong> vos commandes de conduits de fum\u00e9es<\/li>\n<li>&gt; Un <strong>acc\u00e8s r\u00e9serv\u00e9<\/strong> exclusivement aux clients inscrits sur notre webshop<\/li>\n<\/ul>\n<p><strong>Pas encore inscrit ?<\/strong><\/p>\n<p>Acc\u00e9dez \u00e0 votre Prix Pro<br \/>\n<strong><span style=\"text-decoration: underline;\"><a title=\"Inscription \/ Connexion\" href=\"https:\/\/jeremias.fr\/connexion\">&gt; Inscription \/ Connexion<\/a><\/span><\/strong><\/p>\n","sous_rubriques":[{"titre":"Acc\u00e8s depuis l'espace client","blocs":[{"acf_fc_layout":"bloc_de_texte","texte":"<h3>Connectez-vous sur votre espace client Jeremias<\/h3>\n<p>Vous pouvez acc\u00e9der \u00e0 cette fonctionnalit\u00e9 en cliquant sur l&rsquo;encart \u00ab\u00a0<strong>Panier express<\/strong>\u00ab\u00a0.<\/p>\n<p><strong>D\u00e9j\u00e0 connect\u00e9 ? <\/strong>Cliquez directement sur <strong>le signe \u00ab\u00a0+\u00a0\u00bb<\/strong> \u00e0 c\u00f4t\u00e9 du panier.<\/p>\n<p>&nbsp;<\/p>\n<p><img loading=\"lazy\" class=\"aligncenter size-full wp-image-4447\" src=\"https:\/\/jeremias.fr\/fabricant-conduit-tubage\/app\/uploads\/2024\/09\/Espace-client-panier-express-1.png\" alt=\"Espace client - Panier express\" width=\"1167\" height=\"548\" srcset=\"https:\/\/jeremias.fr\/fabricant-conduit-tubage\/app\/uploads\/2024\/09\/Espace-client-panier-express-1.png 1167w, https:\/\/jeremias.fr\/fabricant-conduit-tubage\/app\/uploads\/2024\/09\/Espace-client-panier-express-1-300x141.png 300w, https:\/\/jeremias.fr\/fabricant-conduit-tubage\/app\/uploads\/2024\/09\/Espace-client-panier-express-1-1024x481.png 1024w, https:\/\/jeremias.fr\/fabricant-conduit-tubage\/app\/uploads\/2024\/09\/Espace-client-panier-express-1-768x361.png 768w\" sizes=\"(max-width: 1167px) 100vw, 1167px\" \/><\/p>\n"}]},{"titre":"D\u00e9couvrir le PANIER EXPRESS","blocs":[{"acf_fc_layout":"bloc_de_texte","texte":"<h3>Ajoutez rapidement les r\u00e9f\u00e9rences<\/h3>\n<p><strong>Simple, rapide et efficace ! <\/strong>Comment proc\u00e9der ?<\/p>\n<p>&nbsp;<\/p>\n<ul>\n<li>Je saisis les <strong>r\u00e9f\u00e9rences articles\u00a0<\/strong><\/li>\n<li>Je choisis <strong>le diam\u00e8tre<\/strong><\/li>\n<li>Je v\u00e9rifie les articles gr\u00e2ce au <strong>visuel produit<\/strong><\/li>\n<li>J&rsquo;ajoute ma s\u00e9lection directement <strong>dans mon panier<\/strong><\/li>\n<\/ul>\n<p><img loading=\"lazy\" class=\"aligncenter size-full wp-image-4460\" src=\"https:\/\/jeremias.fr\/fabricant-conduit-tubage\/app\/uploads\/2024\/09\/Panier-express-ajout-references.png\" alt=\"Panier express - ajouter des r\u00e9f\u00e9rences\" width=\"1167\" height=\"548\" srcset=\"https:\/\/jeremias.fr\/fabricant-conduit-tubage\/app\/uploads\/2024\/09\/Panier-express-ajout-references.png 1167w, https:\/\/jeremias.fr\/fabricant-conduit-tubage\/app\/uploads\/2024\/09\/Panier-express-ajout-references-300x141.png 300w, https:\/\/jeremias.fr\/fabricant-conduit-tubage\/app\/uploads\/2024\/09\/Panier-express-ajout-references-1024x481.png 1024w, https:\/\/jeremias.fr\/fabricant-conduit-tubage\/app\/uploads\/2024\/09\/Panier-express-ajout-references-768x361.png 768w\" sizes=\"(max-width: 1167px) 100vw, 1167px\" \/><\/p>\n"}]},{"titre":"Importer un fichier Excel","blocs":[{"acf_fc_layout":"bloc_de_texte","texte":"<h3>T\u00e9l\u00e9chargez un fichier Excel : une autre fa\u00e7on rapide de passer commande<\/h3>\n<p><strong>Un fichier tr\u00e8s simple<\/strong> qui comportera les r\u00e9f\u00e9rences articles et leurs quantit\u00e9s.<br \/>\nUn <strong>mod\u00e8le \u00e0 t\u00e9l\u00e9charger<\/strong> est mis \u00e0 votre disposition.<\/p>\n<p>&nbsp;<\/p>\n<p><img loading=\"lazy\" class=\"aligncenter size-full wp-image-4446\" src=\"https:\/\/jeremias.fr\/fabricant-conduit-tubage\/app\/uploads\/2024\/09\/Espace-client-panier-express-csv.png\" alt=\"Panier express t\u00e9l\u00e9chargement de la commande\" width=\"1167\" height=\"548\" srcset=\"https:\/\/jeremias.fr\/fabricant-conduit-tubage\/app\/uploads\/2024\/09\/Espace-client-panier-express-csv.png 1167w, https:\/\/jeremias.fr\/fabricant-conduit-tubage\/app\/uploads\/2024\/09\/Espace-client-panier-express-csv-300x141.png 300w, https:\/\/jeremias.fr\/fabricant-conduit-tubage\/app\/uploads\/2024\/09\/Espace-client-panier-express-csv-1024x481.png 1024w, https:\/\/jeremias.fr\/fabricant-conduit-tubage\/app\/uploads\/2024\/09\/Espace-client-panier-express-csv-768x361.png 768w\" sizes=\"(max-width: 1167px) 100vw, 1167px\" \/><\/p>\n"}]},{"titre":"Inscription \/ Connexion","blocs":[{"acf_fc_layout":"bloc_de_texte","texte":"<h3>Connectez-vous imm\u00e9diatement \u00e0 votre espace client pour cr\u00e9er un PANIER EXPRESS<\/h3>\n<p>&gt; Acc\u00e9dez \u00e0 mon <a href=\"https:\/\/jeremias.fr\/connexion\">ESPACE PRO<\/a><\/p>\n<p>&nbsp;<\/p>\n<p><strong>Pas encore inscrit ?<\/strong><\/p>\n<p>Acc\u00e9dez \u00e0 votre Prix Pro<br \/>\n<strong><span style=\"text-decoration: underline;\"><a title=\"Inscription \/ Connexion\" href=\"https:\/\/jeremias.fr\/connexion\">&gt; Inscription \/ Connexion<\/a><\/span><\/strong><\/p>\n"}]}]},"yoast_head":"<!-- This site is optimized with the Yoast SEO plugin v19.2 - https:\/\/yoast.com\/wordpress\/plugins\/seo\/ -->\n<title>Panier express - Espace de commande rapide pour les professionnels.<\/title>\n<meta name=\"description\" content=\"Commandez vos conduits encore plus rapidement chez Jeremias gr\u00e2ce au panier express. D\u00e9couvrez ce service r\u00e9serv\u00e9 uniquement aux inscrits.\" \/>\n<meta name=\"robots\" content=\"index, follow, max-snippet:-1, max-image-preview:large, max-video-preview:-1\" \/>\n<link rel=\"canonical\" href=\"https:\/\/jeremias.fr\/fabricant-conduit-tubage\/panier-express-conduits-de-fumee-jeremias\/\" \/>\n<meta property=\"og:locale\" content=\"fr_FR\" \/>\n<meta property=\"og:type\" content=\"article\" \/>\n<meta property=\"og:title\" content=\"Panier express - Espace de commande rapide pour les professionnels.\" \/>\n<meta property=\"og:description\" content=\"Commandez vos conduits encore plus rapidement chez Jeremias gr\u00e2ce au panier express. D\u00e9couvrez ce service r\u00e9serv\u00e9 uniquement aux inscrits.\" \/>\n<meta property=\"og:url\" content=\"https:\/\/jeremias.fr\/fabricant-conduit-tubage\/panier-express-conduits-de-fumee-jeremias\/\" \/>\n<meta property=\"og:site_name\" content=\"Jeremias\" \/>\n<meta property=\"article:modified_time\" content=\"2024-09-19T14:49:52+00:00\" \/>\n<meta name=\"author\" content=\"Charline\" \/>\n<meta name=\"twitter:card\" content=\"summary_large_image\" \/>\n<script type=\"application\/ld+json\" class=\"yoast-schema-graph\">{\"@context\":\"https:\/\/schema.org\",\"@graph\":[{\"@type\":\"WebSite\",\"@id\":\"https:\/\/jeremias.fr\/fabricant-conduit-tubage\/#website\",\"url\":\"https:\/\/jeremias.fr\/fabricant-conduit-tubage\/\",\"name\":\"Jeremias\",\"description\":\"Conduits de fum\u00e9e\",\"potentialAction\":[{\"@type\":\"SearchAction\",\"target\":{\"@type\":\"EntryPoint\",\"urlTemplate\":\"https:\/\/jeremias.fr\/fabricant-conduit-tubage\/?s={search_term_string}\"},\"query-input\":\"required name=search_term_string\"}],\"inLanguage\":\"fr-FR\"},{\"@type\":\"WebPage\",\"@id\":\"https:\/\/jeremias.fr\/fabricant-conduit-tubage\/panier-express-conduits-de-fumee-jeremias\/#webpage\",\"url\":\"https:\/\/jeremias.fr\/fabricant-conduit-tubage\/panier-express-conduits-de-fumee-jeremias\/\",\"name\":\"Panier express - Espace de commande rapide pour les professionnels.\",\"isPartOf\":{\"@id\":\"https:\/\/jeremias.fr\/fabricant-conduit-tubage\/#website\"},\"datePublished\":\"2024-09-13T13:58:13+00:00\",\"dateModified\":\"2024-09-19T14:49:52+00:00\",\"description\":\"Commandez vos conduits encore plus rapidement chez Jeremias gr\u00e2ce au panier express. D\u00e9couvrez ce service r\u00e9serv\u00e9 uniquement aux inscrits.\",\"breadcrumb\":{\"@id\":\"https:\/\/jeremias.fr\/fabricant-conduit-tubage\/panier-express-conduits-de-fumee-jeremias\/#breadcrumb\"},\"inLanguage\":\"fr-FR\",\"potentialAction\":[{\"@type\":\"ReadAction\",\"target\":[\"https:\/\/jeremias.fr\/fabricant-conduit-tubage\/panier-express-conduits-de-fumee-jeremias\/\"]}]},{\"@type\":\"BreadcrumbList\",\"@id\":\"https:\/\/jeremias.fr\/fabricant-conduit-tubage\/panier-express-conduits-de-fumee-jeremias\/#breadcrumb\",\"itemListElement\":[{\"@type\":\"ListItem\",\"position\":1,\"name\":\"Home\",\"item\":\"https:\/\/jeremias.fr\/fabricant-conduit-tubage\/\"},{\"@type\":\"ListItem\",\"position\":2,\"name\":\"Un panier express pour commander plus rapidement\"}]}]}<\/script>\n<!-- \/ Yoast SEO plugin. -->","yoast_head_json":{"title":"Panier express - Espace de commande rapide pour les professionnels.","description":"Commandez vos conduits encore plus rapidement chez Jeremias gr\u00e2ce au panier express. D\u00e9couvrez ce service r\u00e9serv\u00e9 uniquement aux inscrits.","robots":{"index":"index","follow":"follow","max-snippet":"max-snippet:-1","max-image-preview":"max-image-preview:large","max-video-preview":"max-video-preview:-1"},"canonical":"https:\/\/jeremias.fr\/fabricant-conduit-tubage\/panier-express-conduits-de-fumee-jeremias\/","og_locale":"fr_FR","og_type":"article","og_title":"Panier express - Espace de commande rapide pour les professionnels.","og_description":"Commandez vos conduits encore plus rapidement chez Jeremias gr\u00e2ce au panier express. D\u00e9couvrez ce service r\u00e9serv\u00e9 uniquement aux inscrits.","og_url":"https:\/\/jeremias.fr\/fabricant-conduit-tubage\/panier-express-conduits-de-fumee-jeremias\/","og_site_name":"Jeremias","article_modified_time":"2024-09-19T14:49:52+00:00","author":"Charline","twitter_card":"summary_large_image","schema":{"@context":"https:\/\/schema.org","@graph":[{"@type":"WebSite","@id":"https:\/\/jeremias.fr\/fabricant-conduit-tubage\/#website","url":"https:\/\/jeremias.fr\/fabricant-conduit-tubage\/","name":"Jeremias","description":"Conduits de fum\u00e9e","potentialAction":[{"@type":"SearchAction","target":{"@type":"EntryPoint","urlTemplate":"https:\/\/jeremias.fr\/fabricant-conduit-tubage\/?s={search_term_string}"},"query-input":"required name=search_term_string"}],"inLanguage":"fr-FR"},{"@type":"WebPage","@id":"https:\/\/jeremias.fr\/fabricant-conduit-tubage\/panier-express-conduits-de-fumee-jeremias\/#webpage","url":"https:\/\/jeremias.fr\/fabricant-conduit-tubage\/panier-express-conduits-de-fumee-jeremias\/","name":"Panier express - Espace de commande rapide pour les professionnels.","isPartOf":{"@id":"https:\/\/jeremias.fr\/fabricant-conduit-tubage\/#website"},"datePublished":"2024-09-13T13:58:13+00:00","dateModified":"2024-09-19T14:49:52+00:00","description":"Commandez vos conduits encore plus rapidement chez Jeremias gr\u00e2ce au panier express. D\u00e9couvrez ce service r\u00e9serv\u00e9 uniquement aux inscrits.","breadcrumb":{"@id":"https:\/\/jeremias.fr\/fabricant-conduit-tubage\/panier-express-conduits-de-fumee-jeremias\/#breadcrumb"},"inLanguage":"fr-FR","potentialAction":[{"@type":"ReadAction","target":["https:\/\/jeremias.fr\/fabricant-conduit-tubage\/panier-express-conduits-de-fumee-jeremias\/"]}]},{"@type":"BreadcrumbList","@id":"https:\/\/jeremias.fr\/fabricant-conduit-tubage\/panier-express-conduits-de-fumee-jeremias\/#breadcrumb","itemListElement":[{"@type":"ListItem","position":1,"name":"Home","item":"https:\/\/jeremias.fr\/fabricant-conduit-tubage\/"},{"@type":"ListItem","position":2,"name":"Un panier express pour commander plus rapidement"}]}]}},"_links":{"self":[{"href":"https:\/\/jeremias.fr\/fabricant-conduit-tubage\/wp-json\/wp\/v2\/pages\/4432"}],"collection":[{"href":"https:\/\/jeremias.fr\/fabricant-conduit-tubage\/wp-json\/wp\/v2\/pages"}],"about":[{"href":"https:\/\/jeremias.fr\/fabricant-conduit-tubage\/wp-json\/wp\/v2\/types\/page"}],"author":[{"embeddable":true,"href":"https:\/\/jeremias.fr\/fabricant-conduit-tubage\/wp-json\/wp\/v2\/users\/3"}],"replies":[{"embeddable":true,"href":"https:\/\/jeremias.fr\/fabricant-conduit-tubage\/wp-json\/wp\/v2\/comments?post=4432"}],"version-history":[{"count":28,"href":"https:\/\/jeremias.fr\/fabricant-conduit-tubage\/wp-json\/wp\/v2\/pages\/4432\/revisions"}],"predecessor-version":[{"id":4499,"href":"https:\/\/jeremias.fr\/fabricant-conduit-tubage\/wp-json\/wp\/v2\/pages\/4432\/revisions\/4499"}],"wp:attachment":[{"href":"https:\/\/jeremias.fr\/fabricant-conduit-tubage\/wp-json\/wp\/v2\/media?parent=4432"}],"curies":[{"name":"wp","href":"https:\/\/api.w.org\/{rel}","templated":true}]}}