{"id":4277,"date":"2024-07-25T15:29:44","date_gmt":"2024-07-25T13:29:44","guid":{"rendered":"https:\/\/jeremias.fr\/fabricant-conduit-tubage\/?page_id=4277"},"modified":"2024-08-07T09:25:44","modified_gmt":"2024-08-07T07:25:44","slug":"supports-verticaux-pour-conduits-de-fumee","status":"publish","type":"page","link":"https:\/\/jeremias.fr\/fabricant-conduit-tubage\/supports-verticaux-pour-conduits-de-fumee\/","title":{"rendered":"Supports verticaux pour conduits de fum\u00e9e"},"content":{"rendered":"","protected":false},"excerpt":{"rendered":"","protected":false},"author":4,"featured_media":0,"parent":0,"menu_order":0,"comment_status":"closed","ping_status":"closed","template":"templates\/template-edito.php","meta":{"inline_featured_image":false},"acf":{"introduction":"<h1 class=\"title-edito-blog\">Les m\u00e2ts support,<\/h1>\n<p>Une solution technique pour l&rsquo;int\u00e9gration d&rsquo;un conduit de fum\u00e9e n\u00e9cessitant un d\u00e9passement important du support sur lequel le conduit est install\u00e9.<\/p>\n","sous_rubriques":[{"titre":"Les m\u00e2ts Jeremias","blocs":[{"acf_fc_layout":"galerie","images":[{"ID":4281,"id":4281,"title":"images-galerie-mat-schema","filename":"images-galerie-mat-schema.jpg","filesize":10335,"url":"https:\/\/jeremias.fr\/fabricant-conduit-tubage\/app\/uploads\/2024\/07\/images-galerie-mat-schema.jpg","link":"https:\/\/jeremias.fr\/fabricant-conduit-tubage\/supports-verticaux-pour-conduits-de-fumee\/attachment\/images-galerie-mat-schema\/","alt":"images-galerie-mat-schema","author":"4","description":"","caption":"","name":"images-galerie-mat-schema","status":"inherit","uploaded_to":4277,"date":"2024-07-24 13:06:14","modified":"2024-07-24 13:06:29","menu_order":0,"mime_type":"image\/jpeg","type":"image","subtype":"jpeg","icon":"https:\/\/jeremias.fr\/fabricant-conduit-tubage\/wp\/wp-includes\/images\/media\/default.png","width":967,"height":461,"sizes":{"thumbnail":"https:\/\/jeremias.fr\/fabricant-conduit-tubage\/app\/uploads\/2024\/07\/images-galerie-mat-schema-542x355.jpg","thumbnail-width":542,"thumbnail-height":355,"medium":"https:\/\/jeremias.fr\/fabricant-conduit-tubage\/app\/uploads\/2024\/07\/images-galerie-mat-schema-300x143.jpg","medium-width":300,"medium-height":143,"medium_large":"https:\/\/jeremias.fr\/fabricant-conduit-tubage\/app\/uploads\/2024\/07\/images-galerie-mat-schema-768x366.jpg","medium_large-width":640,"medium_large-height":305,"large":"https:\/\/jeremias.fr\/fabricant-conduit-tubage\/app\/uploads\/2024\/07\/images-galerie-mat-schema.jpg","large-width":640,"large-height":305,"1536x1536":"https:\/\/jeremias.fr\/fabricant-conduit-tubage\/app\/uploads\/2024\/07\/images-galerie-mat-schema.jpg","1536x1536-width":967,"1536x1536-height":461,"2048x2048":"https:\/\/jeremias.fr\/fabricant-conduit-tubage\/app\/uploads\/2024\/07\/images-galerie-mat-schema.jpg","2048x2048-width":967,"2048x2048-height":461,"post-thumbnail":"https:\/\/jeremias.fr\/fabricant-conduit-tubage\/app\/uploads\/2024\/07\/images-galerie-mat-schema-542x355.jpg","post-thumbnail-width":542,"post-thumbnail-height":355,"slider":"https:\/\/jeremias.fr\/fabricant-conduit-tubage\/app\/uploads\/2024\/07\/images-galerie-mat-schema-967x461.jpg","slider-width":967,"slider-height":461,"timeline":"https:\/\/jeremias.fr\/fabricant-conduit-tubage\/app\/uploads\/2024\/07\/images-galerie-mat-schema-399x257.jpg","timeline-width":399,"timeline-height":257}},{"ID":4282,"id":4282,"title":"images-galerie-mat-soutien","filename":"images-galerie-mat-soutien.jpg","filesize":57109,"url":"https:\/\/jeremias.fr\/fabricant-conduit-tubage\/app\/uploads\/2024\/07\/images-galerie-mat-soutien.jpg","link":"https:\/\/jeremias.fr\/fabricant-conduit-tubage\/supports-verticaux-pour-conduits-de-fumee\/attachment\/images-galerie-mat-soutien\/","alt":"images-galerie-mat-soutien","author":"4","description":"","caption":"","name":"images-galerie-mat-soutien","status":"inherit","uploaded_to":4277,"date":"2024-07-24 13:06:15","modified":"2024-07-24 13:06:26","menu_order":0,"mime_type":"image\/jpeg","type":"image","subtype":"jpeg","icon":"https:\/\/jeremias.fr\/fabricant-conduit-tubage\/wp\/wp-includes\/images\/media\/default.png","width":967,"height":461,"sizes":{"thumbnail":"https:\/\/jeremias.fr\/fabricant-conduit-tubage\/app\/uploads\/2024\/07\/images-galerie-mat-soutien-542x355.jpg","thumbnail-width":542,"thumbnail-height":355,"medium":"https:\/\/jeremias.fr\/fabricant-conduit-tubage\/app\/uploads\/2024\/07\/images-galerie-mat-soutien-300x143.jpg","medium-width":300,"medium-height":143,"medium_large":"https:\/\/jeremias.fr\/fabricant-conduit-tubage\/app\/uploads\/2024\/07\/images-galerie-mat-soutien-768x366.jpg","medium_large-width":640,"medium_large-height":305,"large":"https:\/\/jeremias.fr\/fabricant-conduit-tubage\/app\/uploads\/2024\/07\/images-galerie-mat-soutien.jpg","large-width":640,"large-height":305,"1536x1536":"https:\/\/jeremias.fr\/fabricant-conduit-tubage\/app\/uploads\/2024\/07\/images-galerie-mat-soutien.jpg","1536x1536-width":967,"1536x1536-height":461,"2048x2048":"https:\/\/jeremias.fr\/fabricant-conduit-tubage\/app\/uploads\/2024\/07\/images-galerie-mat-soutien.jpg","2048x2048-width":967,"2048x2048-height":461,"post-thumbnail":"https:\/\/jeremias.fr\/fabricant-conduit-tubage\/app\/uploads\/2024\/07\/images-galerie-mat-soutien-542x355.jpg","post-thumbnail-width":542,"post-thumbnail-height":355,"slider":"https:\/\/jeremias.fr\/fabricant-conduit-tubage\/app\/uploads\/2024\/07\/images-galerie-mat-soutien-967x461.jpg","slider-width":967,"slider-height":461,"timeline":"https:\/\/jeremias.fr\/fabricant-conduit-tubage\/app\/uploads\/2024\/07\/images-galerie-mat-soutien-399x257.jpg","timeline-width":399,"timeline-height":257}}]},{"acf_fc_layout":"bloc_de_texte","texte":"<h3 style=\"color: #0055ad;\">Les m\u00e2ts Jeremias,<\/h3>\n<p>Permettent de traiter toutes les hauteurs de d\u00e9passement tout en respectant la r\u00e9glementation de d\u00e9bouch\u00e9s des conduits de fum\u00e9e pour les \u00e9vacuations de gaz de combustion.<\/p>\n"},{"acf_fc_layout":"bloc_de_texte","texte":"<h3 style=\"color: #0055ad;\">Les avantages Jeremias<\/h3>\n<ul>\n<li>Facilit\u00e9 de mise en oeuvre,<\/li>\n<li>Solution standardis\u00e9e,<\/li>\n<li>Logistique adapt\u00e9e,<\/li>\n<li>Respect de la r\u00e9glementation.<\/li>\n<\/ul>\n"}]},{"titre":"Les m\u00e2ts - Produit","blocs":[{"acf_fc_layout":"bloc_de_texte","texte":"<table style=\"line-height: 1.5; border-collapse: separate; border-spacing: 1em;\">\n<thead  style=\"color: #0055ad; text-align: left;\">\n<th colspan=\"2\" scope=\"colgroup\" style=\"border-right: 2px #0055ad;\">M\u00c2T DE <strong>3 M\u00c8TRES<\/strong><\/th>\n<th colspan=\"2\" scope=\"colgroup\" style=\"border-right: 2px #0055ad;\">M\u00c2T DE <strong>5 M\u00c8TRES<\/th>\n<th colspan=\"2\" scope=\"colgroup\">M\u00c2T DE <strong>SUR-MESURE<\/th>\n<\/thead>\n<tbody>\n<tr style=\"display: table-row;\">\n<th style=\"height: 1.25em; width: 1.25em;\"><img style=\"height: 100%; width: 100%;\" src=\"https:\/\/jeremias.fr\/fabricant-conduit-tubage\/app\/uploads\/2024\/06\/valide-01-3-e1717485640625.png\" alt=\"validation\" \/><\/th>\n<td > Tube 100 mm x 100 mm \u00e9paisseur 4 mm<\/td>\n<th style=\"height: 1.25em; width: 1.25em;\"><img style=\"height: 100%; width: 100%;\" src=\"https:\/\/jeremias.fr\/fabricant-conduit-tubage\/app\/uploads\/2024\/06\/valide-01-3-e1717485640625.png\" alt=\"validation\" \/><\/th>\n<td > Tube 100 mm x 100 mm \u00e9paisseur 4 mm<\/td>\n<th style=\"height: 1.25em; width: 1.25em;\"><img style=\"height: 100%; width: 100%;\" src=\"https:\/\/jeremias.fr\/fabricant-conduit-tubage\/app\/uploads\/2024\/06\/valide-01-3-e1717485640625.png\" alt=\"validation\" \/><\/th>\n<td> Platine murale ou horizontale<\/td>\n<\/tr>\n<tr style=\"display: table-row;\">\n<th style=\"height: 1.25em; width: 1.25em;\"><img style=\"height: 100%; width: 100%;\" src=\"https:\/\/jeremias.fr\/fabricant-conduit-tubage\/app\/uploads\/2024\/06\/valide-01-3-e1717485640625.png\" alt=\"validation\" \/><\/th>\n<td > Thermolaquage gris clair<\/td>\n<th style=\"height: 1.25em; width: 1.25em;\"><img style=\"height: 100%; width: 100%;\" src=\"https:\/\/jeremias.fr\/fabricant-conduit-tubage\/app\/uploads\/2024\/06\/valide-01-3-e1717485640625.png\" alt=\"validation\" \/><\/th>\n<td > Thermolaquage gris clair<\/td>\n<th style=\"height: 1.25em; width: 1.25em;\"><img style=\"height: 100%; width: 100%;\" src=\"https:\/\/jeremias.fr\/fabricant-conduit-tubage\/app\/uploads\/2024\/06\/valide-01-3-e1717485640625.png\" alt=\"validation\" \/><\/th>\n<td> Hauteur de d\u00e9passement sur-mesure<\/td>\n<\/tr>\n<tr style=\"display: table-row;\">\n<th style=\"height: 1.25em; width: 1.25em;\"><img style=\"height: 100%; width: 100%;\" src=\"https:\/\/jeremias.fr\/fabricant-conduit-tubage\/app\/uploads\/2024\/06\/valide-01-3-e1717485640625.png\" alt=\"validation\" \/><\/th>\n<td > 2 supports lg 750 mm<\/td>\n<th style=\"height: 1.25em; width: 1.25em;\"><img style=\"height: 100%; width: 100%;\" src=\"https:\/\/jeremias.fr\/fabricant-conduit-tubage\/app\/uploads\/2024\/06\/valide-01-3-e1717485640625.png\" alt=\"validation\" \/><\/th>\n<td > 2 supports lg 750 mm<\/td>\n<th style=\"height: 1.25em; width: 1.25em;\"><img style=\"height: 100%; width: 100%;\" src=\"https:\/\/jeremias.fr\/fabricant-conduit-tubage\/app\/uploads\/2024\/06\/valide-01-3-e1717485640625.png\" alt=\"validation\" \/><\/th>\n<td> M\u00e2t d\u00e9port\u00e9<\/td>\n<\/tr>\n<tr style=\"display: table-row;\">\n<th style=\"height: 1.25em; width: 1.25em;\"><img style=\"height: 100%; width: 100%;\" src=\"https:\/\/jeremias.fr\/fabricant-conduit-tubage\/app\/uploads\/2024\/06\/valide-01-3-e1717485640625.png\" alt=\"validation\" \/><\/th>\n<td > 2 platines 250 mm x 250 mm x 10 mm<\/td>\n<th style=\"height: 1.25em; width: 1.25em;\"><img style=\"height: 100%; width: 100%;\" src=\"https:\/\/jeremias.fr\/fabricant-conduit-tubage\/app\/uploads\/2024\/06\/valide-01-3-e1717485640625.png\" alt=\"validation\" \/><\/th>\n<td > 2 platines 250 mm x 250 mm x 10 mm<\/td>\n<th style=\"height: 1.25em; width: 1.25em;\"><img style=\"height: 100%; width: 100%;\" src=\"https:\/\/jeremias.fr\/fabricant-conduit-tubage\/app\/uploads\/2024\/06\/valide-01-3-e1717485640625.png\" alt=\"validation\" \/><\/th>\n<td> RAL au choix<\/td>\n<\/tr>\n<tr style=\"display: table-row;\">\n<th style=\"height: 1.25em; width: 1.25em;\"><img style=\"height: 100%; width: 100%;\" src=\"https:\/\/jeremias.fr\/fabricant-conduit-tubage\/app\/uploads\/2024\/06\/valide-01-3-e1717485640625.png\" alt=\"validation\" \/><\/th>\n<td > Poids : 40 kg<\/td>\n<th style=\"height: 1.25em; width: 1.25em;\"><img style=\"height: 100%; width: 100%;\" src=\"https:\/\/jeremias.fr\/fabricant-conduit-tubage\/app\/uploads\/2024\/06\/valide-01-3-e1717485640625.png\" alt=\"validation\" \/><\/th>\n<td > Poids : 60 kg<\/td>\n<td ><\/td>\n<\/tr>\n<tr style=\"display: table-row;\">\n<th style=\"height: 1.25em; width: 1.25em;\"><img style=\"height: 100%; width: 100%;\" src=\"https:\/\/jeremias.fr\/fabricant-conduit-tubage\/app\/uploads\/2024\/06\/valide-01-3-e1717485640625.png\" alt=\"validation\" \/><\/th>\n<td > La prestation de Jeremias exclue la visserie de fixation<\/td>\n<th style=\"height: 1.25em; width: 1.25em;\"><img style=\"height: 100%; width: 100%;\" src=\"https:\/\/jeremias.fr\/fabricant-conduit-tubage\/app\/uploads\/2024\/06\/valide-01-3-e1717485640625.png\" alt=\"validation\" \/><\/th>\n<td > La prestation de Jeremias exclue la visserie de fixation<\/td>\n<td ><\/td>\n<\/tbody>\n<\/table>\n"},{"acf_fc_layout":"bloc_de_texte","texte":"<h3 style=\"color: #0055ad;\">Les sp\u00e9cificit\u00e9s<\/h3>\n<ul>\n<li>Le m\u00e2t sera fix\u00e9 sur un mur plein con\u00e7u pour r\u00e9sister aux efforts,<\/li>\n<li>Jeremias ne s&rsquo;engage pas sur la v\u00e9rification du support sur lequel le m\u00e2t est install\u00e9,<\/li>\n<li>Jeremias peut vous remettre une \u00e9tude standard de r\u00e9sistance aux efforts (possibilit\u00e9 d&rsquo;\u00e9tude sp\u00e9cifique),<\/li>\n<li>Le co\u00fbt du transport est variable en fonction du lieu de livraison. Nos m\u00e2ts sont livr\u00e9s avec moyen de d\u00e9chargement.<\/li>\n<li>Possibilit\u00e9 de peinture RAL (standard 9006 et autres RAL sur consultation)<\/li>\n<\/ul>\n"}]},{"titre":"Un projet ? Parlons-en !","blocs":[{"acf_fc_layout":"bloc_de_texte","texte":"<p><a href=\"https:\/\/jeremias.fr\/nous-contacter\"><br \/>\n<img loading=\"lazy\" class=\"alignleft wp-image-3893 size-full\" src=\"https:\/\/jeremias.fr\/fabricant-conduit-tubage\/app\/uploads\/2024\/06\/CTA-inscription-jeremias.fr-1.png\" alt=\"CTA-inscription-jeremias.fr-1\" width=\"1000\" height=\"300\" srcset=\"https:\/\/jeremias.fr\/fabricant-conduit-tubage\/app\/uploads\/2024\/06\/CTA-inscription-jeremias.fr-1.png 1000w, https:\/\/jeremias.fr\/fabricant-conduit-tubage\/app\/uploads\/2024\/06\/CTA-inscription-jeremias.fr-1-300x90.png 300w, https:\/\/jeremias.fr\/fabricant-conduit-tubage\/app\/uploads\/2024\/06\/CTA-inscription-jeremias.fr-1-768x230.png 768w\" sizes=\"(max-width: 1000px) 100vw, 1000px\" \/><\/a><\/p>\n"}]}],"utiliser_layout_presta":true,"produits_suggeres":[]},"yoast_head":"<!-- This site is optimized with the Yoast SEO plugin v19.2 - https:\/\/yoast.com\/wordpress\/plugins\/seo\/ -->\n<title>Supports verticaux pour conduits de fum\u00e9e - Jeremias<\/title>\n<meta name=\"robots\" content=\"index, follow, max-snippet:-1, max-image-preview:large, max-video-preview:-1\" \/>\n<link rel=\"canonical\" href=\"https:\/\/jeremias.fr\/fabricant-conduit-tubage\/supports-verticaux-pour-conduits-de-fumee\/\" \/>\n<meta property=\"og:locale\" content=\"fr_FR\" \/>\n<meta property=\"og:type\" content=\"article\" \/>\n<meta property=\"og:title\" content=\"Supports verticaux pour conduits de fum\u00e9e - Jeremias\" \/>\n<meta property=\"og:url\" content=\"https:\/\/jeremias.fr\/fabricant-conduit-tubage\/supports-verticaux-pour-conduits-de-fumee\/\" \/>\n<meta property=\"og:site_name\" content=\"Jeremias\" \/>\n<meta property=\"article:modified_time\" content=\"2024-08-07T07:25:44+00:00\" \/>\n<meta name=\"author\" content=\"Eva Aristhene\" \/>\n<meta name=\"twitter:card\" content=\"summary_large_image\" \/>\n<script type=\"application\/ld+json\" class=\"yoast-schema-graph\">{\"@context\":\"https:\/\/schema.org\",\"@graph\":[{\"@type\":\"WebSite\",\"@id\":\"https:\/\/jeremias.fr\/fabricant-conduit-tubage\/#website\",\"url\":\"https:\/\/jeremias.fr\/fabricant-conduit-tubage\/\",\"name\":\"Jeremias\",\"description\":\"Conduits de fum\u00e9e\",\"potentialAction\":[{\"@type\":\"SearchAction\",\"target\":{\"@type\":\"EntryPoint\",\"urlTemplate\":\"https:\/\/jeremias.fr\/fabricant-conduit-tubage\/?s={search_term_string}\"},\"query-input\":\"required name=search_term_string\"}],\"inLanguage\":\"fr-FR\"},{\"@type\":\"WebPage\",\"@id\":\"https:\/\/jeremias.fr\/fabricant-conduit-tubage\/supports-verticaux-pour-conduits-de-fumee\/#webpage\",\"url\":\"https:\/\/jeremias.fr\/fabricant-conduit-tubage\/supports-verticaux-pour-conduits-de-fumee\/\",\"name\":\"Supports verticaux pour conduits de fum\u00e9e - Jeremias\",\"isPartOf\":{\"@id\":\"https:\/\/jeremias.fr\/fabricant-conduit-tubage\/#website\"},\"datePublished\":\"2024-07-25T13:29:44+00:00\",\"dateModified\":\"2024-08-07T07:25:44+00:00\",\"breadcrumb\":{\"@id\":\"https:\/\/jeremias.fr\/fabricant-conduit-tubage\/supports-verticaux-pour-conduits-de-fumee\/#breadcrumb\"},\"inLanguage\":\"fr-FR\",\"potentialAction\":[{\"@type\":\"ReadAction\",\"target\":[\"https:\/\/jeremias.fr\/fabricant-conduit-tubage\/supports-verticaux-pour-conduits-de-fumee\/\"]}]},{\"@type\":\"BreadcrumbList\",\"@id\":\"https:\/\/jeremias.fr\/fabricant-conduit-tubage\/supports-verticaux-pour-conduits-de-fumee\/#breadcrumb\",\"itemListElement\":[{\"@type\":\"ListItem\",\"position\":1,\"name\":\"Home\",\"item\":\"https:\/\/jeremias.fr\/fabricant-conduit-tubage\/\"},{\"@type\":\"ListItem\",\"position\":2,\"name\":\"Supports verticaux pour conduits de fum\u00e9e\"}]}]}<\/script>\n<!-- \/ Yoast SEO plugin. -->","yoast_head_json":{"title":"Supports verticaux pour conduits de fum\u00e9e - Jeremias","robots":{"index":"index","follow":"follow","max-snippet":"max-snippet:-1","max-image-preview":"max-image-preview:large","max-video-preview":"max-video-preview:-1"},"canonical":"https:\/\/jeremias.fr\/fabricant-conduit-tubage\/supports-verticaux-pour-conduits-de-fumee\/","og_locale":"fr_FR","og_type":"article","og_title":"Supports verticaux pour conduits de fum\u00e9e - Jeremias","og_url":"https:\/\/jeremias.fr\/fabricant-conduit-tubage\/supports-verticaux-pour-conduits-de-fumee\/","og_site_name":"Jeremias","article_modified_time":"2024-08-07T07:25:44+00:00","author":"Eva Aristhene","twitter_card":"summary_large_image","schema":{"@context":"https:\/\/schema.org","@graph":[{"@type":"WebSite","@id":"https:\/\/jeremias.fr\/fabricant-conduit-tubage\/#website","url":"https:\/\/jeremias.fr\/fabricant-conduit-tubage\/","name":"Jeremias","description":"Conduits de fum\u00e9e","potentialAction":[{"@type":"SearchAction","target":{"@type":"EntryPoint","urlTemplate":"https:\/\/jeremias.fr\/fabricant-conduit-tubage\/?s={search_term_string}"},"query-input":"required name=search_term_string"}],"inLanguage":"fr-FR"},{"@type":"WebPage","@id":"https:\/\/jeremias.fr\/fabricant-conduit-tubage\/supports-verticaux-pour-conduits-de-fumee\/#webpage","url":"https:\/\/jeremias.fr\/fabricant-conduit-tubage\/supports-verticaux-pour-conduits-de-fumee\/","name":"Supports verticaux pour conduits de fum\u00e9e - Jeremias","isPartOf":{"@id":"https:\/\/jeremias.fr\/fabricant-conduit-tubage\/#website"},"datePublished":"2024-07-25T13:29:44+00:00","dateModified":"2024-08-07T07:25:44+00:00","breadcrumb":{"@id":"https:\/\/jeremias.fr\/fabricant-conduit-tubage\/supports-verticaux-pour-conduits-de-fumee\/#breadcrumb"},"inLanguage":"fr-FR","potentialAction":[{"@type":"ReadAction","target":["https:\/\/jeremias.fr\/fabricant-conduit-tubage\/supports-verticaux-pour-conduits-de-fumee\/"]}]},{"@type":"BreadcrumbList","@id":"https:\/\/jeremias.fr\/fabricant-conduit-tubage\/supports-verticaux-pour-conduits-de-fumee\/#breadcrumb","itemListElement":[{"@type":"ListItem","position":1,"name":"Home","item":"https:\/\/jeremias.fr\/fabricant-conduit-tubage\/"},{"@type":"ListItem","position":2,"name":"Supports verticaux pour conduits de fum\u00e9e"}]}]}},"_links":{"self":[{"href":"https:\/\/jeremias.fr\/fabricant-conduit-tubage\/wp-json\/wp\/v2\/pages\/4277"}],"collection":[{"href":"https:\/\/jeremias.fr\/fabricant-conduit-tubage\/wp-json\/wp\/v2\/pages"}],"about":[{"href":"https:\/\/jeremias.fr\/fabricant-conduit-tubage\/wp-json\/wp\/v2\/types\/page"}],"author":[{"embeddable":true,"href":"https:\/\/jeremias.fr\/fabricant-conduit-tubage\/wp-json\/wp\/v2\/users\/4"}],"replies":[{"embeddable":true,"href":"https:\/\/jeremias.fr\/fabricant-conduit-tubage\/wp-json\/wp\/v2\/comments?post=4277"}],"version-history":[{"count":16,"href":"https:\/\/jeremias.fr\/fabricant-conduit-tubage\/wp-json\/wp\/v2\/pages\/4277\/revisions"}],"predecessor-version":[{"id":4396,"href":"https:\/\/jeremias.fr\/fabricant-conduit-tubage\/wp-json\/wp\/v2\/pages\/4277\/revisions\/4396"}],"wp:attachment":[{"href":"https:\/\/jeremias.fr\/fabricant-conduit-tubage\/wp-json\/wp\/v2\/media?parent=4277"}],"curies":[{"name":"wp","href":"https:\/\/api.w.org\/{rel}","templated":true}]}}