{"id":4275,"date":"2024-07-25T15:35:14","date_gmt":"2024-07-25T13:35:14","guid":{"rendered":"https:\/\/jeremias.fr\/fabricant-conduit-tubage\/?page_id=4275"},"modified":"2024-07-31T09:03:53","modified_gmt":"2024-07-31T07:03:53","slug":"solutions-de-derivation-bypass-pour-conduits-industriels","status":"publish","type":"page","link":"https:\/\/jeremias.fr\/fabricant-conduit-tubage\/solutions-de-derivation-bypass-pour-conduits-industriels\/","title":{"rendered":"Solutions de d\u00e9rivation\/bypass pour conduits industriels"},"content":{"rendered":"","protected":false},"excerpt":{"rendered":"","protected":false},"author":4,"featured_media":0,"parent":0,"menu_order":0,"comment_status":"closed","ping_status":"closed","template":"templates\/template-edito.php","meta":{"inline_featured_image":false},"acf":{"introduction":"<h1 class=\"title-edito-blog\">Les clapets ou registres,<\/h1>\n<p>La multiplication des installations de chaudi\u00e8res en cascades et l&rsquo;utilisation croissante de condenseur sur les chaudi\u00e8res gaz, vapeur et biomasse, fait cro\u00eetre les applications avec bypass qui n\u00e9cessite des registres.<\/p>\n","sous_rubriques":[{"titre":"Les clapets et registres","blocs":[{"acf_fc_layout":"galerie","images":[{"ID":4279,"id":4279,"title":"images-galerie-clapet-regulation","filename":"images-galerie-clepet-regulation.jpg","filesize":17791,"url":"https:\/\/jeremias.fr\/fabricant-conduit-tubage\/app\/uploads\/2024\/07\/images-galerie-clepet-regulation.jpg","link":"https:\/\/jeremias.fr\/fabricant-conduit-tubage\/solutions-de-derivation-bypass-pour-conduits-industriels\/attachment\/images-galerie-clepet-regulation\/","alt":"images-galerie-clapet-regulation","author":"4","description":"","caption":"","name":"images-galerie-clepet-regulation","status":"inherit","uploaded_to":4275,"date":"2024-07-24 12:56:16","modified":"2024-07-24 12:56:24","menu_order":0,"mime_type":"image\/jpeg","type":"image","subtype":"jpeg","icon":"https:\/\/jeremias.fr\/fabricant-conduit-tubage\/wp\/wp-includes\/images\/media\/default.png","width":967,"height":461,"sizes":{"thumbnail":"https:\/\/jeremias.fr\/fabricant-conduit-tubage\/app\/uploads\/2024\/07\/images-galerie-clepet-regulation-542x355.jpg","thumbnail-width":542,"thumbnail-height":355,"medium":"https:\/\/jeremias.fr\/fabricant-conduit-tubage\/app\/uploads\/2024\/07\/images-galerie-clepet-regulation-300x143.jpg","medium-width":300,"medium-height":143,"medium_large":"https:\/\/jeremias.fr\/fabricant-conduit-tubage\/app\/uploads\/2024\/07\/images-galerie-clepet-regulation-768x366.jpg","medium_large-width":640,"medium_large-height":305,"large":"https:\/\/jeremias.fr\/fabricant-conduit-tubage\/app\/uploads\/2024\/07\/images-galerie-clepet-regulation.jpg","large-width":640,"large-height":305,"1536x1536":"https:\/\/jeremias.fr\/fabricant-conduit-tubage\/app\/uploads\/2024\/07\/images-galerie-clepet-regulation.jpg","1536x1536-width":967,"1536x1536-height":461,"2048x2048":"https:\/\/jeremias.fr\/fabricant-conduit-tubage\/app\/uploads\/2024\/07\/images-galerie-clepet-regulation.jpg","2048x2048-width":967,"2048x2048-height":461,"post-thumbnail":"https:\/\/jeremias.fr\/fabricant-conduit-tubage\/app\/uploads\/2024\/07\/images-galerie-clepet-regulation-542x355.jpg","post-thumbnail-width":542,"post-thumbnail-height":355,"slider":"https:\/\/jeremias.fr\/fabricant-conduit-tubage\/app\/uploads\/2024\/07\/images-galerie-clepet-regulation-967x461.jpg","slider-width":967,"slider-height":461,"timeline":"https:\/\/jeremias.fr\/fabricant-conduit-tubage\/app\/uploads\/2024\/07\/images-galerie-clepet-regulation-399x257.jpg","timeline-width":399,"timeline-height":257}}]},{"acf_fc_layout":"bloc_de_texte","texte":"<h3 style=\"color: #0055ad;\">Les clapets et registres Jeremias,<\/h3>\n<p>Sont r\u00e9partis entre diff\u00e9rents mod\u00e8les de clapets de r\u00e9gulation (ou Diermeyer) et de s\u00e9curit\u00e9. Nous proposons diff\u00e9rents mod\u00e8les de clapets motoris\u00e9s et manuels jusqu&rsquo;\u00e0 des pressions d&rsquo;utilisation de 5000 Pa. Ainsi, il existe une large compatibilit\u00e9 avec nos syst\u00e8mes, y compris ceux fonctionnant en surpression et les appareils pour cog\u00e9n\u00e9ration.<\/p>\n"},{"acf_fc_layout":"bloc_de_texte","texte":"<h3 style=\"color: #0055ad;\">Les avantages Jeremias,<\/h3>\n<ul>\n<li>Montage horizontal ou vertical,<\/li>\n<li>Soudure en continue sur toutes les pi\u00e8ces,<\/li>\n<li>R\u00e9utilisable apr\u00e8s fonctionnement,<\/li>\n<li>Design sp\u00e9cifique selon n\u00e9cessit\u00e9.<\/li>\n<\/ul>\n"}]},{"titre":"Les clapets et registres - Zoom produit","blocs":[{"acf_fc_layout":"bloc_de_texte","texte":"<h3 style=\"color: #0055ad;\">Les caract\u00e9ristiques<\/h3>\n<p>&nbsp;<\/p>\n<h4>Clapet de r\u00e9gulation ou Diermeyer (du nom de son inventeur)<\/h4>\n<ul>\n<li>Install\u00e9e entre le g\u00e9n\u00e9rateur et le conduit vertical ou entre la chaudi\u00e8re et la section verticale de la chemin\u00e9e<\/li>\n<li>Permet de fermer l&rsquo;\u00e9vacuation de gaz de combustion sur le conduit lorsque cela est n\u00e9cessaire. Lorsque 2 chaudi\u00e8res sont install\u00e9es sur le m\u00eame parcours, il assure le fonctionnement dissoci\u00e9 des diff\u00e9rents appareils.<\/li>\n<li>Obligatoire dans le cas d&rsquo;une installation fonctionnant avec 2 combustibles diff\u00e9rents,<\/li>\n<li>Peut \u00eatre isol\u00e9 thermiquement et g\u00e9rer des surpressions allant jusqu&rsquo;\u00e0 5000 Pa,<\/li>\n<li>Se ferme pour \u00e9viter un refroidissement du conduit et permet donc d&rsquo;\u00e9conomiser de l&rsquo;\u00e9nergie. Dans les syst\u00e8mes en cascade, il \u00e9vite les reflux et donc l&rsquo;endommagement de la chaudi\u00e8re.<\/li>\n<\/ul>\n<p>&nbsp;<\/p>\n<h4>Clapet de s\u00e9curit\u00e9<\/h4>\n<ul>\n<li>Utilis\u00e9 pour les installations de grande puissance,<\/li>\n<li>Evite l&rsquo;endommagement du conduit de fum\u00e9e dans le cas de d\u00e9pression brusque sur l&rsquo;installation (implosion) ou de brusque surpression (explosion) \u00e0 l&rsquo;int\u00e9rieur du conduit.<\/li>\n<\/ul>\n"},{"acf_fc_layout":"bloc_de_texte","texte":"<h3 style=\"color: #0055ad;\">Les applications<\/h3>\n<p>&nbsp;<\/p>\n<table>\n<tbody style=\"display: table-row-group; vertical-align: middle; border-color: inherit;\">\n<tr style=\"display: table-row;\">\n<th style=\"height: 2em; width: 2em;\"><img style=\"height: 100%; width: 100%;\" src=\"https:\/\/jeremias.fr\/fabricant-conduit-tubage\/app\/uploads\/2024\/06\/valide-01-3-e1717485640625.png\" alt=\"validation\" \/><\/th>\n<td style=\"line-height: 2; vertical-align: middle; background-color: #f5f5f5; border: #ffffff, 1px, solid; padding-left: 5px;\">Process industriel<\/td>\n<\/tr>\n<tr style=\"display: table-row;\">\n<th style=\"height: 2em; width: 2em;\"><img style=\"height: 100%; width: 100%;\" src=\"https:\/\/jeremias.fr\/fabricant-conduit-tubage\/app\/uploads\/2024\/06\/valide-01-3-e1717485640625.png\" alt=\"validation\" \/><\/th>\n<td style=\"line-height: 2; vertical-align: middle; border: #ffffff, 1px, solid; padding-left: 5px;\">Fours<\/td>\n<\/tr>\n<tr style=\"display: table-row;\">\n<th style=\"height: 2em; width: 2em;\"><img style=\"height: 100%; width: 100%;\" src=\"https:\/\/jeremias.fr\/fabricant-conduit-tubage\/app\/uploads\/2024\/06\/valide-01-3-e1717485640625.png\" alt=\"validation\" \/><\/th>\n<td style=\"line-height: 2; vertical-align: middle; background-color: #f5f5f5; border: #ffffff, 1px, solid; padding-left: 5px;\">Bancs d&rsquo;essai moteur<\/td>\n<\/tr>\n<tr style=\"display: table-row;\">\n<th style=\"height: 2em; width: 2em;\"><img style=\"height: 100%; width: 100%;\" src=\"https:\/\/jeremias.fr\/fabricant-conduit-tubage\/app\/uploads\/2024\/06\/valide-01-3-e1717485640625.png\" alt=\"validation\" \/><\/th>\n<td style=\"line-height: 2; vertical-align: middle; border: #ffffff, 1px, solid; padding-left: 5px;\">Cog\u00e9n\u00e9ration et groupe \u00e9lectrog\u00e8ne<\/td>\n<\/tr>\n<tr style=\"display: table-row;\">\n<th style=\"height: 2em; width: 2em;\"><img style=\"height: 100%; width: 100%;\" src=\"https:\/\/jeremias.fr\/fabricant-conduit-tubage\/app\/uploads\/2024\/06\/valide-01-3-e1717485640625.png\" alt=\"validation\" \/><\/th>\n<td style=\"line-height: 2; vertical-align: middle; background-color: #f5f5f5; border: #ffffff, 1px, solid; padding-left: 5px;\">Syst\u00e8mes d&rsquo;\u00e9chappement en surpression<\/td>\n<\/tr>\n<tr style=\"display: table-row;\">\n<th style=\"height: 2em; width: 2em;\"><img style=\"height: 100%; width: 100%;\" src=\"https:\/\/jeremias.fr\/fabricant-conduit-tubage\/app\/uploads\/2024\/06\/valide-01-3-e1717485640625.png\" alt=\"validation\" \/><\/th>\n<td style=\"line-height: 2; vertical-align: middle; border: #ffffff, 1px, solid; padding-left: 5px;\">Economiseur et condenseur<\/td>\n<\/tr>\n<\/tbody>\n<\/table>\n<p>&nbsp;<\/p>\n"}]},{"titre":"Les diff\u00e9rents mod\u00e8les de clapets","blocs":[{"acf_fc_layout":"bloc_de_texte","texte":"<table style=\"font-size: 0.9em; \">\n<thead style=\"border: #ffffff, 1px, solid; vertical-align: middle;\">\n<tr style=\"text-align: center; white-space:nowrap; width: 50%; color: #ffffff; background-color: #ffffff;\">\n<th scope=\"col\" style=\"background-color: #ffffff\"><\/th>\n<th scope =\"col\" style=\"color:#0055ad; border: #ffffff, 1px, solid; padding: 5px;\"><img src=\"https:\/\/jeremias.fr\/fabricant-conduit-tubage\/app\/uploads\/2024\/07\/image-clapet-regulation-manuel-jeremias-france.jpg\" alt=\"clapet regulation manuel jeremias france\" style=\"height: 8em; width: 8em;\" > <br \/> <strong>MAK-N-H1-00-FU<\/strong><\/th>\n<th scope =\"col\" style=\"color:#0055ad; border: #ffffff, 1px, solid; padding: 5px;\"><img src=\"https:\/\/jeremias.fr\/fabricant-conduit-tubage\/app\/uploads\/2024\/07\/imaimage-clapet-regulation-jeremias-france.jpg\" alt=\"image clapet regulation jeremias france\" style=\"height: 8em; width: 8em;\" ><br \/><strong>MAK-N-Bx-00-FU<\/strong><\/th>\n<th scope =\"col\" style=\"color:#0055ad; border: #ffffff, 1px, solid; padding: 5px;\"><img src=\"https:\/\/jeremias.fr\/fabricant-conduit-tubage\/app\/uploads\/2024\/07\/image-clapet-regulation-modele-manuel-jeremias-france.jpg\" alt=\"clapet regulation modele manuel jeremias france\" style=\"height: 8em; width: 8em;\" ><br \/><strong>MAK-PD-G1-00-FU<\/strong><\/th>\n<th scope =\"col\" style=\"color:#0055ad; border: #ffffff, 1px, solid; padding: 5px;\"><img src=\"https:\/\/jeremias.fr\/fabricant-conduit-tubage\/app\/uploads\/2024\/07\/image-clapet-regulation-modele2-manuel-jeremias-france.jpg\" alt=\"clapet regulation modele2 manuel jeremias france\" style=\"height: 8em; width: 8em;\" ><br \/><strong>MAK-HP-B3-00-FL<\/strong><\/th>\n<th scope =\"col\" style=\"color:#0055ad; border: #ffffff, 1px, solid; padding: 5px;\"><img src=\"https:\/\/jeremias.fr\/fabricant-conduit-tubage\/app\/uploads\/2024\/07\/image-clapet-regulation-modele2-manuel-jeremias-france-process-industriel.jpg\" alt=\"clapet regulation modele2 manuel jeremias france\" style=\"height: 8em; width: 8em;\"><br \/><strong>MAK-HT-AX-00-FL<\/strong><\/th>\n<\/tr>\n<\/thead>\n<tbody  style=\"text-align: center; line-height:1.2;\">\n<tr style=\"background-color: #f5f5f5;\">\n<th scope=\"row\" style=\"text-align: left; border: #ffffff, 1px, solid; padding: 5px; color: #ffffff; background-color:#0055ad; vertical-align: middle;\">Connexion<\/th>\n<td style=\"border: #ffffff, 1px, solid; padding: 5px; vertical-align: middle;\">EW<\/td>\n<td style=\"border: #ffffff, 1px, solid; padding: 5px; vertical-align: middle;\">EW<\/td>\n<td style=\"border: #ffffff, 1px, solid; padding: 5px; vertical-align: middle;\">EW avec joint<\/td>\n<td style=\"border: #ffffff, 1px, solid; padding: 5px; vertical-align: middle;\">Bride<\/td>\n<td style=\"border: #ffffff, 1px, solid; padding: 5px; vertical-align: middle;\">Bride<\/td>\n<\/tr>\n<tr style=\"background-color: #ffffff;\">\n<th scope=\"row\" style=\"text-align: left; border: #ffffff, 1px, solid; padding: 5px; color: #ffffff; background-color:#0055ad; vertical-align: middle;\">Niveau de Pression<\/th>\n<td style=\"border: #ffffff, 1px, solid; padding: 5px; vertical-align: middle;\">N1<\/td>\n<td style=\"border: #ffffff, 1px, solid; padding: 5px; vertical-align: middle;\">N1<\/td>\n<td style=\"border: #ffffff, 1px, solid; padding: 5px; vertical-align: middle;\">P1<\/td>\n<td style=\"border: #ffffff, 1px, solid; padding: 5px; vertical-align: middle;\">H1<\/td>\n<td style=\"border: #ffffff, 1px, solid; padding: 5px; vertical-align: middle;\">H1<\/td>\n<\/tr>\n<tr style=\"background-color: #f5f5f5;\">\n<th scope=\"row\" style=\"text-align: left; border: #ffffff, 1px, solid; padding: 5px; color: #ffffff; background-color:#0055ad; vertical-align: middle;\">Temp\u00e9rature Max<\/th>\n<td style=\"border: #ffffff, 1px, solid; padding: 5px; vertical-align: middle;\">400\u00b0C<\/td>\n<td style=\"border: #ffffff, 1px, solid; padding: 5px; vertical-align: middle;\">400\u00b0C<\/td>\n<td style=\"border: #ffffff, 1px, solid; padding: 5px; vertical-align: middle;\">120\u00b0C<\/td>\n<td style=\"border: #ffffff, 1px, solid; padding: 5px; vertical-align: middle;\">400\u00b0C<\/td>\n<td style=\"border: #ffffff, 1px, solid; padding: 5px; vertical-align: middle;\">600\u00b0C<\/td>\n<\/tr>\n<tr style=\"background-color: #ffffff;\">\n<th scope=\"row\" style=\"text-align: left; border: #ffffff, 1px, solid; padding: 5px; color: #ffffff; background-color:#0055ad; vertical-align: middle;\">Mati\u00e8re<\/th>\n<td style=\"border: #ffffff, 1px, solid; padding: 5px; vertical-align: middle;\">316L<\/td>\n<td style=\"border: #ffffff, 1px, solid; padding: 5px; vertical-align: middle;\">316L<\/td>\n<td style=\"border: #ffffff, 1px, solid; padding: 5px; vertical-align: middle;\">316L<\/td>\n<td style=\"border: #ffffff, 1px, solid; padding: 5px; vertical-align: middle;\">316L<\/td>\n<td style=\"border: #ffffff, 1px, solid; padding: 5px; vertical-align: middle;\">316L<\/td>\n<\/tr>\n<tr style=\"background-color: #f5f5f5;\">\n<th scope=\"row\" style=\"text-align: left; border: #ffffff, 1px, solid; padding: 5px; color: #ffffff; background-color:#0055ad; vertical-align: middle;\">\u00c9tanch\u00e9it\u00e9 Condensation du Clapet<\/th>\n<td style=\"border: #ffffff, 1px, solid; padding: 5px; vertical-align: middle;\">non<\/td>\n<td style=\"border: #ffffff, 1px, solid; padding: 5px; vertical-align: middle;\">non<\/td>\n<td style=\"border: #ffffff, 1px, solid; padding: 5px; vertical-align: middle;\">oui <em>(joint silicone)<\/em><\/td>\n<td style=\"border: #ffffff, 1px, solid; padding: 5px; vertical-align: middle;\">oui <em>(m\u00e9tal\/m\u00e9tal)<\/em><\/td>\n<td style=\"border: #ffffff, 1px, solid; padding: 5px; vertical-align: middle;\">oui <em>(joint c\u00e9ramique)<\/em><\/td>\n<\/tr>\n<tr style=\"background-color: #ffffff;\">\n<th scope=\"row\" style=\"text-align: left; border: #ffffff, 1px, solid; padding: 5px; color: #ffffff; background-color:#0055ad; vertical-align: middle;\">Option pour un Switch de Contr\u00f4le<\/th>\n<td style=\"border: #ffffff, 1px, solid; padding: 5px; vertical-align: middle;\">non<\/td>\n<td style=\"border: #ffffff, 1px, solid; padding: 5px; vertical-align: middle;\">oui<\/td>\n<td style=\"border: #ffffff, 1px, solid; padding: 5px; vertical-align: middle;\">non<\/td>\n<td style=\"border: #ffffff, 1px, solid; padding: 5px; vertical-align: middle;\">oui<\/td>\n<td style=\"border: #ffffff, 1px, solid; padding: 5px; vertical-align: middle;\">non<\/td>\n<\/tr>\n<tr style=\"background-color: #f5f5f5;\">\n<th scope=\"row\" style=\"text-align: left; border: #ffffff, 1px, solid; padding: 5px; color: #ffffff; background-color:#0055ad; vertical-align: middle;\">Option pour Ressort Retour sur Position<\/th>\n<td style=\"border: #ffffff, 1px, solid; padding: 5px; vertical-align: middle;\">non<\/td>\n<td style=\"border: #ffffff, 1px, solid; padding: 5px; vertical-align: middle;\">oui<\/td>\n<td style=\"border: #ffffff, 1px, solid; padding: 5px; vertical-align: middle;\">inclus<\/td>\n<td style=\"border: #ffffff, 1px, solid; padding: 5px; vertical-align: middle;\">oui<\/td>\n<td style=\"border: #ffffff, 1px, solid; padding: 5px; vertical-align: middle;\">oui sur les petits diam\u00e8tres <em>(nous consulter)<\/em><\/td>\n<\/tr>\n<tr style=\"background-color: #ffffff;\">\n<th scope=\"row\" style=\"text-align: left; border: #ffffff, 1px, solid; padding: 5px; color: #ffffff; background-color:#0055ad; vertical-align: middle;\">Temps d\u2019Ouverture et de Fermeture<\/th>\n<td style=\"border: #ffffff, 1px, solid; padding: 5px; vertical-align: middle;\">MANUEL<\/td>\n<td style=\"border: #ffffff, 1px, solid; padding: 5px; vertical-align: middle;\">150s<\/td>\n<td style=\"border: #ffffff, 1px, solid; padding: 5px; vertical-align: middle;\">7s<\/td>\n<td style=\"border: #ffffff, 1px, solid; padding: 5px; vertical-align: middle;\">150s<\/td>\n<td style=\"border: #ffffff, 1px, solid; padding: 5px; vertical-align: middle;\">30-120s, programmable<\/td>\n<\/tr>\n<tr  style=\"background-color: #f5f5f5;\">\n<th scope=\"row\" style=\"text-align: left; border: #ffffff, 1px, solid; padding: 5px; color: #ffffff; background-color:#0055ad; vertical-align: middle;\">Type d\u2019Utilisation<\/th>\n<td style=\"border: #ffffff, 1px, solid; padding: 5px; vertical-align: middle;\">chaudi\u00e8re, g\u00e9n\u00e9rateur de chaleur<\/td>\n<td style=\"border: #ffffff, 1px, solid; padding: 5px; vertical-align: middle;\">chaudi\u00e8re, g\u00e9n\u00e9rateur de chaleur<\/td>\n<td style=\"border: #ffffff, 1px, solid; padding: 5px; vertical-align: middle;\">chaudi\u00e8re en cascade<\/td>\n<td style=\"border: #ffffff, 1px, solid; padding: 5px; vertical-align: middle;\">chaudi\u00e8re, groupe \u00e9lectrog\u00e8ne, process, industrie<\/td>\n<td style=\"border: #ffffff, 1px, solid; padding: 5px; vertical-align: middle;\">chaudi\u00e8re, CHP, process, industrie<\/td>\n<\/tr>\n<tr style=\"background-color: #ffffff;\">\n<th scope=\"row\" style=\"text-align: left; border: #ffffff, 1px, solid; padding: 5px; color: #ffffff; background-color:#0055ad; vertical-align: middle;\">Diam\u00e8tres Disponibles<\/th>\n<td style=\"border: #ffffff, 1px, solid; padding: 5px; vertical-align: middle;\">\u00f8100 au \u00f8600<\/td>\n<td style=\"border: #ffffff, 1px, solid; padding: 5px; vertical-align: middle;\">\u00f8100 au \u00f8600<\/td>\n<td style=\"border: #ffffff, 1px, solid; padding: 5px; vertical-align: middle;\">\u00f880 \u00f8100 \u00f8110 \u00f8150 \u00f8200 \u00f8250<\/td>\n<td style=\"border: #ffffff, 1px, solid; padding: 5px; vertical-align: middle;\">\u00f8150 \u00e0 \u00f8800 <em>except\u00e9 \u00f8650<\/em><\/td>\n<td style=\"border: #ffffff, 1px, solid; padding: 5px; vertical-align: middle;\">\u00f8150 \u00e0 \u00f81000<\/td>\n<\/tr>\n<\/tbody>\n<\/table>\n"}]},{"titre":"Un projet ? Parlons-en !","blocs":[{"acf_fc_layout":"bloc_de_texte","texte":"<p><a href=\"https:\/\/jeremias.fr\/nous-contacter\"><br \/>\n<img loading=\"lazy\" class=\"alignleft wp-image-3893 size-full\" src=\"https:\/\/jeremias.fr\/fabricant-conduit-tubage\/app\/uploads\/2024\/06\/CTA-inscription-jeremias.fr-1.png\" alt=\"CTA-inscription-jeremias.fr-1\" width=\"1000\" height=\"300\" srcset=\"https:\/\/jeremias.fr\/fabricant-conduit-tubage\/app\/uploads\/2024\/06\/CTA-inscription-jeremias.fr-1.png 1000w, https:\/\/jeremias.fr\/fabricant-conduit-tubage\/app\/uploads\/2024\/06\/CTA-inscription-jeremias.fr-1-300x90.png 300w, https:\/\/jeremias.fr\/fabricant-conduit-tubage\/app\/uploads\/2024\/06\/CTA-inscription-jeremias.fr-1-768x230.png 768w\" sizes=\"(max-width: 1000px) 100vw, 1000px\" \/><\/a><\/p>\n"}]}],"utiliser_layout_presta":true,"produits_suggeres":[]},"yoast_head":"<!-- This site is optimized with the Yoast SEO plugin v19.2 - https:\/\/yoast.com\/wordpress\/plugins\/seo\/ -->\n<title>Solutions de d\u00e9rivation\/bypass pour conduits industriels - Jeremias<\/title>\n<meta name=\"robots\" content=\"index, follow, max-snippet:-1, max-image-preview:large, max-video-preview:-1\" \/>\n<link rel=\"canonical\" href=\"https:\/\/jeremias.fr\/fabricant-conduit-tubage\/solutions-de-derivation-bypass-pour-conduits-industriels\/\" \/>\n<meta property=\"og:locale\" content=\"fr_FR\" \/>\n<meta property=\"og:type\" content=\"article\" \/>\n<meta property=\"og:title\" content=\"Solutions de d\u00e9rivation\/bypass pour conduits industriels - Jeremias\" \/>\n<meta property=\"og:url\" content=\"https:\/\/jeremias.fr\/fabricant-conduit-tubage\/solutions-de-derivation-bypass-pour-conduits-industriels\/\" \/>\n<meta property=\"og:site_name\" content=\"Jeremias\" \/>\n<meta property=\"article:modified_time\" content=\"2024-07-31T07:03:53+00:00\" \/>\n<meta name=\"author\" content=\"Eva Aristhene\" \/>\n<meta name=\"twitter:card\" content=\"summary_large_image\" \/>\n<script type=\"application\/ld+json\" class=\"yoast-schema-graph\">{\"@context\":\"https:\/\/schema.org\",\"@graph\":[{\"@type\":\"WebSite\",\"@id\":\"https:\/\/jeremias.fr\/fabricant-conduit-tubage\/#website\",\"url\":\"https:\/\/jeremias.fr\/fabricant-conduit-tubage\/\",\"name\":\"Jeremias\",\"description\":\"Conduits de fum\u00e9e\",\"potentialAction\":[{\"@type\":\"SearchAction\",\"target\":{\"@type\":\"EntryPoint\",\"urlTemplate\":\"https:\/\/jeremias.fr\/fabricant-conduit-tubage\/?s={search_term_string}\"},\"query-input\":\"required name=search_term_string\"}],\"inLanguage\":\"fr-FR\"},{\"@type\":\"WebPage\",\"@id\":\"https:\/\/jeremias.fr\/fabricant-conduit-tubage\/solutions-de-derivation-bypass-pour-conduits-industriels\/#webpage\",\"url\":\"https:\/\/jeremias.fr\/fabricant-conduit-tubage\/solutions-de-derivation-bypass-pour-conduits-industriels\/\",\"name\":\"Solutions de d\u00e9rivation\/bypass pour conduits industriels - Jeremias\",\"isPartOf\":{\"@id\":\"https:\/\/jeremias.fr\/fabricant-conduit-tubage\/#website\"},\"datePublished\":\"2024-07-25T13:35:14+00:00\",\"dateModified\":\"2024-07-31T07:03:53+00:00\",\"breadcrumb\":{\"@id\":\"https:\/\/jeremias.fr\/fabricant-conduit-tubage\/solutions-de-derivation-bypass-pour-conduits-industriels\/#breadcrumb\"},\"inLanguage\":\"fr-FR\",\"potentialAction\":[{\"@type\":\"ReadAction\",\"target\":[\"https:\/\/jeremias.fr\/fabricant-conduit-tubage\/solutions-de-derivation-bypass-pour-conduits-industriels\/\"]}]},{\"@type\":\"BreadcrumbList\",\"@id\":\"https:\/\/jeremias.fr\/fabricant-conduit-tubage\/solutions-de-derivation-bypass-pour-conduits-industriels\/#breadcrumb\",\"itemListElement\":[{\"@type\":\"ListItem\",\"position\":1,\"name\":\"Home\",\"item\":\"https:\/\/jeremias.fr\/fabricant-conduit-tubage\/\"},{\"@type\":\"ListItem\",\"position\":2,\"name\":\"Solutions de d\u00e9rivation\/bypass pour conduits industriels\"}]}]}<\/script>\n<!-- \/ Yoast SEO plugin. -->","yoast_head_json":{"title":"Solutions de d\u00e9rivation\/bypass pour conduits industriels - Jeremias","robots":{"index":"index","follow":"follow","max-snippet":"max-snippet:-1","max-image-preview":"max-image-preview:large","max-video-preview":"max-video-preview:-1"},"canonical":"https:\/\/jeremias.fr\/fabricant-conduit-tubage\/solutions-de-derivation-bypass-pour-conduits-industriels\/","og_locale":"fr_FR","og_type":"article","og_title":"Solutions de d\u00e9rivation\/bypass pour conduits industriels - Jeremias","og_url":"https:\/\/jeremias.fr\/fabricant-conduit-tubage\/solutions-de-derivation-bypass-pour-conduits-industriels\/","og_site_name":"Jeremias","article_modified_time":"2024-07-31T07:03:53+00:00","author":"Eva Aristhene","twitter_card":"summary_large_image","schema":{"@context":"https:\/\/schema.org","@graph":[{"@type":"WebSite","@id":"https:\/\/jeremias.fr\/fabricant-conduit-tubage\/#website","url":"https:\/\/jeremias.fr\/fabricant-conduit-tubage\/","name":"Jeremias","description":"Conduits de fum\u00e9e","potentialAction":[{"@type":"SearchAction","target":{"@type":"EntryPoint","urlTemplate":"https:\/\/jeremias.fr\/fabricant-conduit-tubage\/?s={search_term_string}"},"query-input":"required name=search_term_string"}],"inLanguage":"fr-FR"},{"@type":"WebPage","@id":"https:\/\/jeremias.fr\/fabricant-conduit-tubage\/solutions-de-derivation-bypass-pour-conduits-industriels\/#webpage","url":"https:\/\/jeremias.fr\/fabricant-conduit-tubage\/solutions-de-derivation-bypass-pour-conduits-industriels\/","name":"Solutions de d\u00e9rivation\/bypass pour conduits industriels - Jeremias","isPartOf":{"@id":"https:\/\/jeremias.fr\/fabricant-conduit-tubage\/#website"},"datePublished":"2024-07-25T13:35:14+00:00","dateModified":"2024-07-31T07:03:53+00:00","breadcrumb":{"@id":"https:\/\/jeremias.fr\/fabricant-conduit-tubage\/solutions-de-derivation-bypass-pour-conduits-industriels\/#breadcrumb"},"inLanguage":"fr-FR","potentialAction":[{"@type":"ReadAction","target":["https:\/\/jeremias.fr\/fabricant-conduit-tubage\/solutions-de-derivation-bypass-pour-conduits-industriels\/"]}]},{"@type":"BreadcrumbList","@id":"https:\/\/jeremias.fr\/fabricant-conduit-tubage\/solutions-de-derivation-bypass-pour-conduits-industriels\/#breadcrumb","itemListElement":[{"@type":"ListItem","position":1,"name":"Home","item":"https:\/\/jeremias.fr\/fabricant-conduit-tubage\/"},{"@type":"ListItem","position":2,"name":"Solutions de d\u00e9rivation\/bypass pour conduits industriels"}]}]}},"_links":{"self":[{"href":"https:\/\/jeremias.fr\/fabricant-conduit-tubage\/wp-json\/wp\/v2\/pages\/4275"}],"collection":[{"href":"https:\/\/jeremias.fr\/fabricant-conduit-tubage\/wp-json\/wp\/v2\/pages"}],"about":[{"href":"https:\/\/jeremias.fr\/fabricant-conduit-tubage\/wp-json\/wp\/v2\/types\/page"}],"author":[{"embeddable":true,"href":"https:\/\/jeremias.fr\/fabricant-conduit-tubage\/wp-json\/wp\/v2\/users\/4"}],"replies":[{"embeddable":true,"href":"https:\/\/jeremias.fr\/fabricant-conduit-tubage\/wp-json\/wp\/v2\/comments?post=4275"}],"version-history":[{"count":37,"href":"https:\/\/jeremias.fr\/fabricant-conduit-tubage\/wp-json\/wp\/v2\/pages\/4275\/revisions"}],"predecessor-version":[{"id":4335,"href":"https:\/\/jeremias.fr\/fabricant-conduit-tubage\/wp-json\/wp\/v2\/pages\/4275\/revisions\/4335"}],"wp:attachment":[{"href":"https:\/\/jeremias.fr\/fabricant-conduit-tubage\/wp-json\/wp\/v2\/media?parent=4275"}],"curies":[{"name":"wp","href":"https:\/\/api.w.org\/{rel}","templated":true}]}}