{"id":4151,"date":"2024-07-31T09:07:26","date_gmt":"2024-07-31T07:07:26","guid":{"rendered":"https:\/\/jeremias.fr\/fabricant-conduit-tubage\/?page_id=4151"},"modified":"2024-08-21T09:40:44","modified_gmt":"2024-08-21T07:40:44","slug":"systemes-modulaires-industriels","status":"publish","type":"page","link":"https:\/\/jeremias.fr\/fabricant-conduit-tubage\/systemes-modulaires-industriels\/","title":{"rendered":"Syst\u00e8mes modulaires industriels"},"content":{"rendered":"","protected":false},"excerpt":{"rendered":"","protected":false},"author":4,"featured_media":0,"parent":0,"menu_order":0,"comment_status":"closed","ping_status":"closed","template":"templates\/template-edito.php","meta":{"inline_featured_image":false},"acf":{"introduction":"<h1 class=\"title-edito-blog\">Les syst\u00e8mes de raccordements industriels<\/h1>\n<p>Sont compos\u00e9s de conduits de fum\u00e9es double paroi modulaires, permettant de relier l&rsquo;appareil \u00e0 la chemin\u00e9e. En raison des exigences sp\u00e9cifiques, ces conduits peuvent comporter de multiples changements de direction, points de pr\u00e9l\u00e8vement, ouvertures de nettoyage, drains, compensateurs, etc.<\/p>\n","sous_rubriques":[{"titre":"Les raccordements industriels Jeremias ","blocs":[{"acf_fc_layout":"galerie","images":[{"ID":4154,"id":4154,"title":"photo-systeme-modulaire-jeremias-france","filename":"photo-systeme-modulaire-jeremias-france.jpg","filesize":100076,"url":"https:\/\/jeremias.fr\/fabricant-conduit-tubage\/app\/uploads\/2024\/07\/photo-systeme-modulaire-jeremias-france.jpg","link":"https:\/\/jeremias.fr\/fabricant-conduit-tubage\/systemes-modulaires-industriels\/attachment\/photo-systeme-modulaire-jeremias-france\/","alt":"photo-systeme-modulaire-jeremias-france","author":"4","description":"","caption":"","name":"photo-systeme-modulaire-jeremias-france","status":"inherit","uploaded_to":4151,"date":"2024-07-18 07:49:27","modified":"2024-07-18 07:49:36","menu_order":0,"mime_type":"image\/jpeg","type":"image","subtype":"jpeg","icon":"https:\/\/jeremias.fr\/fabricant-conduit-tubage\/wp\/wp-includes\/images\/media\/default.png","width":967,"height":461,"sizes":{"thumbnail":"https:\/\/jeremias.fr\/fabricant-conduit-tubage\/app\/uploads\/2024\/07\/photo-systeme-modulaire-jeremias-france-542x355.jpg","thumbnail-width":542,"thumbnail-height":355,"medium":"https:\/\/jeremias.fr\/fabricant-conduit-tubage\/app\/uploads\/2024\/07\/photo-systeme-modulaire-jeremias-france-300x143.jpg","medium-width":300,"medium-height":143,"medium_large":"https:\/\/jeremias.fr\/fabricant-conduit-tubage\/app\/uploads\/2024\/07\/photo-systeme-modulaire-jeremias-france-768x366.jpg","medium_large-width":640,"medium_large-height":305,"large":"https:\/\/jeremias.fr\/fabricant-conduit-tubage\/app\/uploads\/2024\/07\/photo-systeme-modulaire-jeremias-france.jpg","large-width":640,"large-height":305,"1536x1536":"https:\/\/jeremias.fr\/fabricant-conduit-tubage\/app\/uploads\/2024\/07\/photo-systeme-modulaire-jeremias-france.jpg","1536x1536-width":967,"1536x1536-height":461,"2048x2048":"https:\/\/jeremias.fr\/fabricant-conduit-tubage\/app\/uploads\/2024\/07\/photo-systeme-modulaire-jeremias-france.jpg","2048x2048-width":967,"2048x2048-height":461,"post-thumbnail":"https:\/\/jeremias.fr\/fabricant-conduit-tubage\/app\/uploads\/2024\/07\/photo-systeme-modulaire-jeremias-france-542x355.jpg","post-thumbnail-width":542,"post-thumbnail-height":355,"slider":"https:\/\/jeremias.fr\/fabricant-conduit-tubage\/app\/uploads\/2024\/07\/photo-systeme-modulaire-jeremias-france-967x461.jpg","slider-width":967,"slider-height":461,"timeline":"https:\/\/jeremias.fr\/fabricant-conduit-tubage\/app\/uploads\/2024\/07\/photo-systeme-modulaire-jeremias-france-399x257.jpg","timeline-width":399,"timeline-height":257}},{"ID":4155,"id":4155,"title":"photo-systeme-modulaire-raccordement-jeremias-france","filename":"photo-systeme-modulaire-raccordement-jeremias-france.jpg","filesize":89880,"url":"https:\/\/jeremias.fr\/fabricant-conduit-tubage\/app\/uploads\/2024\/07\/photo-systeme-modulaire-raccordement-jeremias-france.jpg","link":"https:\/\/jeremias.fr\/fabricant-conduit-tubage\/systemes-modulaires-industriels\/attachment\/photo-systeme-modulaire-raccordement-jeremias-france\/","alt":"photo-systeme-modulaire-raccordement-jeremias-france","author":"4","description":"","caption":"","name":"photo-systeme-modulaire-raccordement-jeremias-france","status":"inherit","uploaded_to":4151,"date":"2024-07-18 07:49:27","modified":"2024-07-18 07:49:38","menu_order":0,"mime_type":"image\/jpeg","type":"image","subtype":"jpeg","icon":"https:\/\/jeremias.fr\/fabricant-conduit-tubage\/wp\/wp-includes\/images\/media\/default.png","width":967,"height":461,"sizes":{"thumbnail":"https:\/\/jeremias.fr\/fabricant-conduit-tubage\/app\/uploads\/2024\/07\/photo-systeme-modulaire-raccordement-jeremias-france-542x355.jpg","thumbnail-width":542,"thumbnail-height":355,"medium":"https:\/\/jeremias.fr\/fabricant-conduit-tubage\/app\/uploads\/2024\/07\/photo-systeme-modulaire-raccordement-jeremias-france-300x143.jpg","medium-width":300,"medium-height":143,"medium_large":"https:\/\/jeremias.fr\/fabricant-conduit-tubage\/app\/uploads\/2024\/07\/photo-systeme-modulaire-raccordement-jeremias-france-768x366.jpg","medium_large-width":640,"medium_large-height":305,"large":"https:\/\/jeremias.fr\/fabricant-conduit-tubage\/app\/uploads\/2024\/07\/photo-systeme-modulaire-raccordement-jeremias-france.jpg","large-width":640,"large-height":305,"1536x1536":"https:\/\/jeremias.fr\/fabricant-conduit-tubage\/app\/uploads\/2024\/07\/photo-systeme-modulaire-raccordement-jeremias-france.jpg","1536x1536-width":967,"1536x1536-height":461,"2048x2048":"https:\/\/jeremias.fr\/fabricant-conduit-tubage\/app\/uploads\/2024\/07\/photo-systeme-modulaire-raccordement-jeremias-france.jpg","2048x2048-width":967,"2048x2048-height":461,"post-thumbnail":"https:\/\/jeremias.fr\/fabricant-conduit-tubage\/app\/uploads\/2024\/07\/photo-systeme-modulaire-raccordement-jeremias-france-542x355.jpg","post-thumbnail-width":542,"post-thumbnail-height":355,"slider":"https:\/\/jeremias.fr\/fabricant-conduit-tubage\/app\/uploads\/2024\/07\/photo-systeme-modulaire-raccordement-jeremias-france-967x461.jpg","slider-width":967,"slider-height":461,"timeline":"https:\/\/jeremias.fr\/fabricant-conduit-tubage\/app\/uploads\/2024\/07\/photo-systeme-modulaire-raccordement-jeremias-france-399x257.jpg","timeline-width":399,"timeline-height":257}},{"ID":4420,"id":4420,"title":"photo-systeme-modulaire-industriel-jeremias-france","filename":"photo-systeme-modulaire-industriel-jeremias-france.jpg","filesize":57445,"url":"https:\/\/jeremias.fr\/fabricant-conduit-tubage\/app\/uploads\/2024\/08\/photo-systeme-modulaire-industriel-jeremias-france.jpg","link":"https:\/\/jeremias.fr\/fabricant-conduit-tubage\/systemes-modulaires-industriels\/attachment\/photo-systeme-modulaire-industriel-jeremias-france\/","alt":"photo-systeme-modulaire-industriel-jeremias-france","author":"3","description":"","caption":"","name":"photo-systeme-modulaire-industriel-jeremias-france","status":"inherit","uploaded_to":4151,"date":"2024-08-21 07:31:43","modified":"2024-08-21 07:31:56","menu_order":0,"mime_type":"image\/jpeg","type":"image","subtype":"jpeg","icon":"https:\/\/jeremias.fr\/fabricant-conduit-tubage\/wp\/wp-includes\/images\/media\/default.png","width":967,"height":461,"sizes":{"thumbnail":"https:\/\/jeremias.fr\/fabricant-conduit-tubage\/app\/uploads\/2024\/08\/photo-systeme-modulaire-industriel-jeremias-france-542x355.jpg","thumbnail-width":542,"thumbnail-height":355,"medium":"https:\/\/jeremias.fr\/fabricant-conduit-tubage\/app\/uploads\/2024\/08\/photo-systeme-modulaire-industriel-jeremias-france-300x143.jpg","medium-width":300,"medium-height":143,"medium_large":"https:\/\/jeremias.fr\/fabricant-conduit-tubage\/app\/uploads\/2024\/08\/photo-systeme-modulaire-industriel-jeremias-france-768x366.jpg","medium_large-width":640,"medium_large-height":305,"large":"https:\/\/jeremias.fr\/fabricant-conduit-tubage\/app\/uploads\/2024\/08\/photo-systeme-modulaire-industriel-jeremias-france.jpg","large-width":640,"large-height":305,"1536x1536":"https:\/\/jeremias.fr\/fabricant-conduit-tubage\/app\/uploads\/2024\/08\/photo-systeme-modulaire-industriel-jeremias-france.jpg","1536x1536-width":967,"1536x1536-height":461,"2048x2048":"https:\/\/jeremias.fr\/fabricant-conduit-tubage\/app\/uploads\/2024\/08\/photo-systeme-modulaire-industriel-jeremias-france.jpg","2048x2048-width":967,"2048x2048-height":461,"post-thumbnail":"https:\/\/jeremias.fr\/fabricant-conduit-tubage\/app\/uploads\/2024\/08\/photo-systeme-modulaire-industriel-jeremias-france-542x355.jpg","post-thumbnail-width":542,"post-thumbnail-height":355,"slider":"https:\/\/jeremias.fr\/fabricant-conduit-tubage\/app\/uploads\/2024\/08\/photo-systeme-modulaire-industriel-jeremias-france-967x461.jpg","slider-width":967,"slider-height":461,"timeline":"https:\/\/jeremias.fr\/fabricant-conduit-tubage\/app\/uploads\/2024\/08\/photo-systeme-modulaire-industriel-jeremias-france-399x257.jpg","timeline-width":399,"timeline-height":257}}]},{"acf_fc_layout":"bloc_de_texte","texte":"<h3 style=\"color: #0055ad;\">Notre \u00e9quipe technique d\u00e9di\u00e9e<\/h3>\n<p>est sp\u00e9cialis\u00e9e dans l\u2019\u00e9tude de la solution optimale sp\u00e9cifiquement adapt\u00e9e \u00e0 votre besoin.<br \/>\nElle vous accompagne d\u00e8s le d\u00e9but du projet pour vous aider \u00e0 lister les accessoires n\u00e9cessaires et g\u00e8re l\u2019ensemble du processus : calcul, conception et fabrication.<br \/>\nCet accompagnement constant de la prise de mesure jusqu\u2019\u00e0 l\u2019installation garantit une coordination sans faille et une installation fiable.<\/p>\n"}]},{"titre":"Les avantages des syst\u00e8mes modulaires Jeremias","blocs":[{"acf_fc_layout":"bloc_de_texte","texte":"<table>\n<tbody style=\"display: table-row-group; vertical-align: middle; border-color: inherit;\">\n<tr style=\"display: table-row;\">\n<th style=\"height: 2em; width: 2em;\"><img style=\"height: 100%; width: 100%;\" src=\"https:\/\/jeremias.fr\/fabricant-conduit-tubage\/app\/uploads\/2024\/06\/valide-01-3-e1717485640625.png\" alt=\"validation\" \/><\/th>\n<td style=\"line-height: 2; vertical-align: middle; background-color: #f5f5f5; border: #ffffff, 1px, solid; padding-left: 5px;\">Montage rapide<\/td>\n<\/tr>\n<tr style=\"display: table-row;\">\n<th style=\"height: 2em; width: 2em;\"><img style=\"height: 100%; width: 100%;\" src=\"https:\/\/jeremias.fr\/fabricant-conduit-tubage\/app\/uploads\/2024\/06\/valide-01-3-e1717485640625.png\" alt=\"validation\" \/><\/th>\n<td style=\"line-height: 2; vertical-align: middle; border: #ffffff, 1px, solid; padding-left: 5px;\">Conduits double paroi isol\u00e9<\/td>\n<\/tr>\n<tr style=\"display: table-row;\">\n<th style=\"height: 2em; width: 2em;\"><img style=\"height: 100%; width: 100%;\" src=\"https:\/\/jeremias.fr\/fabricant-conduit-tubage\/app\/uploads\/2024\/06\/valide-01-3-e1717485640625.png\" alt=\"validation\" \/><\/th>\n<td style=\"line-height: 2; vertical-align: middle; background-color: #f5f5f5; border: #ffffff, 1px, solid; padding-left: 5px;\">Aucun compensateur n\u00e9cessaire<\/td>\n<\/tr>\n<tr style=\"display: table-row;\">\n<th style=\"height: 2em; width: 2em;\"><img style=\"height: 100%; width: 100%;\" src=\"https:\/\/jeremias.fr\/fabricant-conduit-tubage\/app\/uploads\/2024\/06\/valide-01-3-e1717485640625.png\" alt=\"validation\" \/><\/th>\n<td style=\"line-height: 2; vertical-align: middle; border: #ffffff, 1px, solid; padding-left: 5px;\">Livraison rapide gr\u00e2ce \u00e0 des composants standards<\/td>\n<\/tr>\n<tr style=\"display: table-row;\">\n<th style=\"height: 2em; width: 2em;\"><img style=\"height: 100%; width: 100%;\" src=\"https:\/\/jeremias.fr\/fabricant-conduit-tubage\/app\/uploads\/2024\/06\/valide-01-3-e1717485640625.png\" alt=\"validation\" \/><\/th>\n<td style=\"line-height: 2; vertical-align: middle; background-color: #f5f5f5; border: #ffffff, 1px, solid; padding-left: 5px;\">Dimensions jusqu&rsquo;\u00e0 \u00d8 1200 mm<\/td>\n<\/tr>\n<\/tbody>\n<\/table>\n"}]},{"titre":"Les sp\u00e9cificit\u00e9s techniques","blocs":[{"acf_fc_layout":"bloc_de_texte","texte":"<table class=\"contenttable\">\n<tbody style=\"display: table-row-group; vertical-align: middle; unicode-bidi: isolate; border-color: inherit;\">\n<tr style=\"display: table-row; unicode-bidi: isolate;\">\n<th style=\"vertical-align: middle; text-align: center; color: #ffffff; background-color: #0055ad; border: #ffffff, 1px, solid; padding: 5 px; white-space: nowrap;\" scope=\"row\">Mat\u00e9riaux<\/th>\n<td style=\"vertical-align: middle; line-height: 1.2; background-color: #f5f5f5; border: #ffffff, 1px, solid; padding: 10px;\">AISI 304 \/ AISI 316 \/ GALVA<\/td>\n<\/tr>\n<tr style=\"display: table-row; unicode-bidi: isolate;\">\n<th style=\"vertical-align: middle; text-align: center; color: #ffffff; background-color: #0055ad; border: #ffffff, 1px, solid; padding: 5 px; white-space: nowrap;\" scope=\"row\">Finition<\/th>\n<td style=\"vertical-align: middle; line-height: 1.2; padding: 10px;\">Brillant, mat, peint RAL<\/td>\n<\/tr>\n<tr style=\"display: table-row; unicode-bidi: isolate;\">\n<th style=\"vertical-align: middle; text-align: center; color: #ffffff; background-color: #0055ad; border: #ffffff, 1px, solid; padding: 5 px; white-space: nowrap;\" scope=\"row\">Isolation<\/th>\n<td style=\"vertical-align: middle; line-height: 1.2; background-color: #f5f5f5; border: #ffffff, 1px, solid; padding: 10px;\">Laine de roche rigide haute densit\u00e9 (120 kg\/m\u00a0<sup>3<\/sup>\u00a0) d&rsquo;\u00e9paisseur de 25 \u00e0 100 mm<\/td>\n<\/tr>\n<tr style=\"display: table-row; unicode-bidi: isolate;\">\n<th style=\"vertical-align: middle; text-align: center; color: #ffffff; background-color: #0055ad; border: #ffffff, 1px, solid; padding: 5 px; white-space: nowrap;\" scope=\"row\">Epaisseurs<\/th>\n<td style=\"vertical-align: middle; line-height: 1.2; padding: 10px;\">De 0,4 mm \u00e0 1,5 mm<\/td>\n<\/tr>\n<\/tbody>\n<\/table>\n"}]},{"titre":"Les diff\u00e9rents syst\u00e8mes modulaires","blocs":[{"acf_fc_layout":"blocs_numerotes","paragraphes":[{"titre":"<a href=\"https:\/\/jeremias.fr\/fabricant-conduit-tubage\/systeme-modulaire-pour-groupes-electrogenes-dw-kl-25\/\" alt=\"Lien vers le descriptif de la gamme DW-KL 25\" style=\"text-decoration:none;\">DW-KL 25<\/a>","texte":"<a href=\"https:\/\/jeremias.fr\/fabricant-conduit-tubage\/systeme-modulaire-pour-groupes-electrogenes-dw-kl-25\/\" alt=\"Lien vers le descriptif de la gamme DW-KL 25\" style=\"text-decoration:none;\">\r\n    <img class=\"size-full wp-image-3236 aligncenter\" src=\"https:\/\/jeremias.fr\/fabricant-conduit-tubage\/app\/uploads\/2024\/07\/DW-KL_25_316.jpg\" alt=\"Ic\u00f4ne de localisation des projets J\u00e9r\u00e9mias\" style=\" width:12em; height:12em; display: flex; justify-content: center;\" \/>\r\n\r\n    <div style=\"display: flex; justify-content: center; align-items: center; text-align:center; color: #ffffff; background-color: #0055ad; border: #ffffff, 1px, solid; height: 10em; width: 15em; white-space: pre-wrap;\">Solution double paroi pour groupes \u00e9lectrog\u00e8nes<\/div><\/a>\r\n"},{"titre":"<a href=\"https:\/\/jeremias.fr\/fabricant-conduit-tubage\/systeme-modulaire-pour-datacenter-dw-kl-50\/\" alt=\"Lien vers le descriptif de la gamme DW-KL 50\" style=\"text-decoration:none;\">DW-KL 50<\/a>","texte":"<a href=\"https:\/\/jeremias.fr\/fabricant-conduit-tubage\/systeme-modulaire-pour-datacenter-dw-kl-50\/\" alt=\"Lien vers le descriptif de la gamme DW-KL 50\" style=\"text-decoration:none;\">\r\n    <img class=\"size-full wp-image-3236 aligncenter\" src=\"https:\/\/jeremias.fr\/fabricant-conduit-tubage\/app\/uploads\/2024\/07\/csm_DW-KL_50_316_19e4b45c99.jpg\" alt=\"Ic\u00f4ne de localisation des projets J\u00e9r\u00e9mias\" style=\" width:12em; height:12em; display: flex; justify-content: center;\" \/>\r\n\r\n    <div style=\"display: flex; justify-content: center; align-items: center; text-align:center; color: #ffffff; background-color: #0055ad; border: #ffffff, 1px, solid; height: 10em; width: 15em; white-space: pre-wrap;\">Solution double paroi pour datacenters<\/div><\/a>"},{"titre":"<a href=\"https:\/\/jeremias.fr\/fabricant-conduit-tubage\/systeme-modulaire-dw-fs\/\" alt=\"Lien vers le descriptif de la gamme DW-FS\" style=\"text-decoration:none;\">DW-FS<\/a>","texte":"<a href=\"https:\/\/jeremias.fr\/fabricant-conduit-tubage\/systeme-modulaire-dw-fs\/\" alt=\"Lien vers le descriptif de la gamme DW-FS\" style=\"text-decoration:none;\">\r\n    <img class=\"size-full wp-image-3236 aligncenter\" src=\"https:\/\/jeremias.fr\/fabricant-conduit-tubage\/app\/uploads\/2024\/07\/DW-FS_32.jpg\" alt=\"Ic\u00f4ne de localisation des projets J\u00e9r\u00e9mias\" style=\" width:12em; height:12em; display: flex; justify-content: center;\" \/>\r\n\r\n    <div style=\"display: flex; justify-content: center; align-items: center; text-align:center; color: #ffffff; background-color: #0055ad; border: #ffffff, 1px, solid; height: 10em; width: 15em; white-space: pre-wrap;\">Solution double paroi avec joint \u00e9tanche<\/div><\/a>"}]}]},{"titre":"Un projet ? Parlons-en !","blocs":[{"acf_fc_layout":"bloc_de_texte","texte":"<p><a href=\"https:\/\/jeremias.fr\/nous-contacter\"><img style=\"width: 100%; height: 100%;\" src=\"https:\/\/jeremias.fr\/fabricant-conduit-tubage\/app\/uploads\/2024\/06\/CTA-inscription-jeremias.fr-1.png\" alt=\"Contactez-nous\" \/><\/a><\/p>\n"}]}],"utiliser_layout_presta":true,"produits_suggeres":[]},"yoast_head":"<!-- This site is optimized with the Yoast SEO plugin v19.2 - https:\/\/yoast.com\/wordpress\/plugins\/seo\/ -->\n<title>Syst\u00e8mes modulaires industriels - Jeremias<\/title>\n<meta name=\"robots\" content=\"index, follow, max-snippet:-1, max-image-preview:large, max-video-preview:-1\" \/>\n<link rel=\"canonical\" href=\"https:\/\/jeremias.fr\/fabricant-conduit-tubage\/systemes-modulaires-industriels\/\" \/>\n<meta property=\"og:locale\" content=\"fr_FR\" \/>\n<meta property=\"og:type\" content=\"article\" \/>\n<meta property=\"og:title\" content=\"Syst\u00e8mes modulaires industriels - Jeremias\" \/>\n<meta property=\"og:url\" content=\"https:\/\/jeremias.fr\/fabricant-conduit-tubage\/systemes-modulaires-industriels\/\" \/>\n<meta property=\"og:site_name\" content=\"Jeremias\" \/>\n<meta property=\"article:modified_time\" content=\"2024-08-21T07:40:44+00:00\" \/>\n<meta name=\"author\" content=\"Eva Aristhene\" \/>\n<meta name=\"twitter:card\" content=\"summary_large_image\" \/>\n<script type=\"application\/ld+json\" class=\"yoast-schema-graph\">{\"@context\":\"https:\/\/schema.org\",\"@graph\":[{\"@type\":\"WebSite\",\"@id\":\"https:\/\/jeremias.fr\/fabricant-conduit-tubage\/#website\",\"url\":\"https:\/\/jeremias.fr\/fabricant-conduit-tubage\/\",\"name\":\"Jeremias\",\"description\":\"Conduits de fum\u00e9e\",\"potentialAction\":[{\"@type\":\"SearchAction\",\"target\":{\"@type\":\"EntryPoint\",\"urlTemplate\":\"https:\/\/jeremias.fr\/fabricant-conduit-tubage\/?s={search_term_string}\"},\"query-input\":\"required name=search_term_string\"}],\"inLanguage\":\"fr-FR\"},{\"@type\":\"WebPage\",\"@id\":\"https:\/\/jeremias.fr\/fabricant-conduit-tubage\/systemes-modulaires-industriels\/#webpage\",\"url\":\"https:\/\/jeremias.fr\/fabricant-conduit-tubage\/systemes-modulaires-industriels\/\",\"name\":\"Syst\u00e8mes modulaires industriels - Jeremias\",\"isPartOf\":{\"@id\":\"https:\/\/jeremias.fr\/fabricant-conduit-tubage\/#website\"},\"datePublished\":\"2024-07-31T07:07:26+00:00\",\"dateModified\":\"2024-08-21T07:40:44+00:00\",\"breadcrumb\":{\"@id\":\"https:\/\/jeremias.fr\/fabricant-conduit-tubage\/systemes-modulaires-industriels\/#breadcrumb\"},\"inLanguage\":\"fr-FR\",\"potentialAction\":[{\"@type\":\"ReadAction\",\"target\":[\"https:\/\/jeremias.fr\/fabricant-conduit-tubage\/systemes-modulaires-industriels\/\"]}]},{\"@type\":\"BreadcrumbList\",\"@id\":\"https:\/\/jeremias.fr\/fabricant-conduit-tubage\/systemes-modulaires-industriels\/#breadcrumb\",\"itemListElement\":[{\"@type\":\"ListItem\",\"position\":1,\"name\":\"Home\",\"item\":\"https:\/\/jeremias.fr\/fabricant-conduit-tubage\/\"},{\"@type\":\"ListItem\",\"position\":2,\"name\":\"Syst\u00e8mes modulaires industriels\"}]}]}<\/script>\n<!-- \/ Yoast SEO plugin. -->","yoast_head_json":{"title":"Syst\u00e8mes modulaires industriels - Jeremias","robots":{"index":"index","follow":"follow","max-snippet":"max-snippet:-1","max-image-preview":"max-image-preview:large","max-video-preview":"max-video-preview:-1"},"canonical":"https:\/\/jeremias.fr\/fabricant-conduit-tubage\/systemes-modulaires-industriels\/","og_locale":"fr_FR","og_type":"article","og_title":"Syst\u00e8mes modulaires industriels - Jeremias","og_url":"https:\/\/jeremias.fr\/fabricant-conduit-tubage\/systemes-modulaires-industriels\/","og_site_name":"Jeremias","article_modified_time":"2024-08-21T07:40:44+00:00","author":"Eva Aristhene","twitter_card":"summary_large_image","schema":{"@context":"https:\/\/schema.org","@graph":[{"@type":"WebSite","@id":"https:\/\/jeremias.fr\/fabricant-conduit-tubage\/#website","url":"https:\/\/jeremias.fr\/fabricant-conduit-tubage\/","name":"Jeremias","description":"Conduits de fum\u00e9e","potentialAction":[{"@type":"SearchAction","target":{"@type":"EntryPoint","urlTemplate":"https:\/\/jeremias.fr\/fabricant-conduit-tubage\/?s={search_term_string}"},"query-input":"required name=search_term_string"}],"inLanguage":"fr-FR"},{"@type":"WebPage","@id":"https:\/\/jeremias.fr\/fabricant-conduit-tubage\/systemes-modulaires-industriels\/#webpage","url":"https:\/\/jeremias.fr\/fabricant-conduit-tubage\/systemes-modulaires-industriels\/","name":"Syst\u00e8mes modulaires industriels - Jeremias","isPartOf":{"@id":"https:\/\/jeremias.fr\/fabricant-conduit-tubage\/#website"},"datePublished":"2024-07-31T07:07:26+00:00","dateModified":"2024-08-21T07:40:44+00:00","breadcrumb":{"@id":"https:\/\/jeremias.fr\/fabricant-conduit-tubage\/systemes-modulaires-industriels\/#breadcrumb"},"inLanguage":"fr-FR","potentialAction":[{"@type":"ReadAction","target":["https:\/\/jeremias.fr\/fabricant-conduit-tubage\/systemes-modulaires-industriels\/"]}]},{"@type":"BreadcrumbList","@id":"https:\/\/jeremias.fr\/fabricant-conduit-tubage\/systemes-modulaires-industriels\/#breadcrumb","itemListElement":[{"@type":"ListItem","position":1,"name":"Home","item":"https:\/\/jeremias.fr\/fabricant-conduit-tubage\/"},{"@type":"ListItem","position":2,"name":"Syst\u00e8mes modulaires industriels"}]}]}},"_links":{"self":[{"href":"https:\/\/jeremias.fr\/fabricant-conduit-tubage\/wp-json\/wp\/v2\/pages\/4151"}],"collection":[{"href":"https:\/\/jeremias.fr\/fabricant-conduit-tubage\/wp-json\/wp\/v2\/pages"}],"about":[{"href":"https:\/\/jeremias.fr\/fabricant-conduit-tubage\/wp-json\/wp\/v2\/types\/page"}],"author":[{"embeddable":true,"href":"https:\/\/jeremias.fr\/fabricant-conduit-tubage\/wp-json\/wp\/v2\/users\/4"}],"replies":[{"embeddable":true,"href":"https:\/\/jeremias.fr\/fabricant-conduit-tubage\/wp-json\/wp\/v2\/comments?post=4151"}],"version-history":[{"count":8,"href":"https:\/\/jeremias.fr\/fabricant-conduit-tubage\/wp-json\/wp\/v2\/pages\/4151\/revisions"}],"predecessor-version":[{"id":4423,"href":"https:\/\/jeremias.fr\/fabricant-conduit-tubage\/wp-json\/wp\/v2\/pages\/4151\/revisions\/4423"}],"wp:attachment":[{"href":"https:\/\/jeremias.fr\/fabricant-conduit-tubage\/wp-json\/wp\/v2\/media?parent=4151"}],"curies":[{"name":"wp","href":"https:\/\/api.w.org\/{rel}","templated":true}]}}