{"id":3125,"date":"2024-03-11T08:50:47","date_gmt":"2024-03-11T07:50:47","guid":{"rendered":"https:\/\/jeremias.fr\/fabricant-conduit-tubage\/?page_id=3125"},"modified":"2024-09-19T16:47:23","modified_gmt":"2024-09-19T14:47:23","slug":"depot-comptoir-jeremias-lyon-69-conduits-fumee","status":"publish","type":"page","link":"https:\/\/jeremias.fr\/fabricant-conduit-tubage\/depot-comptoir-jeremias-lyon-69-conduits-fumee\/","title":{"rendered":"Le d\u00e9p\u00f4t-comptoir Jeremias \u00e0 Lyon"},"content":{"rendered":"<p><strong>La Jeremias Team<\/strong> vous accueille dans le Rh\u00f4ne pour vous servir en <strong>conduits de fum\u00e9e<\/strong> ! Un espace r\u00e9serv\u00e9 exclusivement aux <strong>professionnels<\/strong> du secteur de la fumisterie.<\/p>\n<p>N&rsquo;h\u00e9sitez plus \u00e0 venir \u00e0 notre rencontre, nous sommes \u00e0 votre disposition pour vos <strong>demandes techniques<\/strong>.<\/p>\n<p><strong>Si\u00e8ge social RHONE &#8211; <\/strong><\/p>\n<p>22 all\u00e9e des artisans &#8211;<\/p>\n<p>69210 LENTILLY<\/p>\n<p>Tel. 04 37 46 33 70<\/p>\n<p>&nbsp;<\/p>\n<p><strong>Du lundi au vendredi :<\/strong> 7h30 \u00e0 16h30<\/p>\n<p>&nbsp;<\/p>\n<p>&nbsp;<\/p>\n","protected":false},"excerpt":{"rendered":"<p>La Jeremias Team vous accueille dans le Rh\u00f4ne pour vous servir en conduits de fum\u00e9e ! Un espace r\u00e9serv\u00e9 exclusivement aux professionnels du secteur de la fumisterie. N&rsquo;h\u00e9sitez plus \u00e0 venir \u00e0 notre rencontre, nous sommes \u00e0 votre disposition pour vos demandes techniques. Si\u00e8ge social RHONE &#8211; 22 all\u00e9e des artisans &#8211; 69210 LENTILLY Tel. [&hellip;]<\/p>\n","protected":false},"author":3,"featured_media":0,"parent":0,"menu_order":0,"comment_status":"closed","ping_status":"closed","template":"templates\/template-edito.php","meta":{"inline_featured_image":false},"acf":{"introduction":"<h2 class=\"h1 title-edito-blog\">Jeremias vous accueille dans le Rh\u00f4ne pour vous servir en conduits de fum\u00e9e !<\/h2>\n<p>Un <strong>stock de proximit\u00e9<\/strong> r\u00e9serv\u00e9 aux professionnels pour venir passer commande et retirer sa marchandise imm\u00e9diatement.<\/p>\n<p>Un <strong>besoin urgent<\/strong> (<strong>d\u00e9pannage<\/strong> <strong>chantier<\/strong>) ? Un r\u00e9approvisionnement de <strong>stock<\/strong> ? Notre \u00e9quipe technique et logistique sont \u00e0 votre disposition, elles vous guideront dans le choix des produits pour vos <strong>installations techniques<\/strong>.<\/p>\n","sous_rubriques":[{"titre":"","blocs":[{"acf_fc_layout":"galerie","images":[{"ID":3127,"id":3127,"title":"Jeremias-France-siege-Lentilly-conduit-de-fum\u00e9e","filename":"Jeremias-France-siege-Lentilly-conduit-de-fumee.jpg","filesize":118489,"url":"https:\/\/jeremias.fr\/fabricant-conduit-tubage\/app\/uploads\/2024\/03\/Jeremias-France-siege-Lentilly-conduit-de-fumee.jpg","link":"https:\/\/jeremias.fr\/fabricant-conduit-tubage\/depot-comptoir-jeremias-lyon-69-conduits-fumee\/attachment\/jeremias-france-siege-lentilly-conduit-de-fumee\/","alt":"Jeremias France - Si\u00e8ge Lyon - Conduit de fum\u00e9e","author":"3","description":"","caption":"","name":"jeremias-france-siege-lentilly-conduit-de-fumee","status":"inherit","uploaded_to":3125,"date":"2024-03-08 10:41:34","modified":"2024-07-31 14:07:59","menu_order":0,"mime_type":"image\/jpeg","type":"image","subtype":"jpeg","icon":"https:\/\/jeremias.fr\/fabricant-conduit-tubage\/wp\/wp-includes\/images\/media\/default.png","width":1000,"height":667,"sizes":{"thumbnail":"https:\/\/jeremias.fr\/fabricant-conduit-tubage\/app\/uploads\/2024\/03\/Jeremias-France-siege-Lentilly-conduit-de-fumee-542x355.jpg","thumbnail-width":542,"thumbnail-height":355,"medium":"https:\/\/jeremias.fr\/fabricant-conduit-tubage\/app\/uploads\/2024\/03\/Jeremias-France-siege-Lentilly-conduit-de-fumee-300x200.jpg","medium-width":300,"medium-height":200,"medium_large":"https:\/\/jeremias.fr\/fabricant-conduit-tubage\/app\/uploads\/2024\/03\/Jeremias-France-siege-Lentilly-conduit-de-fumee-768x512.jpg","medium_large-width":640,"medium_large-height":427,"large":"https:\/\/jeremias.fr\/fabricant-conduit-tubage\/app\/uploads\/2024\/03\/Jeremias-France-siege-Lentilly-conduit-de-fumee.jpg","large-width":640,"large-height":427,"1536x1536":"https:\/\/jeremias.fr\/fabricant-conduit-tubage\/app\/uploads\/2024\/03\/Jeremias-France-siege-Lentilly-conduit-de-fumee.jpg","1536x1536-width":1000,"1536x1536-height":667,"2048x2048":"https:\/\/jeremias.fr\/fabricant-conduit-tubage\/app\/uploads\/2024\/03\/Jeremias-France-siege-Lentilly-conduit-de-fumee.jpg","2048x2048-width":1000,"2048x2048-height":667,"post-thumbnail":"https:\/\/jeremias.fr\/fabricant-conduit-tubage\/app\/uploads\/2024\/03\/Jeremias-France-siege-Lentilly-conduit-de-fumee-542x355.jpg","post-thumbnail-width":542,"post-thumbnail-height":355,"slider":"https:\/\/jeremias.fr\/fabricant-conduit-tubage\/app\/uploads\/2024\/03\/Jeremias-France-siege-Lentilly-conduit-de-fumee-967x461.jpg","slider-width":967,"slider-height":461,"timeline":"https:\/\/jeremias.fr\/fabricant-conduit-tubage\/app\/uploads\/2024\/03\/Jeremias-France-siege-Lentilly-conduit-de-fumee-399x257.jpg","timeline-width":399,"timeline-height":257}},{"ID":4487,"id":4487,"title":"bureau comptoir lentilly jeremias france","filename":"bureau-comptoir-lentilly-jeremias-france.jpg","filesize":305208,"url":"https:\/\/jeremias.fr\/fabricant-conduit-tubage\/app\/uploads\/2024\/09\/bureau-comptoir-lentilly-jeremias-france.jpg","link":"https:\/\/jeremias.fr\/fabricant-conduit-tubage\/depot-comptoir-jeremias-lyon-69-conduits-fumee\/attachment\/bureau-comptoir-lentilly-jeremias-france\/","alt":"bureau comptoir lentilly jeremias france","author":"3","description":"","caption":"","name":"bureau-comptoir-lentilly-jeremias-france","status":"inherit","uploaded_to":3125,"date":"2024-09-19 07:00:28","modified":"2024-09-19 07:00:32","menu_order":0,"mime_type":"image\/jpeg","type":"image","subtype":"jpeg","icon":"https:\/\/jeremias.fr\/fabricant-conduit-tubage\/wp\/wp-includes\/images\/media\/default.png","width":967,"height":461,"sizes":{"thumbnail":"https:\/\/jeremias.fr\/fabricant-conduit-tubage\/app\/uploads\/2024\/09\/bureau-comptoir-lentilly-jeremias-france-542x355.jpg","thumbnail-width":542,"thumbnail-height":355,"medium":"https:\/\/jeremias.fr\/fabricant-conduit-tubage\/app\/uploads\/2024\/09\/bureau-comptoir-lentilly-jeremias-france-300x143.jpg","medium-width":300,"medium-height":143,"medium_large":"https:\/\/jeremias.fr\/fabricant-conduit-tubage\/app\/uploads\/2024\/09\/bureau-comptoir-lentilly-jeremias-france-768x366.jpg","medium_large-width":640,"medium_large-height":305,"large":"https:\/\/jeremias.fr\/fabricant-conduit-tubage\/app\/uploads\/2024\/09\/bureau-comptoir-lentilly-jeremias-france.jpg","large-width":640,"large-height":305,"1536x1536":"https:\/\/jeremias.fr\/fabricant-conduit-tubage\/app\/uploads\/2024\/09\/bureau-comptoir-lentilly-jeremias-france.jpg","1536x1536-width":967,"1536x1536-height":461,"2048x2048":"https:\/\/jeremias.fr\/fabricant-conduit-tubage\/app\/uploads\/2024\/09\/bureau-comptoir-lentilly-jeremias-france.jpg","2048x2048-width":967,"2048x2048-height":461,"post-thumbnail":"https:\/\/jeremias.fr\/fabricant-conduit-tubage\/app\/uploads\/2024\/09\/bureau-comptoir-lentilly-jeremias-france-542x355.jpg","post-thumbnail-width":542,"post-thumbnail-height":355,"slider":"https:\/\/jeremias.fr\/fabricant-conduit-tubage\/app\/uploads\/2024\/09\/bureau-comptoir-lentilly-jeremias-france-967x461.jpg","slider-width":967,"slider-height":461,"timeline":"https:\/\/jeremias.fr\/fabricant-conduit-tubage\/app\/uploads\/2024\/09\/bureau-comptoir-lentilly-jeremias-france-399x257.jpg","timeline-width":399,"timeline-height":257}}]},{"acf_fc_layout":"bloc_de_texte","texte":"<p>&nbsp;<\/p>\n<p style=\"text-align: center;\">L&rsquo;\u00e9quipe vous accueille :<\/p>\n<p style=\"text-align: center;\"><strong>Du lundi au vendredi :<\/strong> 7h30 \u00e0 16h30<\/p>\n<p>&nbsp;<\/p>\n<p style=\"text-align: center;\"><strong>22 all\u00e9e des artisans<br \/>\n69210 LENTILLY<\/strong><\/p>\n<p><a href=\"https:\/\/maps.app.goo.gl\/gyLdeik1rHjZyLci7\" target=\"_blank\" rel=\"noopener\"><img loading=\"lazy\" class=\"aligncenter wp-image-3053\" src=\"https:\/\/jeremias.fr\/fabricant-conduit-tubage\/app\/uploads\/2024\/02\/CTA-inscription-jeremias.fr-2.png\" alt=\"CTA itin\u00e9raire Jeremias France (69)\" width=\"417\" height=\"125\" srcset=\"https:\/\/jeremias.fr\/fabricant-conduit-tubage\/app\/uploads\/2024\/02\/CTA-inscription-jeremias.fr-2.png 1000w, https:\/\/jeremias.fr\/fabricant-conduit-tubage\/app\/uploads\/2024\/02\/CTA-inscription-jeremias.fr-2-300x90.png 300w, https:\/\/jeremias.fr\/fabricant-conduit-tubage\/app\/uploads\/2024\/02\/CTA-inscription-jeremias.fr-2-768x230.png 768w\" sizes=\"(max-width: 417px) 100vw, 417px\" \/><\/a><\/p>\n"}]},{"titre":"Pr\u00e9sentation","blocs":[{"acf_fc_layout":"bloc_de_texte","texte":"<p>Toujours pr\u00e9sent pour vous faire vivre <strong>une nouvelle exp\u00e9rience en fumisterie<\/strong> !<\/p>\n<p>Jeremias France, plus qu&rsquo;un fournisseur en <strong>conduits de fum\u00e9e<\/strong>. Une \u00e9quipe de proximit\u00e9 toujours disponible pour vous servir et pour r\u00e9pondre \u00e0 vos besoins dans le respect de nos engagements et de nos valeurs :<\/p>\n<p>&nbsp;<\/p>\n<ul>\n<li><strong>Adaptabilit\u00e9<\/strong><\/li>\n<li><strong>Esprit d\u2019\u00e9quipe<\/strong><\/li>\n<li><strong>Am\u00e9lioration continue<\/strong><\/li>\n<li><strong>\u00c9coute<\/strong><\/li>\n<\/ul>\n"}]},{"titre":"L'offre Jeremias","blocs":[{"acf_fc_layout":"bloc_de_texte","texte":"<p>Vous connaissez s\u00fbrement notre service de <strong>livraison<\/strong> directement sur vos <strong>chantiers<\/strong>, d\u00e9couvrez \u00e0 pr\u00e9sent notre <strong>nouveau service \u00ab\u00a0Comptoir\u00a0\u00bb<\/strong> ! Un<strong> stock de proximit\u00e9<\/strong> sur les gammes les plus utilis\u00e9es et un <strong>service technique et commercial<\/strong> pour vous guider dans vos installations en conduits de fum\u00e9e.<\/p>\n<p>&nbsp;<\/p>\n<p>Des gammes compl\u00e8tes selon vos besoins en raccordement de fum\u00e9e avec un <strong>large choix de produits<\/strong> (longueurs, coudes, t\u00e9s, tampon, chapeau&#8230;) accompagn\u00e9s de leurs <strong>accessoires<\/strong> (solin, collerette, brides&#8230;).<\/p>\n"}]},{"titre":"Equipe et contact","blocs":[{"acf_fc_layout":"bloc_de_texte","texte":"<p><b>Gregory <\/b>SUCCURRO, notre responsable de d\u00e9p\u00f4t <span class=\"cf0\">et toute l&rsquo;\u00e9quipe seront pr\u00e9sents pour vous accueillir et vous servir en conduits de fum\u00e9e ! L&rsquo;\u00e9quipe technique et commerciale pr\u00e9sente sur place sera \u00e9galement disponible pour vous aider dans vos diff\u00e9rentes projets.<\/span><\/p>\n<p>&nbsp;<\/p>\n<p><span style=\"text-decoration: underline;\"><strong>Contact :\u00a0<\/strong><\/span><\/p>\n<p>T\u00e9l\u00e9phone &#8211;\u00a0<a href=\"tel:+33437463370\"><strong>04 37 46 33 70<\/strong><\/a><\/p>\n<p><a href=\"https:\/\/jeremias.fr\/nous-contacter\">&gt;&gt; Laissez-nous un message<\/a><\/p>\n<p>&nbsp;<\/p>\n<p><iframe loading=\"lazy\" style=\"border: 0;\" src=\"https:\/\/www.google.com\/maps\/embed?pb=!1m14!1m8!1m3!1d11122.067313737256!2d4.6817107!3d45.8209342!3m2!1i1024!2i768!4f13.1!3m3!1m2!1s0x47f48d3bba8e2553%3A0x16f5d7d206243b8!2sJeremias%20France!5e0!3m2!1sfr!2sfr!4v1712841545858!5m2!1sfr!2sfr\" width=\"100%\" height=\"450\" allowfullscreen=\"allowfullscreen\"><\/iframe><\/p>\n"}]}],"utiliser_layout_presta":true,"produits_suggeres":[]},"yoast_head":"<!-- This site is optimized with the Yoast SEO plugin v19.2 - https:\/\/yoast.com\/wordpress\/plugins\/seo\/ -->\n<title>Le d\u00e9p\u00f4t-comptoir Jeremias \u00e0 Lyon (Lentilly - 69) - Conduits de fum\u00e9e<\/title>\n<meta name=\"description\" content=\"Venez d\u00e9couvrir le d\u00e9p\u00f4t-comptoir r\u00e9serv\u00e9 aux professionnels du secteur de la fumisterie \u00e0 Neuilly sur Marne.\" \/>\n<meta name=\"robots\" content=\"index, follow, max-snippet:-1, max-image-preview:large, max-video-preview:-1\" \/>\n<link rel=\"canonical\" href=\"https:\/\/jeremias.fr\/fabricant-conduit-tubage\/depot-comptoir-jeremias-lyon-69-conduits-fumee\/\" \/>\n<meta property=\"og:locale\" content=\"fr_FR\" \/>\n<meta property=\"og:type\" content=\"article\" \/>\n<meta property=\"og:title\" content=\"Le d\u00e9p\u00f4t-comptoir Jeremias \u00e0 Lyon (Lentilly - 69) - Conduits de fum\u00e9e\" \/>\n<meta property=\"og:description\" content=\"Venez d\u00e9couvrir le d\u00e9p\u00f4t-comptoir r\u00e9serv\u00e9 aux professionnels du secteur de la fumisterie \u00e0 Neuilly sur Marne.\" \/>\n<meta property=\"og:url\" content=\"https:\/\/jeremias.fr\/fabricant-conduit-tubage\/depot-comptoir-jeremias-lyon-69-conduits-fumee\/\" \/>\n<meta property=\"og:site_name\" content=\"Jeremias\" \/>\n<meta property=\"article:modified_time\" content=\"2024-09-19T14:47:23+00:00\" \/>\n<meta name=\"author\" content=\"Charline\" \/>\n<meta name=\"twitter:card\" content=\"summary_large_image\" \/>\n<script type=\"application\/ld+json\" class=\"yoast-schema-graph\">{\"@context\":\"https:\/\/schema.org\",\"@graph\":[{\"@type\":\"WebSite\",\"@id\":\"https:\/\/jeremias.fr\/fabricant-conduit-tubage\/#website\",\"url\":\"https:\/\/jeremias.fr\/fabricant-conduit-tubage\/\",\"name\":\"Jeremias\",\"description\":\"Conduits de fum\u00e9e\",\"potentialAction\":[{\"@type\":\"SearchAction\",\"target\":{\"@type\":\"EntryPoint\",\"urlTemplate\":\"https:\/\/jeremias.fr\/fabricant-conduit-tubage\/?s={search_term_string}\"},\"query-input\":\"required name=search_term_string\"}],\"inLanguage\":\"fr-FR\"},{\"@type\":\"WebPage\",\"@id\":\"https:\/\/jeremias.fr\/fabricant-conduit-tubage\/depot-comptoir-jeremias-lyon-69-conduits-fumee\/#webpage\",\"url\":\"https:\/\/jeremias.fr\/fabricant-conduit-tubage\/depot-comptoir-jeremias-lyon-69-conduits-fumee\/\",\"name\":\"Le d\u00e9p\u00f4t-comptoir Jeremias \u00e0 Lyon (Lentilly - 69) - Conduits de fum\u00e9e\",\"isPartOf\":{\"@id\":\"https:\/\/jeremias.fr\/fabricant-conduit-tubage\/#website\"},\"datePublished\":\"2024-03-11T07:50:47+00:00\",\"dateModified\":\"2024-09-19T14:47:23+00:00\",\"description\":\"Venez d\u00e9couvrir le d\u00e9p\u00f4t-comptoir r\u00e9serv\u00e9 aux professionnels du secteur de la fumisterie \u00e0 Neuilly sur Marne.\",\"breadcrumb\":{\"@id\":\"https:\/\/jeremias.fr\/fabricant-conduit-tubage\/depot-comptoir-jeremias-lyon-69-conduits-fumee\/#breadcrumb\"},\"inLanguage\":\"fr-FR\",\"potentialAction\":[{\"@type\":\"ReadAction\",\"target\":[\"https:\/\/jeremias.fr\/fabricant-conduit-tubage\/depot-comptoir-jeremias-lyon-69-conduits-fumee\/\"]}]},{\"@type\":\"BreadcrumbList\",\"@id\":\"https:\/\/jeremias.fr\/fabricant-conduit-tubage\/depot-comptoir-jeremias-lyon-69-conduits-fumee\/#breadcrumb\",\"itemListElement\":[{\"@type\":\"ListItem\",\"position\":1,\"name\":\"Home\",\"item\":\"https:\/\/jeremias.fr\/fabricant-conduit-tubage\/\"},{\"@type\":\"ListItem\",\"position\":2,\"name\":\"Le d\u00e9p\u00f4t-comptoir Jeremias \u00e0 Lyon\"}]}]}<\/script>\n<!-- \/ Yoast SEO plugin. -->","yoast_head_json":{"title":"Le d\u00e9p\u00f4t-comptoir Jeremias \u00e0 Lyon (Lentilly - 69) - Conduits de fum\u00e9e","description":"Venez d\u00e9couvrir le d\u00e9p\u00f4t-comptoir r\u00e9serv\u00e9 aux professionnels du secteur de la fumisterie \u00e0 Neuilly sur Marne.","robots":{"index":"index","follow":"follow","max-snippet":"max-snippet:-1","max-image-preview":"max-image-preview:large","max-video-preview":"max-video-preview:-1"},"canonical":"https:\/\/jeremias.fr\/fabricant-conduit-tubage\/depot-comptoir-jeremias-lyon-69-conduits-fumee\/","og_locale":"fr_FR","og_type":"article","og_title":"Le d\u00e9p\u00f4t-comptoir Jeremias \u00e0 Lyon (Lentilly - 69) - Conduits de fum\u00e9e","og_description":"Venez d\u00e9couvrir le d\u00e9p\u00f4t-comptoir r\u00e9serv\u00e9 aux professionnels du secteur de la fumisterie \u00e0 Neuilly sur Marne.","og_url":"https:\/\/jeremias.fr\/fabricant-conduit-tubage\/depot-comptoir-jeremias-lyon-69-conduits-fumee\/","og_site_name":"Jeremias","article_modified_time":"2024-09-19T14:47:23+00:00","author":"Charline","twitter_card":"summary_large_image","schema":{"@context":"https:\/\/schema.org","@graph":[{"@type":"WebSite","@id":"https:\/\/jeremias.fr\/fabricant-conduit-tubage\/#website","url":"https:\/\/jeremias.fr\/fabricant-conduit-tubage\/","name":"Jeremias","description":"Conduits de fum\u00e9e","potentialAction":[{"@type":"SearchAction","target":{"@type":"EntryPoint","urlTemplate":"https:\/\/jeremias.fr\/fabricant-conduit-tubage\/?s={search_term_string}"},"query-input":"required name=search_term_string"}],"inLanguage":"fr-FR"},{"@type":"WebPage","@id":"https:\/\/jeremias.fr\/fabricant-conduit-tubage\/depot-comptoir-jeremias-lyon-69-conduits-fumee\/#webpage","url":"https:\/\/jeremias.fr\/fabricant-conduit-tubage\/depot-comptoir-jeremias-lyon-69-conduits-fumee\/","name":"Le d\u00e9p\u00f4t-comptoir Jeremias \u00e0 Lyon (Lentilly - 69) - Conduits de fum\u00e9e","isPartOf":{"@id":"https:\/\/jeremias.fr\/fabricant-conduit-tubage\/#website"},"datePublished":"2024-03-11T07:50:47+00:00","dateModified":"2024-09-19T14:47:23+00:00","description":"Venez d\u00e9couvrir le d\u00e9p\u00f4t-comptoir r\u00e9serv\u00e9 aux professionnels du secteur de la fumisterie \u00e0 Neuilly sur Marne.","breadcrumb":{"@id":"https:\/\/jeremias.fr\/fabricant-conduit-tubage\/depot-comptoir-jeremias-lyon-69-conduits-fumee\/#breadcrumb"},"inLanguage":"fr-FR","potentialAction":[{"@type":"ReadAction","target":["https:\/\/jeremias.fr\/fabricant-conduit-tubage\/depot-comptoir-jeremias-lyon-69-conduits-fumee\/"]}]},{"@type":"BreadcrumbList","@id":"https:\/\/jeremias.fr\/fabricant-conduit-tubage\/depot-comptoir-jeremias-lyon-69-conduits-fumee\/#breadcrumb","itemListElement":[{"@type":"ListItem","position":1,"name":"Home","item":"https:\/\/jeremias.fr\/fabricant-conduit-tubage\/"},{"@type":"ListItem","position":2,"name":"Le d\u00e9p\u00f4t-comptoir Jeremias \u00e0 Lyon"}]}]}},"_links":{"self":[{"href":"https:\/\/jeremias.fr\/fabricant-conduit-tubage\/wp-json\/wp\/v2\/pages\/3125"}],"collection":[{"href":"https:\/\/jeremias.fr\/fabricant-conduit-tubage\/wp-json\/wp\/v2\/pages"}],"about":[{"href":"https:\/\/jeremias.fr\/fabricant-conduit-tubage\/wp-json\/wp\/v2\/types\/page"}],"author":[{"embeddable":true,"href":"https:\/\/jeremias.fr\/fabricant-conduit-tubage\/wp-json\/wp\/v2\/users\/3"}],"replies":[{"embeddable":true,"href":"https:\/\/jeremias.fr\/fabricant-conduit-tubage\/wp-json\/wp\/v2\/comments?post=3125"}],"version-history":[{"count":17,"href":"https:\/\/jeremias.fr\/fabricant-conduit-tubage\/wp-json\/wp\/v2\/pages\/3125\/revisions"}],"predecessor-version":[{"id":4497,"href":"https:\/\/jeremias.fr\/fabricant-conduit-tubage\/wp-json\/wp\/v2\/pages\/3125\/revisions\/4497"}],"wp:attachment":[{"href":"https:\/\/jeremias.fr\/fabricant-conduit-tubage\/wp-json\/wp\/v2\/media?parent=3125"}],"curies":[{"name":"wp","href":"https:\/\/api.w.org\/{rel}","templated":true}]}}