{"id":3109,"date":"2024-03-11T08:47:19","date_gmt":"2024-03-11T07:47:19","guid":{"rendered":"https:\/\/jeremias.fr\/fabricant-conduit-tubage\/?page_id=3109"},"modified":"2024-09-19T09:40:27","modified_gmt":"2024-09-19T07:40:27","slug":"depot-comptoir-jeremias-paris-neuilly-93-conduits-fumee","status":"publish","type":"page","link":"https:\/\/jeremias.fr\/fabricant-conduit-tubage\/depot-comptoir-jeremias-paris-neuilly-93-conduits-fumee\/","title":{"rendered":"Le d\u00e9p\u00f4t-comptoir Jeremias \u00e0 Paris"},"content":{"rendered":"","protected":false},"excerpt":{"rendered":"","protected":false},"author":3,"featured_media":0,"parent":0,"menu_order":0,"comment_status":"closed","ping_status":"closed","template":"templates\/template-edito.php","meta":{"inline_featured_image":false},"acf":{"introduction":"<h2 class=\"h1 title-edito-blog\">Jeremias vous attend en Ile de France pour vous servir en conduits de fum\u00e9e !<\/h2>\n<p>Un d\u00e9p\u00f4t comptoir \u00e0 Neuilly-sur-Marne r\u00e9serv\u00e9 exclusivement aux <strong>professionnels<\/strong> du secteur de la fumisterie.<\/p>\n<p>Besoin d&rsquo;une solution de d\u00e9pannage ? D&rsquo;une pi\u00e8ce en urgence ? Ou de conseils rapides ?<\/p>\n<p>Notre \u00e9quipe technique et logistique sont \u00e0 votre disposition avec leur expertise et un stock de proximit\u00e9.<\/p>\n","sous_rubriques":[{"titre":"","blocs":[{"acf_fc_layout":"galerie","images":[{"ID":3113,"id":3113,"title":"comptoir-jeremias-ile-de-france-conduit-fum\u00e9e","filename":"comptoir-jeremias-ile-de-france-conduit-fumees.jpg","filesize":174247,"url":"https:\/\/jeremias.fr\/fabricant-conduit-tubage\/app\/uploads\/2024\/03\/comptoir-jeremias-ile-de-france-conduit-fumees.jpg","link":"https:\/\/jeremias.fr\/fabricant-conduit-tubage\/depot-comptoir-jeremias-paris-neuilly-93-conduits-fumee\/attachment\/comptoir-jeremias-ile-de-france-conduit-fumees\/","alt":"Magasin JEREMIAS Ile de France - Conduits de fum\u00e9e","author":"3","description":"","caption":"","name":"comptoir-jeremias-ile-de-france-conduit-fumees","status":"inherit","uploaded_to":3109,"date":"2024-03-08 10:13:12","modified":"2024-03-08 10:14:21","menu_order":0,"mime_type":"image\/jpeg","type":"image","subtype":"jpeg","icon":"https:\/\/jeremias.fr\/fabricant-conduit-tubage\/wp\/wp-includes\/images\/media\/default.png","width":1000,"height":750,"sizes":{"thumbnail":"https:\/\/jeremias.fr\/fabricant-conduit-tubage\/app\/uploads\/2024\/03\/comptoir-jeremias-ile-de-france-conduit-fumees-542x355.jpg","thumbnail-width":542,"thumbnail-height":355,"medium":"https:\/\/jeremias.fr\/fabricant-conduit-tubage\/app\/uploads\/2024\/03\/comptoir-jeremias-ile-de-france-conduit-fumees-300x225.jpg","medium-width":300,"medium-height":225,"medium_large":"https:\/\/jeremias.fr\/fabricant-conduit-tubage\/app\/uploads\/2024\/03\/comptoir-jeremias-ile-de-france-conduit-fumees-768x576.jpg","medium_large-width":640,"medium_large-height":480,"large":"https:\/\/jeremias.fr\/fabricant-conduit-tubage\/app\/uploads\/2024\/03\/comptoir-jeremias-ile-de-france-conduit-fumees.jpg","large-width":640,"large-height":480,"1536x1536":"https:\/\/jeremias.fr\/fabricant-conduit-tubage\/app\/uploads\/2024\/03\/comptoir-jeremias-ile-de-france-conduit-fumees.jpg","1536x1536-width":1000,"1536x1536-height":750,"2048x2048":"https:\/\/jeremias.fr\/fabricant-conduit-tubage\/app\/uploads\/2024\/03\/comptoir-jeremias-ile-de-france-conduit-fumees.jpg","2048x2048-width":1000,"2048x2048-height":750,"post-thumbnail":"https:\/\/jeremias.fr\/fabricant-conduit-tubage\/app\/uploads\/2024\/03\/comptoir-jeremias-ile-de-france-conduit-fumees-542x355.jpg","post-thumbnail-width":542,"post-thumbnail-height":355,"slider":"https:\/\/jeremias.fr\/fabricant-conduit-tubage\/app\/uploads\/2024\/03\/comptoir-jeremias-ile-de-france-conduit-fumees-967x461.jpg","slider-width":967,"slider-height":461,"timeline":"https:\/\/jeremias.fr\/fabricant-conduit-tubage\/app\/uploads\/2024\/03\/comptoir-jeremias-ile-de-france-conduit-fumees-399x257.jpg","timeline-width":399,"timeline-height":257}},{"ID":3111,"id":3111,"title":"Comptoir JEREMIAS Ile de France - Conduits de fum\u00e9e","filename":"3-4.jpg","filesize":230759,"url":"https:\/\/jeremias.fr\/fabricant-conduit-tubage\/app\/uploads\/2024\/03\/3-4.jpg","link":"https:\/\/jeremias.fr\/fabricant-conduit-tubage\/depot-comptoir-jeremias-paris-neuilly-93-conduits-fumee\/attachment\/3-4\/","alt":"Showroom - Jeremias Ile de France - Conduit de Fum\u00e9es","author":"3","description":"","caption":"","name":"3-4","status":"inherit","uploaded_to":3109,"date":"2024-03-08 10:08:46","modified":"2024-03-08 10:14:24","menu_order":0,"mime_type":"image\/jpeg","type":"image","subtype":"jpeg","icon":"https:\/\/jeremias.fr\/fabricant-conduit-tubage\/wp\/wp-includes\/images\/media\/default.png","width":1600,"height":1200,"sizes":{"thumbnail":"https:\/\/jeremias.fr\/fabricant-conduit-tubage\/app\/uploads\/2024\/03\/3-4-542x355.jpg","thumbnail-width":542,"thumbnail-height":355,"medium":"https:\/\/jeremias.fr\/fabricant-conduit-tubage\/app\/uploads\/2024\/03\/3-4-300x225.jpg","medium-width":300,"medium-height":225,"medium_large":"https:\/\/jeremias.fr\/fabricant-conduit-tubage\/app\/uploads\/2024\/03\/3-4-768x576.jpg","medium_large-width":640,"medium_large-height":480,"large":"https:\/\/jeremias.fr\/fabricant-conduit-tubage\/app\/uploads\/2024\/03\/3-4-1024x768.jpg","large-width":640,"large-height":480,"1536x1536":"https:\/\/jeremias.fr\/fabricant-conduit-tubage\/app\/uploads\/2024\/03\/3-4-1536x1152.jpg","1536x1536-width":1536,"1536x1536-height":1152,"2048x2048":"https:\/\/jeremias.fr\/fabricant-conduit-tubage\/app\/uploads\/2024\/03\/3-4.jpg","2048x2048-width":1600,"2048x2048-height":1200,"post-thumbnail":"https:\/\/jeremias.fr\/fabricant-conduit-tubage\/app\/uploads\/2024\/03\/3-4-542x355.jpg","post-thumbnail-width":542,"post-thumbnail-height":355,"slider":"https:\/\/jeremias.fr\/fabricant-conduit-tubage\/app\/uploads\/2024\/03\/3-4-967x461.jpg","slider-width":967,"slider-height":461,"timeline":"https:\/\/jeremias.fr\/fabricant-conduit-tubage\/app\/uploads\/2024\/03\/3-4-399x257.jpg","timeline-width":399,"timeline-height":257}},{"ID":3115,"id":3115,"title":"Espace caf\u00e9 Jeremias Ile de France - Conduits de fum\u00e9e","filename":"3-3.jpg","filesize":175185,"url":"https:\/\/jeremias.fr\/fabricant-conduit-tubage\/app\/uploads\/2024\/03\/3-3.jpg","link":"https:\/\/jeremias.fr\/fabricant-conduit-tubage\/depot-comptoir-jeremias-paris-neuilly-93-conduits-fumee\/attachment\/3-3\/","alt":"Espace caf\u00e9 Jeremias Ile de France - Conduits de fum\u00e9e","author":"3","description":"","caption":"","name":"3-3","status":"inherit","uploaded_to":3109,"date":"2024-03-08 10:15:41","modified":"2024-03-08 10:16:12","menu_order":0,"mime_type":"image\/jpeg","type":"image","subtype":"jpeg","icon":"https:\/\/jeremias.fr\/fabricant-conduit-tubage\/wp\/wp-includes\/images\/media\/default.png","width":1600,"height":1200,"sizes":{"thumbnail":"https:\/\/jeremias.fr\/fabricant-conduit-tubage\/app\/uploads\/2024\/03\/3-3-542x355.jpg","thumbnail-width":542,"thumbnail-height":355,"medium":"https:\/\/jeremias.fr\/fabricant-conduit-tubage\/app\/uploads\/2024\/03\/3-3-300x225.jpg","medium-width":300,"medium-height":225,"medium_large":"https:\/\/jeremias.fr\/fabricant-conduit-tubage\/app\/uploads\/2024\/03\/3-3-768x576.jpg","medium_large-width":640,"medium_large-height":480,"large":"https:\/\/jeremias.fr\/fabricant-conduit-tubage\/app\/uploads\/2024\/03\/3-3-1024x768.jpg","large-width":640,"large-height":480,"1536x1536":"https:\/\/jeremias.fr\/fabricant-conduit-tubage\/app\/uploads\/2024\/03\/3-3-1536x1152.jpg","1536x1536-width":1536,"1536x1536-height":1152,"2048x2048":"https:\/\/jeremias.fr\/fabricant-conduit-tubage\/app\/uploads\/2024\/03\/3-3.jpg","2048x2048-width":1600,"2048x2048-height":1200,"post-thumbnail":"https:\/\/jeremias.fr\/fabricant-conduit-tubage\/app\/uploads\/2024\/03\/3-3-542x355.jpg","post-thumbnail-width":542,"post-thumbnail-height":355,"slider":"https:\/\/jeremias.fr\/fabricant-conduit-tubage\/app\/uploads\/2024\/03\/3-3-967x461.jpg","slider-width":967,"slider-height":461,"timeline":"https:\/\/jeremias.fr\/fabricant-conduit-tubage\/app\/uploads\/2024\/03\/3-3-399x257.jpg","timeline-width":399,"timeline-height":257}},{"ID":3116,"id":3116,"title":"Showroom - Jeremias Ile de France - Conduit de fum\u00e9e","filename":"3-6.jpg","filesize":210463,"url":"https:\/\/jeremias.fr\/fabricant-conduit-tubage\/app\/uploads\/2024\/03\/3-6.jpg","link":"https:\/\/jeremias.fr\/fabricant-conduit-tubage\/depot-comptoir-jeremias-paris-neuilly-93-conduits-fumee\/attachment\/3-6\/","alt":"Showroom - Jeremias Ile de France - Conduit de fum\u00e9e","author":"3","description":"","caption":"","name":"3-6","status":"inherit","uploaded_to":3109,"date":"2024-03-08 10:15:43","modified":"2024-03-08 10:16:42","menu_order":0,"mime_type":"image\/jpeg","type":"image","subtype":"jpeg","icon":"https:\/\/jeremias.fr\/fabricant-conduit-tubage\/wp\/wp-includes\/images\/media\/default.png","width":1600,"height":1200,"sizes":{"thumbnail":"https:\/\/jeremias.fr\/fabricant-conduit-tubage\/app\/uploads\/2024\/03\/3-6-542x355.jpg","thumbnail-width":542,"thumbnail-height":355,"medium":"https:\/\/jeremias.fr\/fabricant-conduit-tubage\/app\/uploads\/2024\/03\/3-6-300x225.jpg","medium-width":300,"medium-height":225,"medium_large":"https:\/\/jeremias.fr\/fabricant-conduit-tubage\/app\/uploads\/2024\/03\/3-6-768x576.jpg","medium_large-width":640,"medium_large-height":480,"large":"https:\/\/jeremias.fr\/fabricant-conduit-tubage\/app\/uploads\/2024\/03\/3-6-1024x768.jpg","large-width":640,"large-height":480,"1536x1536":"https:\/\/jeremias.fr\/fabricant-conduit-tubage\/app\/uploads\/2024\/03\/3-6-1536x1152.jpg","1536x1536-width":1536,"1536x1536-height":1152,"2048x2048":"https:\/\/jeremias.fr\/fabricant-conduit-tubage\/app\/uploads\/2024\/03\/3-6.jpg","2048x2048-width":1600,"2048x2048-height":1200,"post-thumbnail":"https:\/\/jeremias.fr\/fabricant-conduit-tubage\/app\/uploads\/2024\/03\/3-6-542x355.jpg","post-thumbnail-width":542,"post-thumbnail-height":355,"slider":"https:\/\/jeremias.fr\/fabricant-conduit-tubage\/app\/uploads\/2024\/03\/3-6-967x461.jpg","slider-width":967,"slider-height":461,"timeline":"https:\/\/jeremias.fr\/fabricant-conduit-tubage\/app\/uploads\/2024\/03\/3-6-399x257.jpg","timeline-width":399,"timeline-height":257}}]},{"acf_fc_layout":"bloc_de_texte","texte":"<p>&nbsp;<\/p>\n<p style=\"text-align: center;\">L&rsquo;\u00e9quipe vous accueille :<\/p>\n<p style=\"text-align: center;\"><strong>Du lundi au jeudi :<\/strong> 7h30 \u00e0 12h &#8211; 13h30 \u00e0 17h00<br \/>\n<strong>Le vendredi :<\/strong> 7h30 \u00e0 12h &#8211; 13h30 \u00e0 16h00<\/p>\n<p>&nbsp;<\/p>\n<p style=\"text-align: center;\"><strong>85\/87 rue des fr\u00e8res Lumi\u00e8re &#8211; ZA des Chanoux<br \/>\n93330 NEUILLY SUR MARNE<\/strong>.<\/p>\n<p><a href=\"https:\/\/maps.app.goo.gl\/swYgekicUe81M9748\" target=\"_blank\" rel=\"noopener\"><img loading=\"lazy\" class=\"aligncenter wp-image-3053\" src=\"https:\/\/jeremias.fr\/fabricant-conduit-tubage\/app\/uploads\/2024\/02\/CTA-inscription-jeremias.fr-2.png\" alt=\"CTA itin\u00e9raire Jeremias IDF\" width=\"417\" height=\"125\" srcset=\"https:\/\/jeremias.fr\/fabricant-conduit-tubage\/app\/uploads\/2024\/02\/CTA-inscription-jeremias.fr-2.png 1000w, https:\/\/jeremias.fr\/fabricant-conduit-tubage\/app\/uploads\/2024\/02\/CTA-inscription-jeremias.fr-2-300x90.png 300w, https:\/\/jeremias.fr\/fabricant-conduit-tubage\/app\/uploads\/2024\/02\/CTA-inscription-jeremias.fr-2-768x230.png 768w\" sizes=\"(max-width: 417px) 100vw, 417px\" \/><\/a><\/p>\n"}]},{"titre":"Pr\u00e9sentation","blocs":[{"acf_fc_layout":"bloc_de_texte","texte":"<p>Etes-vous pr\u00eat \u00e0 vivre <strong>une nouvelle exp\u00e9rience en fumisterie<\/strong> ? L&rsquo;adaptabilit\u00e9, l&rsquo;esprit d\u2019\u00e9quipe, l&rsquo;am\u00e9lioration continue et l&rsquo;\u00e9coute font partis des valeurs de Jeremias. Elles font notre force, notre savoir-faire et nous permettent de vous satisfaire !<\/p>\n<p>Nous mettons \u00e0 votre disposition, un <strong>large choix de produits<\/strong> (longueurs, coudes, t\u00e9s, tampon, chapeau&#8230;) accompagn\u00e9s de leurs <strong>accessoires<\/strong> (solin, collerette, brides&#8230;) pour r\u00e9pondre \u00e0 tous vos besoins.<\/p>\n"}]},{"titre":"Notre offre","blocs":[{"acf_fc_layout":"bloc_de_texte","texte":"<ul>\n<li>Un <strong>service de proximit\u00e9<\/strong> pour vous servir toujours plus rapidement<\/li>\n<li>Une solution de <strong>livraison<\/strong> directement sur vos <strong>chantiers<\/strong><\/li>\n<li>Une \u00e9quipe d&rsquo;accueil <strong>technique et commerciale<\/strong> pour vous guider<\/li>\n<\/ul>\n<p>&nbsp;<\/p>\n"}]},{"titre":"Equipe et contact","blocs":[{"acf_fc_layout":"bloc_de_texte","texte":"<p><b>Charles <\/b>COELHO, notre directeur commercial Nord, <span class=\"cf0\"><strong>Jimmy<\/strong> RAMASSAMY notre responsable de d\u00e9p\u00f4t et toute l&rsquo;\u00e9quipe vous accueilleront avec grand plaisir ! A votre disposition pour vous servir en conduits (grands diam\u00e8tres disponibles) et r\u00e9pondre \u00e0 vos<\/span> demandes techniques autour d&rsquo;un bon caf\u00e9 !<\/p>\n<p>&nbsp;<\/p>\n<p><span style=\"text-decoration: underline;\"><strong>Contact :\u00a0<\/strong><\/span><\/p>\n<p>T\u00e9l\u00e9phone &#8211;\u00a0<a href=\"tel:+33141535045\"><strong>01 41 53 50 45<\/strong><\/a><\/p>\n<p><a href=\"https:\/\/jeremias.fr\/nous-contacter\">&gt;&gt; Laissez-nous un message<\/a><\/p>\n<p>&nbsp;<\/p>\n<p><iframe loading=\"lazy\" style=\"border: 0;\" src=\"https:\/\/www.google.com\/maps\/embed?pb=!1m14!1m8!1m3!1d10498.158491639204!2d2.5204604!3d48.8669887!3m2!1i1024!2i768!4f13.1!3m3!1m2!1s0x47e6126c10baaaab%3A0x42391c8a475486a4!2sJeremias%20IDF!5e0!3m2!1sfr!2sfr!4v1712841734087!5m2!1sfr!2sfr\" width=\"100%\" height=\"450\" allowfullscreen=\"allowfullscreen\"><\/iframe><\/p>\n"}]}],"utiliser_layout_presta":true,"produits_suggeres":[]},"yoast_head":"<!-- This site is optimized with the Yoast SEO plugin v19.2 - https:\/\/yoast.com\/wordpress\/plugins\/seo\/ -->\n<title>Le d\u00e9p\u00f4t-comptoir Jeremias \u00e0 Paris<\/title>\n<meta name=\"description\" content=\"D\u00e9couvrez le d\u00e9p\u00f4t-comptoir destin\u00e9 aux professionnels \u00e0 Neuilly sur Marne pour acheter vos conduits de fum\u00e9e.\" \/>\n<meta name=\"robots\" content=\"index, follow, max-snippet:-1, max-image-preview:large, max-video-preview:-1\" \/>\n<link rel=\"canonical\" href=\"https:\/\/jeremias.fr\/fabricant-conduit-tubage\/depot-comptoir-jeremias-paris-neuilly-93-conduits-fumee\/\" \/>\n<meta property=\"og:locale\" content=\"fr_FR\" \/>\n<meta property=\"og:type\" content=\"article\" \/>\n<meta property=\"og:title\" content=\"Le d\u00e9p\u00f4t-comptoir Jeremias \u00e0 Paris\" \/>\n<meta property=\"og:description\" content=\"D\u00e9couvrez le d\u00e9p\u00f4t-comptoir destin\u00e9 aux professionnels \u00e0 Neuilly sur Marne pour acheter vos conduits de fum\u00e9e.\" \/>\n<meta property=\"og:url\" content=\"https:\/\/jeremias.fr\/fabricant-conduit-tubage\/depot-comptoir-jeremias-paris-neuilly-93-conduits-fumee\/\" \/>\n<meta property=\"og:site_name\" content=\"Jeremias\" \/>\n<meta property=\"article:modified_time\" content=\"2024-09-19T07:40:27+00:00\" \/>\n<meta name=\"author\" content=\"Charline\" \/>\n<meta name=\"twitter:card\" content=\"summary_large_image\" \/>\n<script type=\"application\/ld+json\" class=\"yoast-schema-graph\">{\"@context\":\"https:\/\/schema.org\",\"@graph\":[{\"@type\":\"WebSite\",\"@id\":\"https:\/\/jeremias.fr\/fabricant-conduit-tubage\/#website\",\"url\":\"https:\/\/jeremias.fr\/fabricant-conduit-tubage\/\",\"name\":\"Jeremias\",\"description\":\"Conduits de fum\u00e9e\",\"potentialAction\":[{\"@type\":\"SearchAction\",\"target\":{\"@type\":\"EntryPoint\",\"urlTemplate\":\"https:\/\/jeremias.fr\/fabricant-conduit-tubage\/?s={search_term_string}\"},\"query-input\":\"required name=search_term_string\"}],\"inLanguage\":\"fr-FR\"},{\"@type\":\"WebPage\",\"@id\":\"https:\/\/jeremias.fr\/fabricant-conduit-tubage\/depot-comptoir-jeremias-paris-neuilly-93-conduits-fumee\/#webpage\",\"url\":\"https:\/\/jeremias.fr\/fabricant-conduit-tubage\/depot-comptoir-jeremias-paris-neuilly-93-conduits-fumee\/\",\"name\":\"Le d\u00e9p\u00f4t-comptoir Jeremias \u00e0 Paris\",\"isPartOf\":{\"@id\":\"https:\/\/jeremias.fr\/fabricant-conduit-tubage\/#website\"},\"datePublished\":\"2024-03-11T07:47:19+00:00\",\"dateModified\":\"2024-09-19T07:40:27+00:00\",\"description\":\"D\u00e9couvrez le d\u00e9p\u00f4t-comptoir destin\u00e9 aux professionnels \u00e0 Neuilly sur Marne pour acheter vos conduits de fum\u00e9e.\",\"breadcrumb\":{\"@id\":\"https:\/\/jeremias.fr\/fabricant-conduit-tubage\/depot-comptoir-jeremias-paris-neuilly-93-conduits-fumee\/#breadcrumb\"},\"inLanguage\":\"fr-FR\",\"potentialAction\":[{\"@type\":\"ReadAction\",\"target\":[\"https:\/\/jeremias.fr\/fabricant-conduit-tubage\/depot-comptoir-jeremias-paris-neuilly-93-conduits-fumee\/\"]}]},{\"@type\":\"BreadcrumbList\",\"@id\":\"https:\/\/jeremias.fr\/fabricant-conduit-tubage\/depot-comptoir-jeremias-paris-neuilly-93-conduits-fumee\/#breadcrumb\",\"itemListElement\":[{\"@type\":\"ListItem\",\"position\":1,\"name\":\"Home\",\"item\":\"https:\/\/jeremias.fr\/fabricant-conduit-tubage\/\"},{\"@type\":\"ListItem\",\"position\":2,\"name\":\"Le d\u00e9p\u00f4t-comptoir Jeremias \u00e0 Paris\"}]}]}<\/script>\n<!-- \/ Yoast SEO plugin. -->","yoast_head_json":{"title":"Le d\u00e9p\u00f4t-comptoir Jeremias \u00e0 Paris","description":"D\u00e9couvrez le d\u00e9p\u00f4t-comptoir destin\u00e9 aux professionnels \u00e0 Neuilly sur Marne pour acheter vos conduits de fum\u00e9e.","robots":{"index":"index","follow":"follow","max-snippet":"max-snippet:-1","max-image-preview":"max-image-preview:large","max-video-preview":"max-video-preview:-1"},"canonical":"https:\/\/jeremias.fr\/fabricant-conduit-tubage\/depot-comptoir-jeremias-paris-neuilly-93-conduits-fumee\/","og_locale":"fr_FR","og_type":"article","og_title":"Le d\u00e9p\u00f4t-comptoir Jeremias \u00e0 Paris","og_description":"D\u00e9couvrez le d\u00e9p\u00f4t-comptoir destin\u00e9 aux professionnels \u00e0 Neuilly sur Marne pour acheter vos conduits de fum\u00e9e.","og_url":"https:\/\/jeremias.fr\/fabricant-conduit-tubage\/depot-comptoir-jeremias-paris-neuilly-93-conduits-fumee\/","og_site_name":"Jeremias","article_modified_time":"2024-09-19T07:40:27+00:00","author":"Charline","twitter_card":"summary_large_image","schema":{"@context":"https:\/\/schema.org","@graph":[{"@type":"WebSite","@id":"https:\/\/jeremias.fr\/fabricant-conduit-tubage\/#website","url":"https:\/\/jeremias.fr\/fabricant-conduit-tubage\/","name":"Jeremias","description":"Conduits de fum\u00e9e","potentialAction":[{"@type":"SearchAction","target":{"@type":"EntryPoint","urlTemplate":"https:\/\/jeremias.fr\/fabricant-conduit-tubage\/?s={search_term_string}"},"query-input":"required name=search_term_string"}],"inLanguage":"fr-FR"},{"@type":"WebPage","@id":"https:\/\/jeremias.fr\/fabricant-conduit-tubage\/depot-comptoir-jeremias-paris-neuilly-93-conduits-fumee\/#webpage","url":"https:\/\/jeremias.fr\/fabricant-conduit-tubage\/depot-comptoir-jeremias-paris-neuilly-93-conduits-fumee\/","name":"Le d\u00e9p\u00f4t-comptoir Jeremias \u00e0 Paris","isPartOf":{"@id":"https:\/\/jeremias.fr\/fabricant-conduit-tubage\/#website"},"datePublished":"2024-03-11T07:47:19+00:00","dateModified":"2024-09-19T07:40:27+00:00","description":"D\u00e9couvrez le d\u00e9p\u00f4t-comptoir destin\u00e9 aux professionnels \u00e0 Neuilly sur Marne pour acheter vos conduits de fum\u00e9e.","breadcrumb":{"@id":"https:\/\/jeremias.fr\/fabricant-conduit-tubage\/depot-comptoir-jeremias-paris-neuilly-93-conduits-fumee\/#breadcrumb"},"inLanguage":"fr-FR","potentialAction":[{"@type":"ReadAction","target":["https:\/\/jeremias.fr\/fabricant-conduit-tubage\/depot-comptoir-jeremias-paris-neuilly-93-conduits-fumee\/"]}]},{"@type":"BreadcrumbList","@id":"https:\/\/jeremias.fr\/fabricant-conduit-tubage\/depot-comptoir-jeremias-paris-neuilly-93-conduits-fumee\/#breadcrumb","itemListElement":[{"@type":"ListItem","position":1,"name":"Home","item":"https:\/\/jeremias.fr\/fabricant-conduit-tubage\/"},{"@type":"ListItem","position":2,"name":"Le d\u00e9p\u00f4t-comptoir Jeremias \u00e0 Paris"}]}]}},"_links":{"self":[{"href":"https:\/\/jeremias.fr\/fabricant-conduit-tubage\/wp-json\/wp\/v2\/pages\/3109"}],"collection":[{"href":"https:\/\/jeremias.fr\/fabricant-conduit-tubage\/wp-json\/wp\/v2\/pages"}],"about":[{"href":"https:\/\/jeremias.fr\/fabricant-conduit-tubage\/wp-json\/wp\/v2\/types\/page"}],"author":[{"embeddable":true,"href":"https:\/\/jeremias.fr\/fabricant-conduit-tubage\/wp-json\/wp\/v2\/users\/3"}],"replies":[{"embeddable":true,"href":"https:\/\/jeremias.fr\/fabricant-conduit-tubage\/wp-json\/wp\/v2\/comments?post=3109"}],"version-history":[{"count":26,"href":"https:\/\/jeremias.fr\/fabricant-conduit-tubage\/wp-json\/wp\/v2\/pages\/3109\/revisions"}],"predecessor-version":[{"id":4493,"href":"https:\/\/jeremias.fr\/fabricant-conduit-tubage\/wp-json\/wp\/v2\/pages\/3109\/revisions\/4493"}],"wp:attachment":[{"href":"https:\/\/jeremias.fr\/fabricant-conduit-tubage\/wp-json\/wp\/v2\/media?parent=3109"}],"curies":[{"name":"wp","href":"https:\/\/api.w.org\/{rel}","templated":true}]}}