{"id":1493,"date":"2020-10-19T16:57:37","date_gmt":"2020-10-19T14:57:37","guid":{"rendered":"https:\/\/jeremias.fr\/fabricant-conduit-tubage\/?page_id=1493"},"modified":"2020-10-20T08:44:41","modified_gmt":"2020-10-20T06:44:41","slug":"temoignages-dune-relation-client-durable","status":"publish","type":"page","link":"https:\/\/jeremias.fr\/fabricant-conduit-tubage\/temoignages-dune-relation-client-durable\/","title":{"rendered":"T\u00e9moignages d&rsquo;une relation client durable"},"content":{"rendered":"","protected":false},"excerpt":{"rendered":"","protected":false},"author":4,"featured_media":0,"parent":0,"menu_order":0,"comment_status":"closed","ping_status":"closed","template":"templates\/template-edito.php","meta":{"inline_featured_image":false},"acf":{"introduction":"<h1 class=\"title-edito-blog\">Une relation client au premier plan chez Jeremias.<\/h1>\n<p>D\u00e9couvrez les t\u00e9moignages de deux clients fid\u00e8les \u00e0 Jeremias France pour comprendre nos valeurs et nos ambitions dans la relation que nous entretenons avec nos partenaires.<\/p>\n","sous_rubriques":[{"titre":"Nos clients le disent","blocs":[{"acf_fc_layout":"blocs_numerotes","paragraphes":[{"titre":"Qualit\u00e9","texte":"\"Leurs produits sont tr\u00e8s qualitatifs, surtout le double paroi\". Nous avons enti\u00e8rement confiance en la qualit\u00e9 de nos produits, venant d'Allemagne. Leur r\u00e9putation se confirme par une rigueur parfaite sur la fabrication. "},{"titre":"Adaptabilit\u00e9","texte":"Nos produits recoupables permettent aux clients de les adapter sur un grand nombre de configuration. Pour nous, il est important de r\u00e9pondre \u00e0 un maximum des besoins de nos partenaires. "},{"titre":"Prix attractifs","texte":"Jeremias France essaye d'\u00eatre au plus proche d'un \u00e9quilibre entre le prix et la qualit\u00e9 afin de proposer des offres attractives et en corr\u00e9lation avec le march\u00e9 actuel. "},{"titre":"Service exemplaire","texte":"Livraison rapide, expertise parfaite, un site internet pratique et fluide, sont autant de services que nous avons mis en place pour nos clients, qui en sont tr\u00e8s satisfaits. "}]}]},{"titre":"Les t\u00e9moignages","blocs":[{"acf_fc_layout":"bloc_de_texte","texte":"<p>&nbsp;<\/p>\n<p>\u00ab\u00a0Pour nos conduits de fum\u00e9es, nous avons choisi Jeremias et nous en sommes <strong>tr\u00e8s satisfait<\/strong>. Leurs <strong>produits sont tr\u00e8s qualitatifs<\/strong> surtout sur le double-paroi. Le fait qu\u2019ils soient recoupables nous permet de nous <strong>adapter tr\u00e8s facilement<\/strong> aux besoins des clients et donc de trouver <strong>la solution tr\u00e8s rapidement<\/strong>. En plus d\u2019avoir des <strong>prix tr\u00e8s attractifs<\/strong>, Jeremias fourni un service exemplaire avec une <strong>livraison rapide<\/strong>, un <strong>site internet marchand pratique<\/strong> et une <strong>expertise parfaite<\/strong>.\u00a0\u00bb<\/p>\n<p><em>Chemin\u00e9es THOUY, Perpignan (66)<\/em><\/p>\n<p>&nbsp;<\/p>\n<p>\u00ab\u00a0Client <strong>depuis 2008<\/strong> chez Jeremias nous avons \u00e9tablis une r\u00e9elle <strong>relation de confiance et de proximit\u00e9<\/strong> avec eux. Les produits sont de <strong>tr\u00e8s bonne qualit\u00e9<\/strong> et les<strong> d\u00e9lais de livraison sont plus que raisonnable<\/strong>. Sans parler de leur site internet, ils ont vraiment une<strong> longueur d\u2019avance par rapport \u00e0 la concurrence<\/strong>. On peut <strong>g\u00e9rer nos commandes tr\u00e8s facilement<\/strong>, commander \u00e0 la contre-marque, <strong>g\u00e9rer les chantiers des client<\/strong>s en leurs faisant des chiffrages rapidement. Le<strong> site est tr\u00e8s simple d\u2019utilisation<\/strong>, toutes les personnes du magasin peuvent passer commande tr\u00e8s facilement.\u00a0\u00bb<\/p>\n<p><em>Cot\u00e9s Flammes, Saix (81)<\/em><\/p>\n"}]}],"utiliser_layout_presta":true,"produits_suggeres":[]},"yoast_head":"<!-- This site is optimized with the Yoast SEO plugin v19.2 - https:\/\/yoast.com\/wordpress\/plugins\/seo\/ -->\n<title>T\u00e9moignages d&#039;une relation client durable - Jeremias<\/title>\n<meta name=\"description\" content=\"D\u00e9couvrez les t\u00e9moignages de deux clients fid\u00e8les pour mieux comprendre l&#039;univers Jeremias, o\u00f9 la relation client est au centre de tout.\" \/>\n<meta name=\"robots\" content=\"index, follow, max-snippet:-1, max-image-preview:large, max-video-preview:-1\" \/>\n<link rel=\"canonical\" href=\"https:\/\/jeremias.fr\/fabricant-conduit-tubage\/temoignages-dune-relation-client-durable\/\" \/>\n<meta property=\"og:locale\" content=\"fr_FR\" \/>\n<meta property=\"og:type\" content=\"article\" \/>\n<meta property=\"og:title\" content=\"T\u00e9moignages d&#039;une relation client durable - Jeremias\" \/>\n<meta property=\"og:description\" content=\"D\u00e9couvrez les t\u00e9moignages de deux clients fid\u00e8les pour mieux comprendre l&#039;univers Jeremias, o\u00f9 la relation client est au centre de tout.\" \/>\n<meta property=\"og:url\" content=\"https:\/\/jeremias.fr\/fabricant-conduit-tubage\/temoignages-dune-relation-client-durable\/\" \/>\n<meta property=\"og:site_name\" content=\"Jeremias\" \/>\n<meta property=\"article:modified_time\" content=\"2020-10-20T06:44:41+00:00\" \/>\n<meta name=\"author\" content=\"Eva Aristhene\" \/>\n<meta name=\"twitter:card\" content=\"summary_large_image\" \/>\n<script type=\"application\/ld+json\" class=\"yoast-schema-graph\">{\"@context\":\"https:\/\/schema.org\",\"@graph\":[{\"@type\":\"WebSite\",\"@id\":\"https:\/\/jeremias.fr\/fabricant-conduit-tubage\/#website\",\"url\":\"https:\/\/jeremias.fr\/fabricant-conduit-tubage\/\",\"name\":\"Jeremias\",\"description\":\"Conduits de fum\u00e9e\",\"potentialAction\":[{\"@type\":\"SearchAction\",\"target\":{\"@type\":\"EntryPoint\",\"urlTemplate\":\"https:\/\/jeremias.fr\/fabricant-conduit-tubage\/?s={search_term_string}\"},\"query-input\":\"required name=search_term_string\"}],\"inLanguage\":\"fr-FR\"},{\"@type\":\"WebPage\",\"@id\":\"https:\/\/jeremias.fr\/fabricant-conduit-tubage\/temoignages-dune-relation-client-durable\/#webpage\",\"url\":\"https:\/\/jeremias.fr\/fabricant-conduit-tubage\/temoignages-dune-relation-client-durable\/\",\"name\":\"T\u00e9moignages d'une relation client durable - Jeremias\",\"isPartOf\":{\"@id\":\"https:\/\/jeremias.fr\/fabricant-conduit-tubage\/#website\"},\"datePublished\":\"2020-10-19T14:57:37+00:00\",\"dateModified\":\"2020-10-20T06:44:41+00:00\",\"description\":\"D\u00e9couvrez les t\u00e9moignages de deux clients fid\u00e8les pour mieux comprendre l'univers Jeremias, o\u00f9 la relation client est au centre de tout.\",\"breadcrumb\":{\"@id\":\"https:\/\/jeremias.fr\/fabricant-conduit-tubage\/temoignages-dune-relation-client-durable\/#breadcrumb\"},\"inLanguage\":\"fr-FR\",\"potentialAction\":[{\"@type\":\"ReadAction\",\"target\":[\"https:\/\/jeremias.fr\/fabricant-conduit-tubage\/temoignages-dune-relation-client-durable\/\"]}]},{\"@type\":\"BreadcrumbList\",\"@id\":\"https:\/\/jeremias.fr\/fabricant-conduit-tubage\/temoignages-dune-relation-client-durable\/#breadcrumb\",\"itemListElement\":[{\"@type\":\"ListItem\",\"position\":1,\"name\":\"Home\",\"item\":\"https:\/\/jeremias.fr\/fabricant-conduit-tubage\/\"},{\"@type\":\"ListItem\",\"position\":2,\"name\":\"T\u00e9moignages d&rsquo;une relation client durable\"}]}]}<\/script>\n<!-- \/ Yoast SEO plugin. -->","yoast_head_json":{"title":"T\u00e9moignages d'une relation client durable - Jeremias","description":"D\u00e9couvrez les t\u00e9moignages de deux clients fid\u00e8les pour mieux comprendre l'univers Jeremias, o\u00f9 la relation client est au centre de tout.","robots":{"index":"index","follow":"follow","max-snippet":"max-snippet:-1","max-image-preview":"max-image-preview:large","max-video-preview":"max-video-preview:-1"},"canonical":"https:\/\/jeremias.fr\/fabricant-conduit-tubage\/temoignages-dune-relation-client-durable\/","og_locale":"fr_FR","og_type":"article","og_title":"T\u00e9moignages d'une relation client durable - Jeremias","og_description":"D\u00e9couvrez les t\u00e9moignages de deux clients fid\u00e8les pour mieux comprendre l'univers Jeremias, o\u00f9 la relation client est au centre de tout.","og_url":"https:\/\/jeremias.fr\/fabricant-conduit-tubage\/temoignages-dune-relation-client-durable\/","og_site_name":"Jeremias","article_modified_time":"2020-10-20T06:44:41+00:00","author":"Eva Aristhene","twitter_card":"summary_large_image","schema":{"@context":"https:\/\/schema.org","@graph":[{"@type":"WebSite","@id":"https:\/\/jeremias.fr\/fabricant-conduit-tubage\/#website","url":"https:\/\/jeremias.fr\/fabricant-conduit-tubage\/","name":"Jeremias","description":"Conduits de fum\u00e9e","potentialAction":[{"@type":"SearchAction","target":{"@type":"EntryPoint","urlTemplate":"https:\/\/jeremias.fr\/fabricant-conduit-tubage\/?s={search_term_string}"},"query-input":"required name=search_term_string"}],"inLanguage":"fr-FR"},{"@type":"WebPage","@id":"https:\/\/jeremias.fr\/fabricant-conduit-tubage\/temoignages-dune-relation-client-durable\/#webpage","url":"https:\/\/jeremias.fr\/fabricant-conduit-tubage\/temoignages-dune-relation-client-durable\/","name":"T\u00e9moignages d'une relation client durable - Jeremias","isPartOf":{"@id":"https:\/\/jeremias.fr\/fabricant-conduit-tubage\/#website"},"datePublished":"2020-10-19T14:57:37+00:00","dateModified":"2020-10-20T06:44:41+00:00","description":"D\u00e9couvrez les t\u00e9moignages de deux clients fid\u00e8les pour mieux comprendre l'univers Jeremias, o\u00f9 la relation client est au centre de tout.","breadcrumb":{"@id":"https:\/\/jeremias.fr\/fabricant-conduit-tubage\/temoignages-dune-relation-client-durable\/#breadcrumb"},"inLanguage":"fr-FR","potentialAction":[{"@type":"ReadAction","target":["https:\/\/jeremias.fr\/fabricant-conduit-tubage\/temoignages-dune-relation-client-durable\/"]}]},{"@type":"BreadcrumbList","@id":"https:\/\/jeremias.fr\/fabricant-conduit-tubage\/temoignages-dune-relation-client-durable\/#breadcrumb","itemListElement":[{"@type":"ListItem","position":1,"name":"Home","item":"https:\/\/jeremias.fr\/fabricant-conduit-tubage\/"},{"@type":"ListItem","position":2,"name":"T\u00e9moignages d&rsquo;une relation client durable"}]}]}},"_links":{"self":[{"href":"https:\/\/jeremias.fr\/fabricant-conduit-tubage\/wp-json\/wp\/v2\/pages\/1493"}],"collection":[{"href":"https:\/\/jeremias.fr\/fabricant-conduit-tubage\/wp-json\/wp\/v2\/pages"}],"about":[{"href":"https:\/\/jeremias.fr\/fabricant-conduit-tubage\/wp-json\/wp\/v2\/types\/page"}],"author":[{"embeddable":true,"href":"https:\/\/jeremias.fr\/fabricant-conduit-tubage\/wp-json\/wp\/v2\/users\/4"}],"replies":[{"embeddable":true,"href":"https:\/\/jeremias.fr\/fabricant-conduit-tubage\/wp-json\/wp\/v2\/comments?post=1493"}],"version-history":[{"count":6,"href":"https:\/\/jeremias.fr\/fabricant-conduit-tubage\/wp-json\/wp\/v2\/pages\/1493\/revisions"}],"predecessor-version":[{"id":1499,"href":"https:\/\/jeremias.fr\/fabricant-conduit-tubage\/wp-json\/wp\/v2\/pages\/1493\/revisions\/1499"}],"wp:attachment":[{"href":"https:\/\/jeremias.fr\/fabricant-conduit-tubage\/wp-json\/wp\/v2\/media?parent=1493"}],"curies":[{"name":"wp","href":"https:\/\/api.w.org\/{rel}","templated":true}]}}