{"id":1469,"date":"2020-10-08T09:22:41","date_gmt":"2020-10-08T07:22:41","guid":{"rendered":"https:\/\/jeremias.fr\/fabricant-conduit-tubage\/?page_id=1469"},"modified":"2021-09-17T11:34:24","modified_gmt":"2021-09-17T09:34:24","slug":"les-valeurs-de-jeremias-france","status":"publish","type":"page","link":"https:\/\/jeremias.fr\/fabricant-conduit-tubage\/les-valeurs-de-jeremias-france\/","title":{"rendered":"Les valeurs de Jeremias France"},"content":{"rendered":"","protected":false},"excerpt":{"rendered":"","protected":false},"author":3,"featured_media":0,"parent":0,"menu_order":0,"comment_status":"closed","ping_status":"closed","template":"templates\/template-edito.php","meta":{"inline_featured_image":false},"acf":{"introduction":"","sous_rubriques":[{"titre":"LES VALEURS QUI NOUS GUIDENT","blocs":[{"acf_fc_layout":"blocs_numerotes","paragraphes":[{"titre":"L'adaptabilit\u00e9","texte":"<b>Accueillir le changement et se donner de nouveaux challenges<\/b> sont des traits forts de caract\u00e8re de notre structure. Nous sommes convaincus que notre march\u00e9 \u00e9volue et nous faisons preuve <b>d'anticipation permanente<\/b> pour apporter les bonnes solutions \u00e0 nos clients et \u00e0 notre \u00e9cosyst\u00e8me. "},{"titre":"L'esprit d'\u00e9quipe","texte":"Nous mettons tout en \u0153uvre au quotidien pour <b>partager nos connaissances et nos comp\u00e9tences.<\/b> L'esprit d'\u00e9quipe est notre \u00e9nergie pour cr\u00e9er, avancer et r\u00e9ussir nos projets en allant tous vers l'objectif auquel nous croyons : <b>la satisfaction de nos partenaires.<\/b> "},{"titre":"L'am\u00e9lioration continue","texte":"Tous les \u00e9quipiers de l'entreprise sont des <b>acteurs<\/b> de cette d\u00e9marche associant responsabilit\u00e9, cr\u00e9ativit\u00e9 et r\u00e9alisme car nous avons toujours en ligne de mire, <b>la facilit\u00e9 d'utilisation de nos syst\u00e8mes<\/b> par nos clients. Chez Jeremias, nous cherchons \u00e0 <b>enrichir chaque process<\/b> de notre organisation ou de fabrication de nos produits."},{"titre":"L'\u00e9coute","texte":"L'\u00e9coute est <b>notre valeur ajout\u00e9e<\/b> pour faire \u00e9merger des axes de progr\u00e8s et d'innovation. Cette qualit\u00e9 prend son sens quand nous mettons <b>l'exp\u00e9rience de nos utilisateurs au centre de nos d\u00e9cisions.<\/b> Nous tissons des <b>liens de confiance<\/b>, n\u00e9cessaires \u00e0 des relations transparentes et professionnelles. "}]}]}],"utiliser_layout_presta":true,"produits_suggeres":[]},"yoast_head":"<!-- This site is optimized with the Yoast SEO plugin v19.2 - https:\/\/yoast.com\/wordpress\/plugins\/seo\/ -->\n<title>Les valeurs de Jeremias France - Conduits de fum\u00e9e &amp; Tubage Pro<\/title>\n<meta name=\"description\" content=\"Adaptabilit\u00e9, Esprit d&#039;\u00e9quipe, Am\u00e9lioration continue, \u00c9coute, telles sont les valeurs du fabricant Jeremias France, sp\u00e9cialiste en conduit de fum\u00e9e.\" \/>\n<meta name=\"robots\" content=\"index, follow, max-snippet:-1, max-image-preview:large, max-video-preview:-1\" \/>\n<link rel=\"canonical\" href=\"https:\/\/jeremias.fr\/fabricant-conduit-tubage\/les-valeurs-de-jeremias-france\/\" \/>\n<meta property=\"og:locale\" content=\"fr_FR\" \/>\n<meta property=\"og:type\" content=\"article\" \/>\n<meta property=\"og:title\" content=\"Les valeurs de Jeremias France - Conduits de fum\u00e9e &amp; Tubage Pro\" \/>\n<meta property=\"og:description\" content=\"Adaptabilit\u00e9, Esprit d&#039;\u00e9quipe, Am\u00e9lioration continue, \u00c9coute, telles sont les valeurs du fabricant Jeremias France, sp\u00e9cialiste en conduit de fum\u00e9e.\" \/>\n<meta property=\"og:url\" content=\"https:\/\/jeremias.fr\/fabricant-conduit-tubage\/les-valeurs-de-jeremias-france\/\" \/>\n<meta property=\"og:site_name\" content=\"Jeremias\" \/>\n<meta property=\"article:modified_time\" content=\"2021-09-17T09:34:24+00:00\" \/>\n<meta name=\"author\" content=\"Charline\" \/>\n<meta name=\"twitter:card\" content=\"summary_large_image\" \/>\n<script type=\"application\/ld+json\" class=\"yoast-schema-graph\">{\"@context\":\"https:\/\/schema.org\",\"@graph\":[{\"@type\":\"WebSite\",\"@id\":\"https:\/\/jeremias.fr\/fabricant-conduit-tubage\/#website\",\"url\":\"https:\/\/jeremias.fr\/fabricant-conduit-tubage\/\",\"name\":\"Jeremias\",\"description\":\"Conduits de fum\u00e9e\",\"potentialAction\":[{\"@type\":\"SearchAction\",\"target\":{\"@type\":\"EntryPoint\",\"urlTemplate\":\"https:\/\/jeremias.fr\/fabricant-conduit-tubage\/?s={search_term_string}\"},\"query-input\":\"required name=search_term_string\"}],\"inLanguage\":\"fr-FR\"},{\"@type\":\"WebPage\",\"@id\":\"https:\/\/jeremias.fr\/fabricant-conduit-tubage\/les-valeurs-de-jeremias-france\/#webpage\",\"url\":\"https:\/\/jeremias.fr\/fabricant-conduit-tubage\/les-valeurs-de-jeremias-france\/\",\"name\":\"Les valeurs de Jeremias France - Conduits de fum\u00e9e & Tubage Pro\",\"isPartOf\":{\"@id\":\"https:\/\/jeremias.fr\/fabricant-conduit-tubage\/#website\"},\"datePublished\":\"2020-10-08T07:22:41+00:00\",\"dateModified\":\"2021-09-17T09:34:24+00:00\",\"description\":\"Adaptabilit\u00e9, Esprit d'\u00e9quipe, Am\u00e9lioration continue, \u00c9coute, telles sont les valeurs du fabricant Jeremias France, sp\u00e9cialiste en conduit de fum\u00e9e.\",\"breadcrumb\":{\"@id\":\"https:\/\/jeremias.fr\/fabricant-conduit-tubage\/les-valeurs-de-jeremias-france\/#breadcrumb\"},\"inLanguage\":\"fr-FR\",\"potentialAction\":[{\"@type\":\"ReadAction\",\"target\":[\"https:\/\/jeremias.fr\/fabricant-conduit-tubage\/les-valeurs-de-jeremias-france\/\"]}]},{\"@type\":\"BreadcrumbList\",\"@id\":\"https:\/\/jeremias.fr\/fabricant-conduit-tubage\/les-valeurs-de-jeremias-france\/#breadcrumb\",\"itemListElement\":[{\"@type\":\"ListItem\",\"position\":1,\"name\":\"Home\",\"item\":\"https:\/\/jeremias.fr\/fabricant-conduit-tubage\/\"},{\"@type\":\"ListItem\",\"position\":2,\"name\":\"Les valeurs de Jeremias France\"}]}]}<\/script>\n<!-- \/ Yoast SEO plugin. -->","yoast_head_json":{"title":"Les valeurs de Jeremias France - Conduits de fum\u00e9e & Tubage Pro","description":"Adaptabilit\u00e9, Esprit d'\u00e9quipe, Am\u00e9lioration continue, \u00c9coute, telles sont les valeurs du fabricant Jeremias France, sp\u00e9cialiste en conduit de fum\u00e9e.","robots":{"index":"index","follow":"follow","max-snippet":"max-snippet:-1","max-image-preview":"max-image-preview:large","max-video-preview":"max-video-preview:-1"},"canonical":"https:\/\/jeremias.fr\/fabricant-conduit-tubage\/les-valeurs-de-jeremias-france\/","og_locale":"fr_FR","og_type":"article","og_title":"Les valeurs de Jeremias France - Conduits de fum\u00e9e & Tubage Pro","og_description":"Adaptabilit\u00e9, Esprit d'\u00e9quipe, Am\u00e9lioration continue, \u00c9coute, telles sont les valeurs du fabricant Jeremias France, sp\u00e9cialiste en conduit de fum\u00e9e.","og_url":"https:\/\/jeremias.fr\/fabricant-conduit-tubage\/les-valeurs-de-jeremias-france\/","og_site_name":"Jeremias","article_modified_time":"2021-09-17T09:34:24+00:00","author":"Charline","twitter_card":"summary_large_image","schema":{"@context":"https:\/\/schema.org","@graph":[{"@type":"WebSite","@id":"https:\/\/jeremias.fr\/fabricant-conduit-tubage\/#website","url":"https:\/\/jeremias.fr\/fabricant-conduit-tubage\/","name":"Jeremias","description":"Conduits de fum\u00e9e","potentialAction":[{"@type":"SearchAction","target":{"@type":"EntryPoint","urlTemplate":"https:\/\/jeremias.fr\/fabricant-conduit-tubage\/?s={search_term_string}"},"query-input":"required name=search_term_string"}],"inLanguage":"fr-FR"},{"@type":"WebPage","@id":"https:\/\/jeremias.fr\/fabricant-conduit-tubage\/les-valeurs-de-jeremias-france\/#webpage","url":"https:\/\/jeremias.fr\/fabricant-conduit-tubage\/les-valeurs-de-jeremias-france\/","name":"Les valeurs de Jeremias France - Conduits de fum\u00e9e & Tubage Pro","isPartOf":{"@id":"https:\/\/jeremias.fr\/fabricant-conduit-tubage\/#website"},"datePublished":"2020-10-08T07:22:41+00:00","dateModified":"2021-09-17T09:34:24+00:00","description":"Adaptabilit\u00e9, Esprit d'\u00e9quipe, Am\u00e9lioration continue, \u00c9coute, telles sont les valeurs du fabricant Jeremias France, sp\u00e9cialiste en conduit de fum\u00e9e.","breadcrumb":{"@id":"https:\/\/jeremias.fr\/fabricant-conduit-tubage\/les-valeurs-de-jeremias-france\/#breadcrumb"},"inLanguage":"fr-FR","potentialAction":[{"@type":"ReadAction","target":["https:\/\/jeremias.fr\/fabricant-conduit-tubage\/les-valeurs-de-jeremias-france\/"]}]},{"@type":"BreadcrumbList","@id":"https:\/\/jeremias.fr\/fabricant-conduit-tubage\/les-valeurs-de-jeremias-france\/#breadcrumb","itemListElement":[{"@type":"ListItem","position":1,"name":"Home","item":"https:\/\/jeremias.fr\/fabricant-conduit-tubage\/"},{"@type":"ListItem","position":2,"name":"Les valeurs de Jeremias France"}]}]}},"_links":{"self":[{"href":"https:\/\/jeremias.fr\/fabricant-conduit-tubage\/wp-json\/wp\/v2\/pages\/1469"}],"collection":[{"href":"https:\/\/jeremias.fr\/fabricant-conduit-tubage\/wp-json\/wp\/v2\/pages"}],"about":[{"href":"https:\/\/jeremias.fr\/fabricant-conduit-tubage\/wp-json\/wp\/v2\/types\/page"}],"author":[{"embeddable":true,"href":"https:\/\/jeremias.fr\/fabricant-conduit-tubage\/wp-json\/wp\/v2\/users\/3"}],"replies":[{"embeddable":true,"href":"https:\/\/jeremias.fr\/fabricant-conduit-tubage\/wp-json\/wp\/v2\/comments?post=1469"}],"version-history":[{"count":3,"href":"https:\/\/jeremias.fr\/fabricant-conduit-tubage\/wp-json\/wp\/v2\/pages\/1469\/revisions"}],"predecessor-version":[{"id":1934,"href":"https:\/\/jeremias.fr\/fabricant-conduit-tubage\/wp-json\/wp\/v2\/pages\/1469\/revisions\/1934"}],"wp:attachment":[{"href":"https:\/\/jeremias.fr\/fabricant-conduit-tubage\/wp-json\/wp\/v2\/media?parent=1469"}],"curies":[{"name":"wp","href":"https:\/\/api.w.org\/{rel}","templated":true}]}}