{"id":1465,"date":"2020-10-08T09:11:14","date_gmt":"2020-10-08T07:11:14","guid":{"rendered":"https:\/\/jeremias.fr\/fabricant-conduit-tubage\/?page_id=1465"},"modified":"2020-10-22T14:19:38","modified_gmt":"2020-10-22T12:19:38","slug":"jeremias-sengage-avec-propellet","status":"publish","type":"page","link":"https:\/\/jeremias.fr\/fabricant-conduit-tubage\/jeremias-sengage-avec-propellet\/","title":{"rendered":"Jeremias s&rsquo;engage avec Propellet"},"content":{"rendered":"","protected":false},"excerpt":{"rendered":"","protected":false},"author":3,"featured_media":0,"parent":0,"menu_order":0,"comment_status":"closed","ping_status":"closed","template":"templates\/template-edito.php","meta":{"inline_featured_image":false},"acf":{"introduction":"<p>&nbsp;<\/p>\n<p>Jeremias est aussi un acteur engag\u00e9 qui s\u2019implique fortement sur l\u2019ensemble de la <strong>fili\u00e8re granul\u00e9s de bois<\/strong> (pellets) en France et participe activement au d\u00e9veloppement de l\u2019association <a href=\"https:\/\/www.propellet.fr\/\" target=\"_blank\" rel=\"noopener\">PROPELLET<\/a>.<\/p>\n","sous_rubriques":[{"titre":"","blocs":[{"acf_fc_layout":"bloc_de_texte","texte":"<p><strong>Propellet France<\/strong> est l\u2019association nationale du chauffage au granul\u00e9 de bois. Elle regroupe des professionnels exigeants qui s\u2019engagent dans la qualit\u00e9 et le d\u00e9veloppement de la fili\u00e8re du granul\u00e9 de bois.<\/p>\n<p>&nbsp;<\/p>\n<p>L\u2019association a \u00e9t\u00e9 cr\u00e9\u00e9e en 2008 pour servir les besoins d\u2019une fili\u00e8re en <strong>pleine expansion<\/strong>. Elle f\u00e9d\u00e8re les divers m\u00e9tiers de la fili\u00e8re autour d\u2019un langage commun. Propellet aujourd\u2019hui comme l\u2019<strong>interlocuteur incontournable du chauffage au granul\u00e9 de bois<\/strong> en France.<\/p>\n<p>&nbsp;<\/p>\n<p><img loading=\"lazy\" class=\" wp-image-1345 aligncenter\" src=\"https:\/\/jeremias.fr\/fabricant-conduit-tubage\/app\/uploads\/2020\/09\/logo-membre-propellet-246x300.png\" alt=\"Membre Propellet - logo\" width=\"173\" height=\"211\" srcset=\"https:\/\/jeremias.fr\/fabricant-conduit-tubage\/app\/uploads\/2020\/09\/logo-membre-propellet-246x300.png 246w, https:\/\/jeremias.fr\/fabricant-conduit-tubage\/app\/uploads\/2020\/09\/logo-membre-propellet-840x1024.png 840w, https:\/\/jeremias.fr\/fabricant-conduit-tubage\/app\/uploads\/2020\/09\/logo-membre-propellet-768x936.png 768w, https:\/\/jeremias.fr\/fabricant-conduit-tubage\/app\/uploads\/2020\/09\/logo-membre-propellet-1260x1536.png 1260w, https:\/\/jeremias.fr\/fabricant-conduit-tubage\/app\/uploads\/2020\/09\/logo-membre-propellet-1680x2048.png 1680w, https:\/\/jeremias.fr\/fabricant-conduit-tubage\/app\/uploads\/2020\/09\/logo-membre-propellet.png 1921w\" sizes=\"(max-width: 173px) 100vw, 173px\" \/><\/p>\n"}]}],"utiliser_layout_presta":true,"produits_suggeres":[]},"yoast_head":"<!-- This site is optimized with the Yoast SEO plugin v19.2 - https:\/\/yoast.com\/wordpress\/plugins\/seo\/ -->\n<title>Jeremias &amp; l&#039;association Propellet France - Jeremias<\/title>\n<meta name=\"description\" content=\"Jeremias est un acteur engag\u00e9 qui s&#039;implique fortement sur l&#039;ensemble de la fili\u00e8re granul\u00e9s de bois (pellets) en France et participe activement au d\u00e9veloppement de l&#039;association PROPELLET.\" \/>\n<meta name=\"robots\" content=\"index, follow, max-snippet:-1, max-image-preview:large, max-video-preview:-1\" \/>\n<link rel=\"canonical\" href=\"https:\/\/jeremias.fr\/fabricant-conduit-tubage\/jeremias-sengage-avec-propellet\/\" \/>\n<meta property=\"og:locale\" content=\"fr_FR\" \/>\n<meta property=\"og:type\" content=\"article\" \/>\n<meta property=\"og:title\" content=\"Jeremias &amp; l&#039;association Propellet France - Jeremias\" \/>\n<meta property=\"og:description\" content=\"Jeremias est un acteur engag\u00e9 qui s&#039;implique fortement sur l&#039;ensemble de la fili\u00e8re granul\u00e9s de bois (pellets) en France et participe activement au d\u00e9veloppement de l&#039;association PROPELLET.\" \/>\n<meta property=\"og:url\" content=\"https:\/\/jeremias.fr\/fabricant-conduit-tubage\/jeremias-sengage-avec-propellet\/\" \/>\n<meta property=\"og:site_name\" content=\"Jeremias\" \/>\n<meta property=\"article:modified_time\" content=\"2020-10-22T12:19:38+00:00\" \/>\n<meta name=\"author\" content=\"Charline\" \/>\n<meta name=\"twitter:card\" content=\"summary_large_image\" \/>\n<script type=\"application\/ld+json\" class=\"yoast-schema-graph\">{\"@context\":\"https:\/\/schema.org\",\"@graph\":[{\"@type\":\"WebSite\",\"@id\":\"https:\/\/jeremias.fr\/fabricant-conduit-tubage\/#website\",\"url\":\"https:\/\/jeremias.fr\/fabricant-conduit-tubage\/\",\"name\":\"Jeremias\",\"description\":\"Conduits de fum\u00e9e\",\"potentialAction\":[{\"@type\":\"SearchAction\",\"target\":{\"@type\":\"EntryPoint\",\"urlTemplate\":\"https:\/\/jeremias.fr\/fabricant-conduit-tubage\/?s={search_term_string}\"},\"query-input\":\"required name=search_term_string\"}],\"inLanguage\":\"fr-FR\"},{\"@type\":\"WebPage\",\"@id\":\"https:\/\/jeremias.fr\/fabricant-conduit-tubage\/jeremias-sengage-avec-propellet\/#webpage\",\"url\":\"https:\/\/jeremias.fr\/fabricant-conduit-tubage\/jeremias-sengage-avec-propellet\/\",\"name\":\"Jeremias & l'association Propellet France - Jeremias\",\"isPartOf\":{\"@id\":\"https:\/\/jeremias.fr\/fabricant-conduit-tubage\/#website\"},\"datePublished\":\"2020-10-08T07:11:14+00:00\",\"dateModified\":\"2020-10-22T12:19:38+00:00\",\"description\":\"Jeremias est un acteur engag\u00e9 qui s'implique fortement sur l'ensemble de la fili\u00e8re granul\u00e9s de bois (pellets) en France et participe activement au d\u00e9veloppement de l'association PROPELLET.\",\"breadcrumb\":{\"@id\":\"https:\/\/jeremias.fr\/fabricant-conduit-tubage\/jeremias-sengage-avec-propellet\/#breadcrumb\"},\"inLanguage\":\"fr-FR\",\"potentialAction\":[{\"@type\":\"ReadAction\",\"target\":[\"https:\/\/jeremias.fr\/fabricant-conduit-tubage\/jeremias-sengage-avec-propellet\/\"]}]},{\"@type\":\"BreadcrumbList\",\"@id\":\"https:\/\/jeremias.fr\/fabricant-conduit-tubage\/jeremias-sengage-avec-propellet\/#breadcrumb\",\"itemListElement\":[{\"@type\":\"ListItem\",\"position\":1,\"name\":\"Home\",\"item\":\"https:\/\/jeremias.fr\/fabricant-conduit-tubage\/\"},{\"@type\":\"ListItem\",\"position\":2,\"name\":\"Jeremias s&rsquo;engage avec Propellet\"}]}]}<\/script>\n<!-- \/ Yoast SEO plugin. -->","yoast_head_json":{"title":"Jeremias & l'association Propellet France - Jeremias","description":"Jeremias est un acteur engag\u00e9 qui s'implique fortement sur l'ensemble de la fili\u00e8re granul\u00e9s de bois (pellets) en France et participe activement au d\u00e9veloppement de l'association PROPELLET.","robots":{"index":"index","follow":"follow","max-snippet":"max-snippet:-1","max-image-preview":"max-image-preview:large","max-video-preview":"max-video-preview:-1"},"canonical":"https:\/\/jeremias.fr\/fabricant-conduit-tubage\/jeremias-sengage-avec-propellet\/","og_locale":"fr_FR","og_type":"article","og_title":"Jeremias & l'association Propellet France - Jeremias","og_description":"Jeremias est un acteur engag\u00e9 qui s'implique fortement sur l'ensemble de la fili\u00e8re granul\u00e9s de bois (pellets) en France et participe activement au d\u00e9veloppement de l'association PROPELLET.","og_url":"https:\/\/jeremias.fr\/fabricant-conduit-tubage\/jeremias-sengage-avec-propellet\/","og_site_name":"Jeremias","article_modified_time":"2020-10-22T12:19:38+00:00","author":"Charline","twitter_card":"summary_large_image","schema":{"@context":"https:\/\/schema.org","@graph":[{"@type":"WebSite","@id":"https:\/\/jeremias.fr\/fabricant-conduit-tubage\/#website","url":"https:\/\/jeremias.fr\/fabricant-conduit-tubage\/","name":"Jeremias","description":"Conduits de fum\u00e9e","potentialAction":[{"@type":"SearchAction","target":{"@type":"EntryPoint","urlTemplate":"https:\/\/jeremias.fr\/fabricant-conduit-tubage\/?s={search_term_string}"},"query-input":"required name=search_term_string"}],"inLanguage":"fr-FR"},{"@type":"WebPage","@id":"https:\/\/jeremias.fr\/fabricant-conduit-tubage\/jeremias-sengage-avec-propellet\/#webpage","url":"https:\/\/jeremias.fr\/fabricant-conduit-tubage\/jeremias-sengage-avec-propellet\/","name":"Jeremias & l'association Propellet France - Jeremias","isPartOf":{"@id":"https:\/\/jeremias.fr\/fabricant-conduit-tubage\/#website"},"datePublished":"2020-10-08T07:11:14+00:00","dateModified":"2020-10-22T12:19:38+00:00","description":"Jeremias est un acteur engag\u00e9 qui s'implique fortement sur l'ensemble de la fili\u00e8re granul\u00e9s de bois (pellets) en France et participe activement au d\u00e9veloppement de l'association PROPELLET.","breadcrumb":{"@id":"https:\/\/jeremias.fr\/fabricant-conduit-tubage\/jeremias-sengage-avec-propellet\/#breadcrumb"},"inLanguage":"fr-FR","potentialAction":[{"@type":"ReadAction","target":["https:\/\/jeremias.fr\/fabricant-conduit-tubage\/jeremias-sengage-avec-propellet\/"]}]},{"@type":"BreadcrumbList","@id":"https:\/\/jeremias.fr\/fabricant-conduit-tubage\/jeremias-sengage-avec-propellet\/#breadcrumb","itemListElement":[{"@type":"ListItem","position":1,"name":"Home","item":"https:\/\/jeremias.fr\/fabricant-conduit-tubage\/"},{"@type":"ListItem","position":2,"name":"Jeremias s&rsquo;engage avec Propellet"}]}]}},"_links":{"self":[{"href":"https:\/\/jeremias.fr\/fabricant-conduit-tubage\/wp-json\/wp\/v2\/pages\/1465"}],"collection":[{"href":"https:\/\/jeremias.fr\/fabricant-conduit-tubage\/wp-json\/wp\/v2\/pages"}],"about":[{"href":"https:\/\/jeremias.fr\/fabricant-conduit-tubage\/wp-json\/wp\/v2\/types\/page"}],"author":[{"embeddable":true,"href":"https:\/\/jeremias.fr\/fabricant-conduit-tubage\/wp-json\/wp\/v2\/users\/3"}],"replies":[{"embeddable":true,"href":"https:\/\/jeremias.fr\/fabricant-conduit-tubage\/wp-json\/wp\/v2\/comments?post=1465"}],"version-history":[{"count":2,"href":"https:\/\/jeremias.fr\/fabricant-conduit-tubage\/wp-json\/wp\/v2\/pages\/1465\/revisions"}],"predecessor-version":[{"id":1500,"href":"https:\/\/jeremias.fr\/fabricant-conduit-tubage\/wp-json\/wp\/v2\/pages\/1465\/revisions\/1500"}],"wp:attachment":[{"href":"https:\/\/jeremias.fr\/fabricant-conduit-tubage\/wp-json\/wp\/v2\/media?parent=1465"}],"curies":[{"name":"wp","href":"https:\/\/api.w.org\/{rel}","templated":true}]}}