{"id":1388,"date":"2020-09-14T15:34:41","date_gmt":"2020-09-14T13:34:41","guid":{"rendered":"https:\/\/jeremias.fr\/fabricant-conduit-tubage\/?page_id=1388"},"modified":"2020-09-14T16:17:43","modified_gmt":"2020-09-14T14:17:43","slug":"procedure-litige-transport","status":"publish","type":"page","link":"https:\/\/jeremias.fr\/fabricant-conduit-tubage\/procedure-litige-transport\/","title":{"rendered":"Proc\u00e9dure litige transport"},"content":{"rendered":"","protected":false},"excerpt":{"rendered":"","protected":false},"author":3,"featured_media":0,"parent":0,"menu_order":0,"comment_status":"closed","ping_status":"closed","template":"templates\/template-edito.php","meta":{"inline_featured_image":false},"acf":{"utiliser_layout_presta":true,"produits_suggeres":[],"introduction":"<p>&nbsp;<\/p>\n<p><span style=\"font-weight: 400;\">D\u00e8s que vous r\u00e9ceptionner de la marchandise, il est imp\u00e9ratif d\u2019<strong>ouvrir l\u2019emballage et de v\u00e9rifier<\/strong> le parfait \u00e9tat de cette commande.<\/span><\/p>\n<p><span style=\"font-weight: 400;\">Le bon \u00e9tat du carton d\u2019emballage ne permet pas d\u2019assurer que les pi\u00e8ces le sont.<\/span><\/p>\n","sous_rubriques":[{"titre":"ETAPE N\u00b01","blocs":[{"acf_fc_layout":"bloc_de_texte","texte":"<p><span style=\"font-weight: 400;\">Formuler des <strong>r\u00e9serves valables<\/strong> (voir ci-dessous) sur le bon de remise de la marchandise du transporteur \u2013 La formule <em>\u00ab sous r\u00e9serve de d\u00e9ballage \u00bb<\/em> n\u2019a aucune port\u00e9e juridique.<\/span><\/p>\n<p><em><span style=\"font-weight: 400;\">&gt;&gt; Si vous avez un doute sur la mani\u00e8re de formuler cette r\u00e9serve, vous pouvez joindre Jeremis France pour vous aider dans cette d\u00e9marche au <\/span><span style=\"font-weight: 400;\">04 37 46 33 70.<\/span><\/em><\/p>\n"}]},{"titre":"ETAPE N\u00b02","blocs":[{"acf_fc_layout":"bloc_de_texte","texte":"<p><span style=\"font-weight: 400;\">\u00c9tablir un <strong>courrier recommand\u00e9<\/strong> avec <strong>accus\u00e9 de r\u00e9ception<\/strong> \u00e0 envoyer au transporteur <em>(copie \u00e0 Jeremias France par mail).<\/em><\/span><\/p>\n"}]},{"titre":"LISTE DES R\u00c9SERVES VALABLES","blocs":[{"acf_fc_layout":"bloc_de_texte","texte":"<p>&nbsp;<\/p>\n<p><strong>&gt;&gt; R\u00e9serve n\u00b01 : Il manque un ou plusieurs colis<\/strong><\/p>\n<p><strong>Que faire :<\/strong> Pr\u00e9cisez-le sur le bon du transporteur<\/p>\n<p><strong>Ex :<\/strong> Manque les colis\/refs n\u00b0 X, Y, \u2026<\/p>\n"},{"acf_fc_layout":"bloc_de_texte","texte":"<p><strong>&gt;&gt; R\u00e9serve n\u00b02 : Colis ouvert ou re-scotch\u00e9<\/strong><\/p>\n<p><strong>Que faire : <\/strong>V\u00e9rifiez \u00e0 l&rsquo;int\u00e9rieur si des articles sont manquants<\/p>\n<p><strong>Ex :<\/strong> Colis ouvert, articles manquants, \u00e9num\u00e9rer les articles<\/p>\n"},{"acf_fc_layout":"bloc_de_texte","texte":"<p><strong>&gt;&gt; R\u00e9serve n\u00b03 : Cartons suspects, un bruit de verre, le carton est enfonc\u00e9, un article est cass\u00e9<\/strong><\/p>\n<p><strong>Que faire : <\/strong>Contr\u00f4lez l&rsquo;\u00e9tat de votre marchandise ; allez \u00e0 l&rsquo;essentiel ; refusez cet article et \u00e9mettez vos r\u00e9serves<\/p>\n<p>Ex : Refus\u00e9 + d\u00e9signation article + \u00e9tat de la marchandise (\u00ab\u00a0refus\u00e9 conduit ab\u00eem\u00e9\u00a0\u00bb)<\/p>\n"}]}]},"yoast_head":"<!-- This site is optimized with the Yoast SEO plugin v19.2 - https:\/\/yoast.com\/wordpress\/plugins\/seo\/ -->\n<title>Proc\u00e9dure litige transport - Jeremias<\/title>\n<meta name=\"robots\" content=\"index, follow, max-snippet:-1, max-image-preview:large, max-video-preview:-1\" \/>\n<link rel=\"canonical\" href=\"https:\/\/jeremias.fr\/fabricant-conduit-tubage\/procedure-litige-transport\/\" \/>\n<meta property=\"og:locale\" content=\"fr_FR\" \/>\n<meta property=\"og:type\" content=\"article\" \/>\n<meta property=\"og:title\" content=\"Proc\u00e9dure litige transport - Jeremias\" \/>\n<meta property=\"og:url\" content=\"https:\/\/jeremias.fr\/fabricant-conduit-tubage\/procedure-litige-transport\/\" \/>\n<meta property=\"og:site_name\" content=\"Jeremias\" \/>\n<meta property=\"article:modified_time\" content=\"2020-09-14T14:17:43+00:00\" \/>\n<meta name=\"author\" content=\"Charline\" \/>\n<meta name=\"twitter:card\" content=\"summary_large_image\" \/>\n<script type=\"application\/ld+json\" class=\"yoast-schema-graph\">{\"@context\":\"https:\/\/schema.org\",\"@graph\":[{\"@type\":\"WebSite\",\"@id\":\"https:\/\/jeremias.fr\/fabricant-conduit-tubage\/#website\",\"url\":\"https:\/\/jeremias.fr\/fabricant-conduit-tubage\/\",\"name\":\"Jeremias\",\"description\":\"Conduits de fum\u00e9e\",\"potentialAction\":[{\"@type\":\"SearchAction\",\"target\":{\"@type\":\"EntryPoint\",\"urlTemplate\":\"https:\/\/jeremias.fr\/fabricant-conduit-tubage\/?s={search_term_string}\"},\"query-input\":\"required name=search_term_string\"}],\"inLanguage\":\"fr-FR\"},{\"@type\":\"WebPage\",\"@id\":\"https:\/\/jeremias.fr\/fabricant-conduit-tubage\/procedure-litige-transport\/#webpage\",\"url\":\"https:\/\/jeremias.fr\/fabricant-conduit-tubage\/procedure-litige-transport\/\",\"name\":\"Proc\u00e9dure litige transport - Jeremias\",\"isPartOf\":{\"@id\":\"https:\/\/jeremias.fr\/fabricant-conduit-tubage\/#website\"},\"datePublished\":\"2020-09-14T13:34:41+00:00\",\"dateModified\":\"2020-09-14T14:17:43+00:00\",\"breadcrumb\":{\"@id\":\"https:\/\/jeremias.fr\/fabricant-conduit-tubage\/procedure-litige-transport\/#breadcrumb\"},\"inLanguage\":\"fr-FR\",\"potentialAction\":[{\"@type\":\"ReadAction\",\"target\":[\"https:\/\/jeremias.fr\/fabricant-conduit-tubage\/procedure-litige-transport\/\"]}]},{\"@type\":\"BreadcrumbList\",\"@id\":\"https:\/\/jeremias.fr\/fabricant-conduit-tubage\/procedure-litige-transport\/#breadcrumb\",\"itemListElement\":[{\"@type\":\"ListItem\",\"position\":1,\"name\":\"Home\",\"item\":\"https:\/\/jeremias.fr\/fabricant-conduit-tubage\/\"},{\"@type\":\"ListItem\",\"position\":2,\"name\":\"Proc\u00e9dure litige transport\"}]}]}<\/script>\n<!-- \/ Yoast SEO plugin. -->","yoast_head_json":{"title":"Proc\u00e9dure litige transport - Jeremias","robots":{"index":"index","follow":"follow","max-snippet":"max-snippet:-1","max-image-preview":"max-image-preview:large","max-video-preview":"max-video-preview:-1"},"canonical":"https:\/\/jeremias.fr\/fabricant-conduit-tubage\/procedure-litige-transport\/","og_locale":"fr_FR","og_type":"article","og_title":"Proc\u00e9dure litige transport - Jeremias","og_url":"https:\/\/jeremias.fr\/fabricant-conduit-tubage\/procedure-litige-transport\/","og_site_name":"Jeremias","article_modified_time":"2020-09-14T14:17:43+00:00","author":"Charline","twitter_card":"summary_large_image","schema":{"@context":"https:\/\/schema.org","@graph":[{"@type":"WebSite","@id":"https:\/\/jeremias.fr\/fabricant-conduit-tubage\/#website","url":"https:\/\/jeremias.fr\/fabricant-conduit-tubage\/","name":"Jeremias","description":"Conduits de fum\u00e9e","potentialAction":[{"@type":"SearchAction","target":{"@type":"EntryPoint","urlTemplate":"https:\/\/jeremias.fr\/fabricant-conduit-tubage\/?s={search_term_string}"},"query-input":"required name=search_term_string"}],"inLanguage":"fr-FR"},{"@type":"WebPage","@id":"https:\/\/jeremias.fr\/fabricant-conduit-tubage\/procedure-litige-transport\/#webpage","url":"https:\/\/jeremias.fr\/fabricant-conduit-tubage\/procedure-litige-transport\/","name":"Proc\u00e9dure litige transport - Jeremias","isPartOf":{"@id":"https:\/\/jeremias.fr\/fabricant-conduit-tubage\/#website"},"datePublished":"2020-09-14T13:34:41+00:00","dateModified":"2020-09-14T14:17:43+00:00","breadcrumb":{"@id":"https:\/\/jeremias.fr\/fabricant-conduit-tubage\/procedure-litige-transport\/#breadcrumb"},"inLanguage":"fr-FR","potentialAction":[{"@type":"ReadAction","target":["https:\/\/jeremias.fr\/fabricant-conduit-tubage\/procedure-litige-transport\/"]}]},{"@type":"BreadcrumbList","@id":"https:\/\/jeremias.fr\/fabricant-conduit-tubage\/procedure-litige-transport\/#breadcrumb","itemListElement":[{"@type":"ListItem","position":1,"name":"Home","item":"https:\/\/jeremias.fr\/fabricant-conduit-tubage\/"},{"@type":"ListItem","position":2,"name":"Proc\u00e9dure litige transport"}]}]}},"_links":{"self":[{"href":"https:\/\/jeremias.fr\/fabricant-conduit-tubage\/wp-json\/wp\/v2\/pages\/1388"}],"collection":[{"href":"https:\/\/jeremias.fr\/fabricant-conduit-tubage\/wp-json\/wp\/v2\/pages"}],"about":[{"href":"https:\/\/jeremias.fr\/fabricant-conduit-tubage\/wp-json\/wp\/v2\/types\/page"}],"author":[{"embeddable":true,"href":"https:\/\/jeremias.fr\/fabricant-conduit-tubage\/wp-json\/wp\/v2\/users\/3"}],"replies":[{"embeddable":true,"href":"https:\/\/jeremias.fr\/fabricant-conduit-tubage\/wp-json\/wp\/v2\/comments?post=1388"}],"version-history":[{"count":0,"href":"https:\/\/jeremias.fr\/fabricant-conduit-tubage\/wp-json\/wp\/v2\/pages\/1388\/revisions"}],"wp:attachment":[{"href":"https:\/\/jeremias.fr\/fabricant-conduit-tubage\/wp-json\/wp\/v2\/media?parent=1388"}],"curies":[{"name":"wp","href":"https:\/\/api.w.org\/{rel}","templated":true}]}}