{"id":1351,"date":"2020-09-14T09:33:53","date_gmt":"2020-09-14T07:33:53","guid":{"rendered":"https:\/\/jeremias.fr\/fabricant-conduit-tubage\/?page_id=1351"},"modified":"2026-01-06T14:21:54","modified_gmt":"2026-01-06T13:21:54","slug":"recrutement-et-stages","status":"publish","type":"page","link":"https:\/\/jeremias.fr\/fabricant-conduit-tubage\/recrutement-et-stages\/","title":{"rendered":"Recrutement et stages"},"content":{"rendered":"","protected":false},"excerpt":{"rendered":"","protected":false},"author":3,"featured_media":0,"parent":0,"menu_order":0,"comment_status":"closed","ping_status":"closed","template":"templates\/template-edito.php","meta":{"inline_featured_image":false},"acf":{"introduction":"<p>&nbsp;<\/p>\n<p>Partir d\u2019une feuille blanche est un fabuleux d\u00e9fi. Jeremias France prend des risques gr\u00e2ce \u00e0 l\u2019<strong>esprit d\u2019entreprendre<\/strong> et d\u2019<strong>initiatives<\/strong> de ses forces vives. Chez Jeremias France, avoir une id\u00e9e par jour fait partie de la <strong>philosophie<\/strong> de vie de l\u2019entreprise, <strong>\u00e9couter<\/strong> les personnes qui composent le projet est une d\u00e9marche naturelle, d\u00e9finir ensemble les orientations de demain fait partie du quotidien.<\/p>\n<p>&nbsp;<\/p>\n<p><a href=\"https:\/\/www.youtube.com\/watch?v=5Gtu3SY4-L4\"><img loading=\"lazy\" class=\"size-full wp-image-2362\" src=\"https:\/\/jeremias.fr\/fabricant-conduit-tubage\/app\/uploads\/2022\/06\/bouton-page-recrutement-video-jeremias-youtube.png\" alt=\"Vid\u00e9o recrutement jeremias france\" width=\"400\" height=\"167\" srcset=\"https:\/\/jeremias.fr\/fabricant-conduit-tubage\/app\/uploads\/2022\/06\/bouton-page-recrutement-video-jeremias-youtube.png 400w, https:\/\/jeremias.fr\/fabricant-conduit-tubage\/app\/uploads\/2022\/06\/bouton-page-recrutement-video-jeremias-youtube-300x125.png 300w\" sizes=\"(max-width: 400px) 100vw, 400px\" \/><\/a><\/p>\n","sous_rubriques":[{"titre":"Offre d'emploi","blocs":[{"acf_fc_layout":"bloc_de_texte","texte":"<p>Actuellement, aucune offre d&#8217;emploi n&rsquo;est disponible.<\/p>\n<p>&nbsp;<\/p>\n<p>N&rsquo;h\u00e9sitez pas \u00e0 nous envoyer votre CV et Lettre de motivation en cliquant <a href=\"mailto:job@jeremias.fr\">ici<\/a>.<\/p>\n"}]},{"titre":"Devenir stagiaire ou alternant :","blocs":[{"acf_fc_layout":"bloc_de_texte","texte":"<p>Vous souhaitez vous familiariser avec le <strong>monde du travail<\/strong>, Jeremias vous accompagne dans votre <strong>projet professionnel<\/strong>. Venez rencontrer une <strong>\u00e9quipe dynamique<\/strong> et \u00e0 l&rsquo;\u00e9coute. Vous d\u00e9couvrirez nos diff\u00e9rents m\u00e9tiers, nous vous formerons et vous pourrez cr\u00e9er votre propre exp\u00e9rience.<\/p>\n<p>&#8212;&#8212;&#8212;&#8212;&#8212;&#8212;&#8212;&#8212;&#8212;&#8212;&#8212;&#8212;&#8212;&#8212;&#8212;&#8212;&#8212;&#8212;&#8212;&#8212;&#8212;<\/p>\n<p><strong>Pr\u00eat pour l&rsquo;aventure ?<\/strong><\/p>\n<p>Vous cherchez actuellement un contrat en alternance, un stage, n&rsquo;h\u00e9sitez pas \u00e0 nous envoyer votre candidature <a href=\"mailto:info@jeremias-france.fr\">ici.<\/a><\/p>\n<p>&nbsp;<\/p>\n<p>Vous souhaitez rejoindre une soci\u00e9t\u00e9 bas\u00e9e sur l\u2019<strong>entreprenariat<\/strong> et l\u2019<strong>agilit\u00e9<\/strong> (start-up) ? N&rsquo;h\u00e9sitez plus, osez participer \u00e0 l&rsquo;exp\u00e9rience Jeremias. Notre \u00ab\u00a0<em>LeitMotiv<\/em>\u00a0\u00bb : l\u2019<strong>innovation<\/strong>, l\u2019<strong>anticipation<\/strong>, l\u2019<strong>obsession clients<\/strong> et la <strong>comp\u00e9tence<\/strong>.<\/p>\n<p>&nbsp;<\/p>\n<p>Actuellement, aucun poste n&rsquo;est \u00e0 pourvoir en alternance.<br \/>\nNous sommes tout de m\u00eame \u00e0 l&rsquo;\u00e9coute de vos demandes que nous pourrons \u00e9tudier. Celles-ci pourraient correspondre \u00e0 de futures offres d&#8217;emploi que nous pourrions vous proposer.<\/p>\n<p>&nbsp;<\/p>\n<p>Envoyez-nous <a href=\"mailto:job@jeremias.fr\">ici<\/a> votre CV et Lettre de motivation.<\/p>\n<p>&nbsp;<\/p>\n<p>&nbsp;<\/p>\n"}]}],"utiliser_layout_presta":true,"produits_suggeres":[]},"yoast_head":"<!-- This site is optimized with the Yoast SEO plugin v19.2 - https:\/\/yoast.com\/wordpress\/plugins\/seo\/ -->\n<title>Offre d&#039;emploi, recrutement &amp; stage chez Jeremias France<\/title>\n<meta name=\"description\" content=\"Vous cherchez plus qu&#039;un simple travail ? Osez l\u2019exp\u00e9rience Jeremias ! D\u00e9couvrez nos offres et envoyez votre candidature sans plus tarder !\" \/>\n<meta name=\"robots\" content=\"index, follow, max-snippet:-1, max-image-preview:large, max-video-preview:-1\" \/>\n<link rel=\"canonical\" href=\"https:\/\/jeremias.fr\/fabricant-conduit-tubage\/recrutement-et-stages\/\" \/>\n<meta property=\"og:locale\" content=\"fr_FR\" \/>\n<meta property=\"og:type\" content=\"article\" \/>\n<meta property=\"og:title\" content=\"Offre d&#039;emploi, recrutement &amp; stage chez Jeremias France\" \/>\n<meta property=\"og:description\" content=\"Vous cherchez plus qu&#039;un simple travail ? Osez l\u2019exp\u00e9rience Jeremias ! D\u00e9couvrez nos offres et envoyez votre candidature sans plus tarder !\" \/>\n<meta property=\"og:url\" content=\"https:\/\/jeremias.fr\/fabricant-conduit-tubage\/recrutement-et-stages\/\" \/>\n<meta property=\"og:site_name\" content=\"Jeremias\" \/>\n<meta property=\"article:modified_time\" content=\"2026-01-06T13:21:54+00:00\" \/>\n<meta name=\"author\" content=\"Charline\" \/>\n<meta name=\"twitter:card\" content=\"summary_large_image\" \/>\n<script type=\"application\/ld+json\" class=\"yoast-schema-graph\">{\"@context\":\"https:\/\/schema.org\",\"@graph\":[{\"@type\":\"WebSite\",\"@id\":\"https:\/\/jeremias.fr\/fabricant-conduit-tubage\/#website\",\"url\":\"https:\/\/jeremias.fr\/fabricant-conduit-tubage\/\",\"name\":\"Jeremias\",\"description\":\"Conduits de fum\u00e9e\",\"potentialAction\":[{\"@type\":\"SearchAction\",\"target\":{\"@type\":\"EntryPoint\",\"urlTemplate\":\"https:\/\/jeremias.fr\/fabricant-conduit-tubage\/?s={search_term_string}\"},\"query-input\":\"required name=search_term_string\"}],\"inLanguage\":\"fr-FR\"},{\"@type\":\"WebPage\",\"@id\":\"https:\/\/jeremias.fr\/fabricant-conduit-tubage\/recrutement-et-stages\/#webpage\",\"url\":\"https:\/\/jeremias.fr\/fabricant-conduit-tubage\/recrutement-et-stages\/\",\"name\":\"Offre d'emploi, recrutement & stage chez Jeremias France\",\"isPartOf\":{\"@id\":\"https:\/\/jeremias.fr\/fabricant-conduit-tubage\/#website\"},\"datePublished\":\"2020-09-14T07:33:53+00:00\",\"dateModified\":\"2026-01-06T13:21:54+00:00\",\"description\":\"Vous cherchez plus qu'un simple travail ? Osez l\u2019exp\u00e9rience Jeremias ! D\u00e9couvrez nos offres et envoyez votre candidature sans plus tarder !\",\"breadcrumb\":{\"@id\":\"https:\/\/jeremias.fr\/fabricant-conduit-tubage\/recrutement-et-stages\/#breadcrumb\"},\"inLanguage\":\"fr-FR\",\"potentialAction\":[{\"@type\":\"ReadAction\",\"target\":[\"https:\/\/jeremias.fr\/fabricant-conduit-tubage\/recrutement-et-stages\/\"]}]},{\"@type\":\"BreadcrumbList\",\"@id\":\"https:\/\/jeremias.fr\/fabricant-conduit-tubage\/recrutement-et-stages\/#breadcrumb\",\"itemListElement\":[{\"@type\":\"ListItem\",\"position\":1,\"name\":\"Home\",\"item\":\"https:\/\/jeremias.fr\/fabricant-conduit-tubage\/\"},{\"@type\":\"ListItem\",\"position\":2,\"name\":\"Recrutement et stages\"}]}]}<\/script>\n<!-- \/ Yoast SEO plugin. -->","yoast_head_json":{"title":"Offre d'emploi, recrutement & stage chez Jeremias France","description":"Vous cherchez plus qu'un simple travail ? Osez l\u2019exp\u00e9rience Jeremias ! D\u00e9couvrez nos offres et envoyez votre candidature sans plus tarder !","robots":{"index":"index","follow":"follow","max-snippet":"max-snippet:-1","max-image-preview":"max-image-preview:large","max-video-preview":"max-video-preview:-1"},"canonical":"https:\/\/jeremias.fr\/fabricant-conduit-tubage\/recrutement-et-stages\/","og_locale":"fr_FR","og_type":"article","og_title":"Offre d'emploi, recrutement & stage chez Jeremias France","og_description":"Vous cherchez plus qu'un simple travail ? Osez l\u2019exp\u00e9rience Jeremias ! D\u00e9couvrez nos offres et envoyez votre candidature sans plus tarder !","og_url":"https:\/\/jeremias.fr\/fabricant-conduit-tubage\/recrutement-et-stages\/","og_site_name":"Jeremias","article_modified_time":"2026-01-06T13:21:54+00:00","author":"Charline","twitter_card":"summary_large_image","schema":{"@context":"https:\/\/schema.org","@graph":[{"@type":"WebSite","@id":"https:\/\/jeremias.fr\/fabricant-conduit-tubage\/#website","url":"https:\/\/jeremias.fr\/fabricant-conduit-tubage\/","name":"Jeremias","description":"Conduits de fum\u00e9e","potentialAction":[{"@type":"SearchAction","target":{"@type":"EntryPoint","urlTemplate":"https:\/\/jeremias.fr\/fabricant-conduit-tubage\/?s={search_term_string}"},"query-input":"required name=search_term_string"}],"inLanguage":"fr-FR"},{"@type":"WebPage","@id":"https:\/\/jeremias.fr\/fabricant-conduit-tubage\/recrutement-et-stages\/#webpage","url":"https:\/\/jeremias.fr\/fabricant-conduit-tubage\/recrutement-et-stages\/","name":"Offre d'emploi, recrutement & stage chez Jeremias France","isPartOf":{"@id":"https:\/\/jeremias.fr\/fabricant-conduit-tubage\/#website"},"datePublished":"2020-09-14T07:33:53+00:00","dateModified":"2026-01-06T13:21:54+00:00","description":"Vous cherchez plus qu'un simple travail ? Osez l\u2019exp\u00e9rience Jeremias ! D\u00e9couvrez nos offres et envoyez votre candidature sans plus tarder !","breadcrumb":{"@id":"https:\/\/jeremias.fr\/fabricant-conduit-tubage\/recrutement-et-stages\/#breadcrumb"},"inLanguage":"fr-FR","potentialAction":[{"@type":"ReadAction","target":["https:\/\/jeremias.fr\/fabricant-conduit-tubage\/recrutement-et-stages\/"]}]},{"@type":"BreadcrumbList","@id":"https:\/\/jeremias.fr\/fabricant-conduit-tubage\/recrutement-et-stages\/#breadcrumb","itemListElement":[{"@type":"ListItem","position":1,"name":"Home","item":"https:\/\/jeremias.fr\/fabricant-conduit-tubage\/"},{"@type":"ListItem","position":2,"name":"Recrutement et stages"}]}]}},"_links":{"self":[{"href":"https:\/\/jeremias.fr\/fabricant-conduit-tubage\/wp-json\/wp\/v2\/pages\/1351"}],"collection":[{"href":"https:\/\/jeremias.fr\/fabricant-conduit-tubage\/wp-json\/wp\/v2\/pages"}],"about":[{"href":"https:\/\/jeremias.fr\/fabricant-conduit-tubage\/wp-json\/wp\/v2\/types\/page"}],"author":[{"embeddable":true,"href":"https:\/\/jeremias.fr\/fabricant-conduit-tubage\/wp-json\/wp\/v2\/users\/3"}],"replies":[{"embeddable":true,"href":"https:\/\/jeremias.fr\/fabricant-conduit-tubage\/wp-json\/wp\/v2\/comments?post=1351"}],"version-history":[{"count":38,"href":"https:\/\/jeremias.fr\/fabricant-conduit-tubage\/wp-json\/wp\/v2\/pages\/1351\/revisions"}],"predecessor-version":[{"id":5073,"href":"https:\/\/jeremias.fr\/fabricant-conduit-tubage\/wp-json\/wp\/v2\/pages\/1351\/revisions\/5073"}],"wp:attachment":[{"href":"https:\/\/jeremias.fr\/fabricant-conduit-tubage\/wp-json\/wp\/v2\/media?parent=1351"}],"curies":[{"name":"wp","href":"https:\/\/api.w.org\/{rel}","templated":true}]}}