{"id":1338,"date":"2020-09-11T11:25:38","date_gmt":"2020-09-11T09:25:38","guid":{"rendered":"https:\/\/jeremias.fr\/fabricant-conduit-tubage\/?page_id=1338"},"modified":"2024-07-12T11:10:03","modified_gmt":"2024-07-12T09:10:03","slug":"conditions-de-retour","status":"publish","type":"page","link":"https:\/\/jeremias.fr\/fabricant-conduit-tubage\/conditions-de-retour\/","title":{"rendered":"Retour de marchandise"},"content":{"rendered":"","protected":false},"excerpt":{"rendered":"","protected":false},"author":4,"featured_media":0,"parent":0,"menu_order":0,"comment_status":"closed","ping_status":"closed","template":"templates\/template-edito.php","meta":{"inline_featured_image":false},"acf":{"introduction":"<p>&nbsp;<\/p>\n<p>Jeremias France vous permet de retourner de la marchandise.<\/p>\n<p>Nous vous expliquons ci-dessous, comment proc\u00e9der, quelles gammes sont concern\u00e9es et quelles sont les conditions de retours.<\/p>\n","sous_rubriques":[{"titre":"Proc\u00e9dure de retour","blocs":[{"acf_fc_layout":"bloc_de_texte","texte":"<p><span class=\"TextRun SCXW237305110 BCX0\" lang=\"FR-FR\" xml:lang=\"FR-FR\" data-contrast=\"auto\"><span class=\"NormalTextRun SCXW237305110 BCX0\">Toute demande de retour doit faire l\u2019objet d\u2019un accord pr\u00e9alable de JEREMIAS France SAS. Ce retour de marchandise entra\u00eene une d\u00e9cote sur le prix factur\u00e9 \u00e0 l\u2019acheteur pour ces m\u00eames marchandises. Elle couvre les frais de contr\u00f4le et de reconditionnement des produits. Cette d\u00e9cote est de 20% pour toute marchandise factur\u00e9e dans le mois pr\u00e9c\u00e9dent la demande de retour et de 40% au-del\u00e0, dans la limite de 6 mois pr\u00e9c\u00e9dant la facture. Les conditions particuli\u00e8res de retour sont disponibles aupr\u00e8s de JEREMIAS France SAS.<\/span><\/span><\/p>\n<p>&nbsp;<\/p>\n<p><span class=\"TextRun SCXW237305110 BCX0\" lang=\"FR-FR\" xml:lang=\"FR-FR\" data-contrast=\"auto\"><span class=\"NormalTextRun SCXW237305110 BCX0\">Toute marchandise factur\u00e9e \u00e0 une date sup\u00e9rieure \u00e0 6 mois, ne pourra faire l\u2019objet d\u2019une demande de retour.<\/span><\/span><\/p>\n<p>&nbsp;<\/p>\n<p><strong>Si vous souhaiter proc\u00e9der \u00e0 un retour, voici la d\u00e9marche \u00e0 suivre :\u00a0<\/strong><\/p>\n<p>&nbsp;<\/p>\n<ul>\n<li>Il suffit de vous rendre sur votre espace client.<\/li>\n<li>Puis cliquez sur \u00ab\u00a0historiques et d\u00e9tails de mes commandes\u00a0\u00bb.<\/li>\n<li>Retrouver la commande en question sur laquelle vous souhaitez retourner un ou plusieurs articles et cliquez sur \u00ab\u00a0D\u00e9tails\u00a0\u00bb<\/li>\n<li>Aller tout en bas de la commande et laisser un message<\/li>\n<li>Bien pr\u00e9ciser sur votre message les \u00e9l\u00e9ments suivants :\n<ul>\n<li>\u00ab\u00a0<strong>RETOUR MARCHANDISE<\/strong>\u00ab\u00a0<\/li>\n<li><strong>D\u00e9nomination<\/strong> de la ou des pi\u00e8ces \u00e0 retourner<\/li>\n<li><strong>Diam\u00e8tre<\/strong> de la ou des pi\u00e8ces \u00e0 retourner<\/li>\n<li>La <strong>quantit\u00e9<\/strong> \u00e0 retourner pour chaque article<\/li>\n<\/ul>\n<\/li>\n<\/ul>\n<p>&nbsp;<\/p>\n<p>Suite \u00e0 votre message, le service client\u00e8le \u00e9tudiera votre demande. Si celle-ci est valid\u00e9e vous recevrez un \u00ab\u00a0<strong>bon de retour officiel<\/strong>\u00ab\u00a0. Vous n&rsquo;aurez plus qu&rsquo;\u00e0 l&rsquo;imprimer et le joindre \u00e0 votre colis de retour comprenant votre marchandise. Les frais de retour sont \u00e0 la charge du client et la marchandise sera contr\u00f4l\u00e9e avant tout acceptation de retour.<\/p>\n<p><img loading=\"lazy\" class=\"aligncenter size-full wp-image-2843\" src=\"https:\/\/jeremias.fr\/fabricant-conduit-tubage\/app\/uploads\/2023\/10\/Retour-de-marchandise-Jeremias-France-1.png\" alt=\"Retour marchandise Jeremias France\" width=\"761\" height=\"245\" srcset=\"https:\/\/jeremias.fr\/fabricant-conduit-tubage\/app\/uploads\/2023\/10\/Retour-de-marchandise-Jeremias-France-1.png 761w, https:\/\/jeremias.fr\/fabricant-conduit-tubage\/app\/uploads\/2023\/10\/Retour-de-marchandise-Jeremias-France-1-300x97.png 300w\" sizes=\"(max-width: 761px) 100vw, 761px\" \/><\/p>\n"}]},{"titre":"Les gammes concern\u00e9es","blocs":[{"acf_fc_layout":"bloc_de_texte","texte":"<p><span class=\"TextRun SCXW104991707 BCX0\" lang=\"FR-FR\" xml:lang=\"FR-FR\" data-contrast=\"auto\"><span class=\"NormalTextRun SCXW104991707 BCX0\">Les retours sont possibles selon ces conditions uniquement sur les gammes suivantes :\u202f<\/span><\/span><\/p>\n<ul>\n<li data-leveltext=\"\uf0b7\" data-font=\"Symbol\" data-listid=\"29\" data-list-defn-props=\"{&quot;335552541&quot;:1,&quot;335559685&quot;:720,&quot;335559991&quot;:360,&quot;469769226&quot;:&quot;Symbol&quot;,&quot;469769242&quot;:[8226],&quot;469777803&quot;:&quot;left&quot;,&quot;469777804&quot;:&quot;\uf0b7&quot;,&quot;469777815&quot;:&quot;hybridMultilevel&quot;}\" aria-setsize=\"-1\" data-aria-posinset=\"1\" data-aria-level=\"1\"><span data-contrast=\"auto\">EW ECO 1.0 inox 316L jusqu\u2019au diam\u00e8tre 350mm\u202f<\/span><span data-ccp-props=\"{&quot;201341983&quot;:0,&quot;335559739&quot;:160,&quot;335559740&quot;:259}\">\u00a0<\/span><\/li>\n<\/ul>\n<ul>\n<li data-leveltext=\"\uf0b7\" data-font=\"Symbol\" data-listid=\"29\" data-list-defn-props=\"{&quot;335552541&quot;:1,&quot;335559685&quot;:720,&quot;335559991&quot;:360,&quot;469769226&quot;:&quot;Symbol&quot;,&quot;469769242&quot;:[8226],&quot;469777803&quot;:&quot;left&quot;,&quot;469777804&quot;:&quot;\uf0b7&quot;,&quot;469777815&quot;:&quot;hybridMultilevel&quot;}\" aria-setsize=\"-1\" data-aria-posinset=\"2\" data-aria-level=\"1\"><span data-contrast=\"auto\">DW ECO 2.0 inox 316L \/ 304 jusqu\u2019au diam\u00e8tre 300mm\u202f<\/span><span data-ccp-props=\"{&quot;201341983&quot;:0,&quot;335559739&quot;:160,&quot;335559740&quot;:259}\">\u00a0<\/span><\/li>\n<\/ul>\n<ul>\n<li data-leveltext=\"\uf0b7\" data-font=\"Symbol\" data-listid=\"29\" data-list-defn-props=\"{&quot;335552541&quot;:1,&quot;335559685&quot;:720,&quot;335559991&quot;:360,&quot;469769226&quot;:&quot;Symbol&quot;,&quot;469769242&quot;:[8226],&quot;469777803&quot;:&quot;left&quot;,&quot;469777804&quot;:&quot;\uf0b7&quot;,&quot;469777815&quot;:&quot;hybridMultilevel&quot;}\" aria-setsize=\"-1\" data-aria-posinset=\"3\" data-aria-level=\"1\"><span data-contrast=\"auto\">DW ECO 2.0 inox 304 \/ GALVA jusqu\u2019au diam\u00e8tre 200mm\u202f<\/span><span data-ccp-props=\"{&quot;201341983&quot;:0,&quot;335559739&quot;:160,&quot;335559740&quot;:259}\">\u00a0<\/span><\/li>\n<\/ul>\n<ul>\n<li data-leveltext=\"\uf0b7\" data-font=\"Symbol\" data-listid=\"29\" data-list-defn-props=\"{&quot;335552541&quot;:1,&quot;335559685&quot;:720,&quot;335559991&quot;:360,&quot;469769226&quot;:&quot;Symbol&quot;,&quot;469769242&quot;:[8226],&quot;469777803&quot;:&quot;left&quot;,&quot;469777804&quot;:&quot;\uf0b7&quot;,&quot;469777815&quot;:&quot;hybridMultilevel&quot;}\" aria-setsize=\"-1\" data-aria-posinset=\"4\" data-aria-level=\"1\"><span data-contrast=\"auto\">EW PELLET noir 316L diam\u00e8tres 80 &amp; 100mm\u202f<\/span><span data-ccp-props=\"{&quot;201341983&quot;:0,&quot;335559739&quot;:160,&quot;335559740&quot;:259}\">\u00a0<\/span><\/li>\n<\/ul>\n<ul>\n<li data-leveltext=\"\uf0b7\" data-font=\"Symbol\" data-listid=\"29\" data-list-defn-props=\"{&quot;335552541&quot;:1,&quot;335559685&quot;:720,&quot;335559991&quot;:360,&quot;469769226&quot;:&quot;Symbol&quot;,&quot;469769242&quot;:[8226],&quot;469777803&quot;:&quot;left&quot;,&quot;469777804&quot;:&quot;\uf0b7&quot;,&quot;469777815&quot;:&quot;hybridMultilevel&quot;}\" aria-setsize=\"-1\" data-aria-posinset=\"5\" data-aria-level=\"1\"><span data-contrast=\"auto\">VITRO-PELLET diam\u00e8tres 80 &amp; 100mm\u202f<\/span><span data-ccp-props=\"{&quot;201341983&quot;:0,&quot;335559739&quot;:160,&quot;335559740&quot;:259}\">\u00a0<\/span><\/li>\n<\/ul>\n<ul>\n<li data-leveltext=\"\uf0b7\" data-font=\"Symbol\" data-listid=\"29\" data-list-defn-props=\"{&quot;335552541&quot;:1,&quot;335559685&quot;:720,&quot;335559991&quot;:360,&quot;469769226&quot;:&quot;Symbol&quot;,&quot;469769242&quot;:[8226],&quot;469777803&quot;:&quot;left&quot;,&quot;469777804&quot;:&quot;\uf0b7&quot;,&quot;469777815&quot;:&quot;hybridMultilevel&quot;}\" aria-setsize=\"-1\" data-aria-posinset=\"6\" data-aria-level=\"1\"><span data-contrast=\"auto\">DESIGN-PELLET diam\u00e8tres 80 &amp; 100mm\u202f<\/span><span data-ccp-props=\"{&quot;201341983&quot;:0,&quot;335559739&quot;:160,&quot;335559740&quot;:259}\">\u00a0<\/span><\/li>\n<\/ul>\n<ul>\n<li data-leveltext=\"\uf0b7\" data-font=\"Symbol\" data-listid=\"29\" data-list-defn-props=\"{&quot;335552541&quot;:1,&quot;335559685&quot;:720,&quot;335559991&quot;:360,&quot;469769226&quot;:&quot;Symbol&quot;,&quot;469769242&quot;:[8226],&quot;469777803&quot;:&quot;left&quot;,&quot;469777804&quot;:&quot;\uf0b7&quot;,&quot;469777815&quot;:&quot;hybridMultilevel&quot;}\" aria-setsize=\"-1\" data-aria-posinset=\"7\" data-aria-level=\"1\"><span data-contrast=\"auto\">TWIN BIOMASS noir &amp; inox diam\u00e8tres 80 \u00e0 130mm\u202f<\/span><span data-ccp-props=\"{&quot;201341983&quot;:0,&quot;335559739&quot;:160,&quot;335559740&quot;:259}\">\u00a0<\/span><\/li>\n<\/ul>\n<ul>\n<li data-leveltext=\"\uf0b7\" data-font=\"Symbol\" data-listid=\"29\" data-list-defn-props=\"{&quot;335552541&quot;:1,&quot;335559685&quot;:720,&quot;335559991&quot;:360,&quot;469769226&quot;:&quot;Symbol&quot;,&quot;469769242&quot;:[8226],&quot;469777803&quot;:&quot;left&quot;,&quot;469777804&quot;:&quot;\uf0b7&quot;,&quot;469777815&quot;:&quot;hybridMultilevel&quot;}\" aria-setsize=\"-1\" data-aria-posinset=\"8\" data-aria-level=\"1\"><span data-contrast=\"auto\">FERRO LUX jusqu\u2019au diam\u00e8tre 200mm<\/span><span data-ccp-props=\"{&quot;201341983&quot;:0,&quot;335559739&quot;:160,&quot;335559740&quot;:259}\">\u00a0<\/span><\/li>\n<\/ul>\n<ul>\n<li data-leveltext=\"\uf0b7\" data-font=\"Symbol\" data-listid=\"29\" data-list-defn-props=\"{&quot;335552541&quot;:1,&quot;335559685&quot;:720,&quot;335559991&quot;:360,&quot;469769226&quot;:&quot;Symbol&quot;,&quot;469769242&quot;:[8226],&quot;469777803&quot;:&quot;left&quot;,&quot;469777804&quot;:&quot;\uf0b7&quot;,&quot;469777815&quot;:&quot;hybridMultilevel&quot;}\" aria-setsize=\"-1\" data-aria-posinset=\"9\" data-aria-level=\"1\"><span data-contrast=\"auto\">VITRO-BOIS jusqu\u2019au diam\u00e8tre 200mm<\/span><span data-ccp-props=\"{&quot;201341983&quot;:0,&quot;335559739&quot;:160,&quot;335559740&quot;:259}\">\u00a0<\/span><\/li>\n<\/ul>\n<ul>\n<li data-leveltext=\"\uf0b7\" data-font=\"Symbol\" data-listid=\"29\" data-list-defn-props=\"{&quot;335552541&quot;:1,&quot;335559685&quot;:720,&quot;335559991&quot;:360,&quot;469769226&quot;:&quot;Symbol&quot;,&quot;469769242&quot;:[8226],&quot;469777803&quot;:&quot;left&quot;,&quot;469777804&quot;:&quot;\uf0b7&quot;,&quot;469777815&quot;:&quot;hybridMultilevel&quot;}\" aria-setsize=\"-1\" data-aria-posinset=\"10\" data-aria-level=\"1\"><span data-contrast=\"auto\">FU06 jusqu\u2019au diam\u00e8tre 250mm<\/span><span data-ccp-props=\"{&quot;201341983&quot;:0,&quot;335559739&quot;:160,&quot;335559740&quot;:259}\">\u00a0<\/span><\/li>\n<\/ul>\n<ul>\n<li data-leveltext=\"\uf0b7\" data-font=\"Symbol\" data-listid=\"29\" data-list-defn-props=\"{&quot;335552541&quot;:1,&quot;335559685&quot;:720,&quot;335559991&quot;:360,&quot;469769226&quot;:&quot;Symbol&quot;,&quot;469769242&quot;:[8226],&quot;469777803&quot;:&quot;left&quot;,&quot;469777804&quot;:&quot;\uf0b7&quot;,&quot;469777815&quot;:&quot;hybridMultilevel&quot;}\" aria-setsize=\"-1\" data-aria-posinset=\"11\" data-aria-level=\"1\"><span data-contrast=\"auto\">TWIN-PL jusqu\u2019au diam\u00e8tre 100mm<\/span><span data-ccp-props=\"{&quot;201341983&quot;:0,&quot;335559739&quot;:160,&quot;335559740&quot;:259}\">\u00a0<\/span><\/li>\n<\/ul>\n<ul>\n<li data-leveltext=\"\uf0b7\" data-font=\"Symbol\" data-listid=\"29\" data-list-defn-props=\"{&quot;335552541&quot;:1,&quot;335559685&quot;:720,&quot;335559991&quot;:360,&quot;469769226&quot;:&quot;Symbol&quot;,&quot;469769242&quot;:[8226],&quot;469777803&quot;:&quot;left&quot;,&quot;469777804&quot;:&quot;\uf0b7&quot;,&quot;469777815&quot;:&quot;hybridMultilevel&quot;}\" aria-setsize=\"-1\" data-aria-posinset=\"12\" data-aria-level=\"1\"><span data-contrast=\"auto\">EW-PPS jusqu\u2019au diam\u00e8tre 160mm<\/span><span data-ccp-props=\"{&quot;201341983&quot;:0,&quot;335559739&quot;:160,&quot;335559740&quot;:259}\">\u00a0<\/span><\/li>\n<\/ul>\n<ul>\n<li data-leveltext=\"\uf0b7\" data-font=\"Symbol\" data-listid=\"29\" data-list-defn-props=\"{&quot;335552541&quot;:1,&quot;335559685&quot;:720,&quot;335559991&quot;:360,&quot;469769226&quot;:&quot;Symbol&quot;,&quot;469769242&quot;:[8226],&quot;469777803&quot;:&quot;left&quot;,&quot;469777804&quot;:&quot;\uf0b7&quot;,&quot;469777815&quot;:&quot;hybridMultilevel&quot;}\" aria-setsize=\"-1\" data-aria-posinset=\"13\" data-aria-level=\"1\"><span data-contrast=\"auto\">Kits TWIN-3Cep jusqu\u2019au diam\u00e8tre 130mm<\/span><span data-ccp-props=\"{&quot;201341983&quot;:0,&quot;335559739&quot;:160,&quot;335559740&quot;:259}\">\u00a0<\/span><\/li>\n<\/ul>\n<p><span style=\"text-decoration: underline;\"><strong>Les autres gammes de produits JEREMIAS France ne font pas l\u2019objet de retour.<\/strong><\/span><\/p>\n"}]},{"titre":"Les conditions","blocs":[{"acf_fc_layout":"bloc_de_texte","texte":"<ul>\n<li>Une <strong>d\u00e9cote de 20%<\/strong> sera r\u00e9alis\u00e9e <strong>sur le retour de mat\u00e9riel pour participer aux frais de remise en stock<\/strong><\/li>\n<li>Les pi\u00e8ces sp\u00e9ciales ou laqu\u00e9es ne font pas l\u2019objet de reprise.<\/li>\n<li>Les retours de marchandises ne sont accept\u00e9s que pendant une p\u00e9riode de <strong>30 jours<\/strong> \u00e0 partir de la date de livraison.<br \/>\nAu-del\u00e0 de ce d\u00e9lai, la <strong>d\u00e9cote sera de 40% dans une limite de 6 mois \u00e0 compter de la date de livraison<\/strong>.<\/li>\n<li>Les pi\u00e8ces retourn\u00e9es doivent \u00eatre en parfait \u00e9tat et ne comporter aucune trace d\u2019utilisation.<\/li>\n<li>Le mat\u00e9riel retourn\u00e9 doit \u00eatre correctement emball\u00e9 dans son emballage d\u2019origine.<\/li>\n<li>Les frais de transport sont \u00e0 la charge du client.<\/li>\n<li>Si la gestion de transport est op\u00e9r\u00e9e par Jeremias : Un forfait <strong>minimal de 80\u20ac<\/strong> sera appliqu\u00e9 pour chaque retour. Les co\u00fbts de transport seront factur\u00e9s en globalit\u00e9.<\/li>\n<\/ul>\n<p>&nbsp;<\/p>\n<p><strong>Jeremias France<\/strong> effectue un contr\u00f4le syst\u00e9matique de l\u2019\u00e9tat des pi\u00e8ces retourn\u00e9es et se r\u00e9serve le droit, en cas de mauvais<br \/>\n\u00e9tat ou non-conformit\u00e9 de la pi\u00e8ce, de ne proc\u00e9der \u00e0 sa reprise. Les \u00e9l\u00e9ments non repris seront \u00e0 votre disposition en nos<br \/>\nlocaux pendant une p\u00e9riode 30 jours, au-del\u00e0 de laquelle les pi\u00e8ces seront d\u00e9truites.<\/p>\n<p>Nous proc\u00e9derons \u00e0 l\u2019\u00e9tablissement de l\u2019avoir apr\u00e8s r\u00e9ception du num\u00e9ro de Bon de Livraison ou de Facture du mat\u00e9riel envoy\u00e9.<br \/>\nIl est imp\u00e9ratif d\u2019obtenir l\u2019autorisation pr\u00e9alable de <strong>Jeremias France<\/strong> avant d\u2019effectuer un retour de mat\u00e9riel.<br \/>\nLe bon de livraison ou tout document accompagnant le mat\u00e9riel retourn\u00e9 doit faire \u00e9tat de :<\/p>\n<ul>\n<li>La d\u00e9nomination de la pi\u00e8ce rendue<\/li>\n<li>La quantit\u00e9<\/li>\n<li>La r\u00e9f\u00e9rence et la date de la commande<\/li>\n<li>La r\u00e9f\u00e9rence du chantier<\/li>\n<\/ul>\n"}]}],"utiliser_layout_presta":true,"produits_suggeres":[]},"yoast_head":"<!-- This site is optimized with the Yoast SEO plugin v19.2 - https:\/\/yoast.com\/wordpress\/plugins\/seo\/ -->\n<title>Retour de marchandise - Jeremias<\/title>\n<meta name=\"robots\" content=\"index, follow, max-snippet:-1, max-image-preview:large, max-video-preview:-1\" \/>\n<link rel=\"canonical\" href=\"https:\/\/jeremias.fr\/fabricant-conduit-tubage\/conditions-de-retour\/\" \/>\n<meta property=\"og:locale\" content=\"fr_FR\" \/>\n<meta property=\"og:type\" content=\"article\" \/>\n<meta property=\"og:title\" content=\"Retour de marchandise - Jeremias\" \/>\n<meta property=\"og:url\" content=\"https:\/\/jeremias.fr\/fabricant-conduit-tubage\/conditions-de-retour\/\" \/>\n<meta property=\"og:site_name\" content=\"Jeremias\" \/>\n<meta property=\"article:modified_time\" content=\"2024-07-12T09:10:03+00:00\" \/>\n<meta name=\"author\" content=\"Eva Aristhene\" \/>\n<meta name=\"twitter:card\" content=\"summary_large_image\" \/>\n<script type=\"application\/ld+json\" class=\"yoast-schema-graph\">{\"@context\":\"https:\/\/schema.org\",\"@graph\":[{\"@type\":\"WebSite\",\"@id\":\"https:\/\/jeremias.fr\/fabricant-conduit-tubage\/#website\",\"url\":\"https:\/\/jeremias.fr\/fabricant-conduit-tubage\/\",\"name\":\"Jeremias\",\"description\":\"Conduits de fum\u00e9e\",\"potentialAction\":[{\"@type\":\"SearchAction\",\"target\":{\"@type\":\"EntryPoint\",\"urlTemplate\":\"https:\/\/jeremias.fr\/fabricant-conduit-tubage\/?s={search_term_string}\"},\"query-input\":\"required name=search_term_string\"}],\"inLanguage\":\"fr-FR\"},{\"@type\":\"WebPage\",\"@id\":\"https:\/\/jeremias.fr\/fabricant-conduit-tubage\/conditions-de-retour\/#webpage\",\"url\":\"https:\/\/jeremias.fr\/fabricant-conduit-tubage\/conditions-de-retour\/\",\"name\":\"Retour de marchandise - Jeremias\",\"isPartOf\":{\"@id\":\"https:\/\/jeremias.fr\/fabricant-conduit-tubage\/#website\"},\"datePublished\":\"2020-09-11T09:25:38+00:00\",\"dateModified\":\"2024-07-12T09:10:03+00:00\",\"breadcrumb\":{\"@id\":\"https:\/\/jeremias.fr\/fabricant-conduit-tubage\/conditions-de-retour\/#breadcrumb\"},\"inLanguage\":\"fr-FR\",\"potentialAction\":[{\"@type\":\"ReadAction\",\"target\":[\"https:\/\/jeremias.fr\/fabricant-conduit-tubage\/conditions-de-retour\/\"]}]},{\"@type\":\"BreadcrumbList\",\"@id\":\"https:\/\/jeremias.fr\/fabricant-conduit-tubage\/conditions-de-retour\/#breadcrumb\",\"itemListElement\":[{\"@type\":\"ListItem\",\"position\":1,\"name\":\"Home\",\"item\":\"https:\/\/jeremias.fr\/fabricant-conduit-tubage\/\"},{\"@type\":\"ListItem\",\"position\":2,\"name\":\"Retour de marchandise\"}]}]}<\/script>\n<!-- \/ Yoast SEO plugin. -->","yoast_head_json":{"title":"Retour de marchandise - Jeremias","robots":{"index":"index","follow":"follow","max-snippet":"max-snippet:-1","max-image-preview":"max-image-preview:large","max-video-preview":"max-video-preview:-1"},"canonical":"https:\/\/jeremias.fr\/fabricant-conduit-tubage\/conditions-de-retour\/","og_locale":"fr_FR","og_type":"article","og_title":"Retour de marchandise - Jeremias","og_url":"https:\/\/jeremias.fr\/fabricant-conduit-tubage\/conditions-de-retour\/","og_site_name":"Jeremias","article_modified_time":"2024-07-12T09:10:03+00:00","author":"Eva Aristhene","twitter_card":"summary_large_image","schema":{"@context":"https:\/\/schema.org","@graph":[{"@type":"WebSite","@id":"https:\/\/jeremias.fr\/fabricant-conduit-tubage\/#website","url":"https:\/\/jeremias.fr\/fabricant-conduit-tubage\/","name":"Jeremias","description":"Conduits de fum\u00e9e","potentialAction":[{"@type":"SearchAction","target":{"@type":"EntryPoint","urlTemplate":"https:\/\/jeremias.fr\/fabricant-conduit-tubage\/?s={search_term_string}"},"query-input":"required name=search_term_string"}],"inLanguage":"fr-FR"},{"@type":"WebPage","@id":"https:\/\/jeremias.fr\/fabricant-conduit-tubage\/conditions-de-retour\/#webpage","url":"https:\/\/jeremias.fr\/fabricant-conduit-tubage\/conditions-de-retour\/","name":"Retour de marchandise - Jeremias","isPartOf":{"@id":"https:\/\/jeremias.fr\/fabricant-conduit-tubage\/#website"},"datePublished":"2020-09-11T09:25:38+00:00","dateModified":"2024-07-12T09:10:03+00:00","breadcrumb":{"@id":"https:\/\/jeremias.fr\/fabricant-conduit-tubage\/conditions-de-retour\/#breadcrumb"},"inLanguage":"fr-FR","potentialAction":[{"@type":"ReadAction","target":["https:\/\/jeremias.fr\/fabricant-conduit-tubage\/conditions-de-retour\/"]}]},{"@type":"BreadcrumbList","@id":"https:\/\/jeremias.fr\/fabricant-conduit-tubage\/conditions-de-retour\/#breadcrumb","itemListElement":[{"@type":"ListItem","position":1,"name":"Home","item":"https:\/\/jeremias.fr\/fabricant-conduit-tubage\/"},{"@type":"ListItem","position":2,"name":"Retour de marchandise"}]}]}},"_links":{"self":[{"href":"https:\/\/jeremias.fr\/fabricant-conduit-tubage\/wp-json\/wp\/v2\/pages\/1338"}],"collection":[{"href":"https:\/\/jeremias.fr\/fabricant-conduit-tubage\/wp-json\/wp\/v2\/pages"}],"about":[{"href":"https:\/\/jeremias.fr\/fabricant-conduit-tubage\/wp-json\/wp\/v2\/types\/page"}],"author":[{"embeddable":true,"href":"https:\/\/jeremias.fr\/fabricant-conduit-tubage\/wp-json\/wp\/v2\/users\/4"}],"replies":[{"embeddable":true,"href":"https:\/\/jeremias.fr\/fabricant-conduit-tubage\/wp-json\/wp\/v2\/comments?post=1338"}],"version-history":[{"count":17,"href":"https:\/\/jeremias.fr\/fabricant-conduit-tubage\/wp-json\/wp\/v2\/pages\/1338\/revisions"}],"predecessor-version":[{"id":4037,"href":"https:\/\/jeremias.fr\/fabricant-conduit-tubage\/wp-json\/wp\/v2\/pages\/1338\/revisions\/4037"}],"wp:attachment":[{"href":"https:\/\/jeremias.fr\/fabricant-conduit-tubage\/wp-json\/wp\/v2\/media?parent=1338"}],"curies":[{"name":"wp","href":"https:\/\/api.w.org\/{rel}","templated":true}]}}