{"id":1327,"date":"2020-09-11T10:36:40","date_gmt":"2020-09-11T08:36:40","guid":{"rendered":"https:\/\/jeremias.fr\/fabricant-conduit-tubage\/?page_id=1327"},"modified":"2020-09-14T15:51:41","modified_gmt":"2020-09-14T13:51:41","slug":"paiement-securise","status":"publish","type":"page","link":"https:\/\/jeremias.fr\/fabricant-conduit-tubage\/paiement-securise\/","title":{"rendered":"Paiement s\u00e9curis\u00e9"},"content":{"rendered":"","protected":false},"excerpt":{"rendered":"","protected":false},"author":3,"featured_media":0,"parent":0,"menu_order":0,"comment_status":"closed","ping_status":"closed","template":"templates\/template-edito.php","meta":{"inline_featured_image":false},"acf":{"introduction":"<p>&nbsp;<\/p>\n<p>Jeremias vous propose deux moyens de paiement 100% s\u00e9curis\u00e9s afin de r\u00e9gler votre commande.<\/p>\n","sous_rubriques":[{"titre":"Paiement par carte bancaire","blocs":[{"acf_fc_layout":"bloc_de_texte","texte":"<p>Lors d\u2019un achat sur jeremias.fr, il est important de noter que toutes vos coordonn\u00e9es sont s\u00e9curis\u00e9es via un protocole SSL. Ainsi, chacune de vos transactions reste confidentielle gr\u00e2ce \u00e0 l\u2019utilisation de techniques de cryptographie.<\/p>\n<p><strong>Vos coordonn\u00e9es bancaires<\/strong> (num\u00e9ro de carte, date de validit\u00e9 et cryptogramme) sont chiffr\u00e9es d\u00e8s leur saisie puis transmises \u00e0 la banque. De plus, la saisie de ces derni\u00e8res est r\u00e9alis\u00e9e directement sur la plateforme de notre banque (CIC) afin d\u2019assurer un maximum de s\u00e9curit\u00e9. Ainsi, nous ne stockons jamais vos donn\u00e9es bancaires.<\/p>\n<p>&nbsp;<\/p>\n<p><strong>Carte bleue, MasterCard et Visa sont accept\u00e9es.<\/strong><\/p>\n"}]},{"titre":"Commande imm\u00e9diate \u00e0 paiement diff\u00e9r\u00e9","blocs":[{"acf_fc_layout":"bloc_de_texte","texte":"<p>Il vous est aussi possible de r\u00e9gler votre commande par l\u2019interm\u00e9diaire d\u2019un paiement diff\u00e9r\u00e9. Ce mode de paiement est valid\u00e9 pr\u00e9alablement par l\u2019\u00e9quipe Jeremias.<br \/>\nSon fonctionnement reste totalement s\u00e9curis\u00e9, d\u00e8s que vous saisissez cette option, votre commande est enregistr\u00e9e puis pr\u00e9par\u00e9e.<\/p>\n"}]}],"utiliser_layout_presta":true,"produits_suggeres":[]},"yoast_head":"<!-- This site is optimized with the Yoast SEO plugin v19.2 - https:\/\/yoast.com\/wordpress\/plugins\/seo\/ -->\n<title>Paiement s\u00e9curis\u00e9 - Jeremias<\/title>\n<meta name=\"robots\" content=\"index, follow, max-snippet:-1, max-image-preview:large, max-video-preview:-1\" \/>\n<link rel=\"canonical\" href=\"https:\/\/jeremias.fr\/fabricant-conduit-tubage\/paiement-securise\/\" \/>\n<meta property=\"og:locale\" content=\"fr_FR\" \/>\n<meta property=\"og:type\" content=\"article\" \/>\n<meta property=\"og:title\" content=\"Paiement s\u00e9curis\u00e9 - Jeremias\" \/>\n<meta property=\"og:url\" content=\"https:\/\/jeremias.fr\/fabricant-conduit-tubage\/paiement-securise\/\" \/>\n<meta property=\"og:site_name\" content=\"Jeremias\" \/>\n<meta property=\"article:modified_time\" content=\"2020-09-14T13:51:41+00:00\" \/>\n<meta name=\"author\" content=\"Charline\" \/>\n<meta name=\"twitter:card\" content=\"summary_large_image\" \/>\n<script type=\"application\/ld+json\" class=\"yoast-schema-graph\">{\"@context\":\"https:\/\/schema.org\",\"@graph\":[{\"@type\":\"WebSite\",\"@id\":\"https:\/\/jeremias.fr\/fabricant-conduit-tubage\/#website\",\"url\":\"https:\/\/jeremias.fr\/fabricant-conduit-tubage\/\",\"name\":\"Jeremias\",\"description\":\"Conduits de fum\u00e9e\",\"potentialAction\":[{\"@type\":\"SearchAction\",\"target\":{\"@type\":\"EntryPoint\",\"urlTemplate\":\"https:\/\/jeremias.fr\/fabricant-conduit-tubage\/?s={search_term_string}\"},\"query-input\":\"required name=search_term_string\"}],\"inLanguage\":\"fr-FR\"},{\"@type\":\"WebPage\",\"@id\":\"https:\/\/jeremias.fr\/fabricant-conduit-tubage\/paiement-securise\/#webpage\",\"url\":\"https:\/\/jeremias.fr\/fabricant-conduit-tubage\/paiement-securise\/\",\"name\":\"Paiement s\u00e9curis\u00e9 - Jeremias\",\"isPartOf\":{\"@id\":\"https:\/\/jeremias.fr\/fabricant-conduit-tubage\/#website\"},\"datePublished\":\"2020-09-11T08:36:40+00:00\",\"dateModified\":\"2020-09-14T13:51:41+00:00\",\"breadcrumb\":{\"@id\":\"https:\/\/jeremias.fr\/fabricant-conduit-tubage\/paiement-securise\/#breadcrumb\"},\"inLanguage\":\"fr-FR\",\"potentialAction\":[{\"@type\":\"ReadAction\",\"target\":[\"https:\/\/jeremias.fr\/fabricant-conduit-tubage\/paiement-securise\/\"]}]},{\"@type\":\"BreadcrumbList\",\"@id\":\"https:\/\/jeremias.fr\/fabricant-conduit-tubage\/paiement-securise\/#breadcrumb\",\"itemListElement\":[{\"@type\":\"ListItem\",\"position\":1,\"name\":\"Home\",\"item\":\"https:\/\/jeremias.fr\/fabricant-conduit-tubage\/\"},{\"@type\":\"ListItem\",\"position\":2,\"name\":\"Paiement s\u00e9curis\u00e9\"}]}]}<\/script>\n<!-- \/ Yoast SEO plugin. -->","yoast_head_json":{"title":"Paiement s\u00e9curis\u00e9 - Jeremias","robots":{"index":"index","follow":"follow","max-snippet":"max-snippet:-1","max-image-preview":"max-image-preview:large","max-video-preview":"max-video-preview:-1"},"canonical":"https:\/\/jeremias.fr\/fabricant-conduit-tubage\/paiement-securise\/","og_locale":"fr_FR","og_type":"article","og_title":"Paiement s\u00e9curis\u00e9 - Jeremias","og_url":"https:\/\/jeremias.fr\/fabricant-conduit-tubage\/paiement-securise\/","og_site_name":"Jeremias","article_modified_time":"2020-09-14T13:51:41+00:00","author":"Charline","twitter_card":"summary_large_image","schema":{"@context":"https:\/\/schema.org","@graph":[{"@type":"WebSite","@id":"https:\/\/jeremias.fr\/fabricant-conduit-tubage\/#website","url":"https:\/\/jeremias.fr\/fabricant-conduit-tubage\/","name":"Jeremias","description":"Conduits de fum\u00e9e","potentialAction":[{"@type":"SearchAction","target":{"@type":"EntryPoint","urlTemplate":"https:\/\/jeremias.fr\/fabricant-conduit-tubage\/?s={search_term_string}"},"query-input":"required name=search_term_string"}],"inLanguage":"fr-FR"},{"@type":"WebPage","@id":"https:\/\/jeremias.fr\/fabricant-conduit-tubage\/paiement-securise\/#webpage","url":"https:\/\/jeremias.fr\/fabricant-conduit-tubage\/paiement-securise\/","name":"Paiement s\u00e9curis\u00e9 - Jeremias","isPartOf":{"@id":"https:\/\/jeremias.fr\/fabricant-conduit-tubage\/#website"},"datePublished":"2020-09-11T08:36:40+00:00","dateModified":"2020-09-14T13:51:41+00:00","breadcrumb":{"@id":"https:\/\/jeremias.fr\/fabricant-conduit-tubage\/paiement-securise\/#breadcrumb"},"inLanguage":"fr-FR","potentialAction":[{"@type":"ReadAction","target":["https:\/\/jeremias.fr\/fabricant-conduit-tubage\/paiement-securise\/"]}]},{"@type":"BreadcrumbList","@id":"https:\/\/jeremias.fr\/fabricant-conduit-tubage\/paiement-securise\/#breadcrumb","itemListElement":[{"@type":"ListItem","position":1,"name":"Home","item":"https:\/\/jeremias.fr\/fabricant-conduit-tubage\/"},{"@type":"ListItem","position":2,"name":"Paiement s\u00e9curis\u00e9"}]}]}},"_links":{"self":[{"href":"https:\/\/jeremias.fr\/fabricant-conduit-tubage\/wp-json\/wp\/v2\/pages\/1327"}],"collection":[{"href":"https:\/\/jeremias.fr\/fabricant-conduit-tubage\/wp-json\/wp\/v2\/pages"}],"about":[{"href":"https:\/\/jeremias.fr\/fabricant-conduit-tubage\/wp-json\/wp\/v2\/types\/page"}],"author":[{"embeddable":true,"href":"https:\/\/jeremias.fr\/fabricant-conduit-tubage\/wp-json\/wp\/v2\/users\/3"}],"replies":[{"embeddable":true,"href":"https:\/\/jeremias.fr\/fabricant-conduit-tubage\/wp-json\/wp\/v2\/comments?post=1327"}],"version-history":[{"count":0,"href":"https:\/\/jeremias.fr\/fabricant-conduit-tubage\/wp-json\/wp\/v2\/pages\/1327\/revisions"}],"wp:attachment":[{"href":"https:\/\/jeremias.fr\/fabricant-conduit-tubage\/wp-json\/wp\/v2\/media?parent=1327"}],"curies":[{"name":"wp","href":"https:\/\/api.w.org\/{rel}","templated":true}]}}